{"id":4309,"date":"2018-03-09T23:22:44","date_gmt":"2018-03-09T15:22:44","guid":{"rendered":"https:\/\/walesph.com\/?page_id=4309"},"modified":"2023-02-14T13:08:05","modified_gmt":"2023-02-14T05:08:05","slug":"contact","status":"publish","type":"page","link":"https:\/\/walesph.com\/vi\/community\/contact\/","title":{"rendered":"Li\u00ean h\u1ec7 v\u1edbi ch\u00fang t\u00f4i"},"content":{"rendered":"\r\n<p class=\"fst\">Tho\u1ea3i m\u00e1i li\u00ean h\u1ec7 v\u1edbi ch\u00fang t\u00f4i n\u1ebfu b\u1ea1n th\u1eafc m\u1eafc v\u1ec1 Philippines v\u00e0 Baguio, ch\u01b0\u01a1ng tr\u00ecnh gi\u00e1o d\u1ee5c v\u00e0 nh\u1eefng kh\u00f3a h\u1ecdc ti\u1ebfng anh kh\u00e1c nhau, cu\u1ed9c s\u1ed1ng \u1edf tr\u01b0\u1eddng, chi ti\u00eau, vv.<\/p> \r\n\r\n\n<div class=\"wpcf7 no-js\" id=\"wpcf7-f4408-o1\" lang=\"en-US\" dir=\"ltr\" data-wpcf7-id=\"4408\">\n<div class=\"screen-reader-response\"><p role=\"status\" aria-live=\"polite\" aria-atomic=\"true\"><\/p> <ul><\/ul><\/div>\n<form action=\"\/vi\/wp-json\/wp\/v2\/pages\/4309#wpcf7-f4408-o1\" method=\"post\" class=\"wpcf7-form init\" aria-label=\"Contact form\" novalidate=\"novalidate\" data-status=\"init\">\n<div style=\"display: none;\">\n<input type=\"hidden\" name=\"_wpcf7\" value=\"4408\" \/>\n<input type=\"hidden\" name=\"_wpcf7_version\" value=\"6.0.5\" \/>\n<input type=\"hidden\" name=\"_wpcf7_locale\" value=\"en_US\" \/>\n<input type=\"hidden\" name=\"_wpcf7_unit_tag\" value=\"wpcf7-f4408-o1\" \/>\n<input type=\"hidden\" name=\"_wpcf7_container_post\" value=\"0\" \/>\n<input type=\"hidden\" name=\"_wpcf7_posted_data_hash\" value=\"\" \/>\n<input type=\"hidden\" name=\"_wpcf7_recaptcha_response\" value=\"\" \/>\n<\/div>\n<div id=\"mailform\">\n\t<p class=\"sred\">\u203bB\u1eaft bu\u1ed9c \u0111i\u1ec1n.\n\t<\/p>\n\t<table>\n\t\t<tbody>\n\t\t\t<tr>\n\t\t\t\t<th>\n\t\t\t\t\t<p>H\u1ecd & t\u00ean<span class=\"sred\">\u203b<\/span>\n\t\t\t\t\t<\/p>\n\t\t\t\t<\/th>\n\t\t\t\t<td>\n\t\t\t\t\t<p><span class=\"wpcf7-form-control-wrap\" data-name=\"your-name\"><input size=\"40\" maxlength=\"400\" class=\"wpcf7-form-control wpcf7-text wpcf7-validates-as-required\" aria-required=\"true\" aria-invalid=\"false\" value=\"\" type=\"text\" name=\"your-name\" \/><\/span>\n\t\t\t\t\t<\/p>\n\t\t\t\t<\/td>\n\t\t\t<\/tr>\n\t\t\t<tr>\n\t\t\t\t<th>\n\t\t\t\t\t<p>Email<span class=\"sred\">\u203b<\/span>\n\t\t\t\t\t<\/p>\n\t\t\t\t<\/th>\n\t\t\t\t<td>\n\t\t\t\t\t<p><span class=\"wpcf7-form-control-wrap\" data-name=\"your-email\"><input size=\"40\" maxlength=\"400\" class=\"wpcf7-form-control wpcf7-email wpcf7-validates-as-required wpcf7-text wpcf7-validates-as-email\" aria-required=\"true\" aria-invalid=\"false\" value=\"\" type=\"email\" name=\"your-email\" \/><\/span>\n\t\t\t\t\t<\/p>\n\t\t\t\t<\/td>\n\t\t\t<\/tr>\n\t\t\t<tr>\n\t\t\t\t<th>\n\t\t\t\t\t<p>Ch\u1ee7 \u0111\u1ec1\n\t\t\t\t\t<\/p>\n\t\t\t\t<\/th>\n\t\t\t\t<td>\n\t\t\t\t\t<p><span class=\"wpcf7-form-control-wrap\" data-name=\"your-subject\"><input size=\"40\" maxlength=\"400\" class=\"wpcf7-form-control wpcf7-text\" aria-invalid=\"false\" value=\"\" type=\"text\" name=\"your-subject\" \/><\/span>\n\t\t\t\t\t<\/p>\n\t\t\t\t<\/td>\n\t\t\t<\/tr>\n\t\t\t<tr>\n\t\t\t\t<th>\n\t\t\t\t\t<p>Tin nh\u1eafn\n\t\t\t\t\t<\/p>\n\t\t\t\t<\/th>\n\t\t\t\t<td>\n\t\t\t\t\t<p><span class=\"wpcf7-form-control-wrap\" data-name=\"your-message\"><textarea cols=\"40\" rows=\"10\" maxlength=\"2000\" class=\"wpcf7-form-control wpcf7-textarea\" aria-invalid=\"false\" name=\"your-message\"><\/textarea><\/span>\n\t\t\t\t\t<\/p>\n\t\t\t\t<\/td>\n\t\t\t<\/tr>\n\t\t<\/tbody>\n\t<\/table>\n\t<p class=\"send\"><input class=\"wpcf7-form-control wpcf7-submit has-spinner\" type=\"submit\" value=\"G\u1eedi \u0111i\" \/>\n\t<\/p>\n<\/div><div class=\"wpcf7-response-output\" aria-hidden=\"true\"><\/div>\n<\/form>\n<\/div>\n\r\n\r\n<div id=\"otcontact\">\r\n  <h3>Th\u00f4ng tin li\u00ean h\u1ec7 kh\u00e1c<\/h3>\r\n  <ul class=\"cf\">\r\n    <li>ENGLISH\r\n      <ul>\r\n        <li><i class=\"fas fa-phone fa-fw\"><\/i><a href=\"tel:+639778239572\">+639778239572<\/a><\/li>\r\n        <li><i class=\"fas fa-envelope fa-fw\"><\/I>admin@walesph.com<\/li>\r\n        <li><a href=\"skype:walesph?chat\"><i class=\"fab fa-skype fa-fw\"><\/i>walesph<\/a><\/li>\r\n        <li><a href=\"https:\/\/line.me\/ti\/p\/walesph\"><i class=\"fab fa-line fa-fw\"><\/I>walesph<\/a><\/li>\r\n        <li><i class=\"fab fa-weixin fa-fw\"><\/i>walesjustin<\/li>\r\n        <li><img loading=\"lazy\" decoding=\"async\" width=\"48\" height=\"45\" src=\"https:\/\/walesph.com\/wp-content\/uploads\/2018\/06\/kakao.png\" alt=\"\" wp-image-4651\" \/>walesph<\/li>\r\n      <\/ul>\r\n    <\/li>\r\n    <li>KOREAN\r\n      <ul>\r\n        <li><i class=\"fas fa-phone fa-fw\"><\/i><a href=\"tel:+639778239572\">+639778239572<\/a><\/li>\r\n        <li><i class=\"fas fa-envelope fa-fw\"><\/i>admin@walesph.com<\/li>\r\n        <li><a href=\"skype:walesph?chat\"><i class=\"fab fa-skype fa-fw\"><\/i>walesph<\/a><\/li>\r\n        <li><a href=\"https:\/\/line.me\/ti\/p\/walesph\"><i class=\"fab fa-line fa-fw\"><\/I>walesph<\/a><\/li>\r\n        <li><img loading=\"lazy\" decoding=\"async\" width=\"48\" height=\"45\" src=\"https:\/\/walesph.com\/wp-content\/uploads\/2018\/06\/kakao.png\" alt=\"\" wp-image-4651\" \/>walesph<\/li>\r\n      <\/ul>\r\n    <\/li>\r\n  <li>JAPANESE\r\n      <ul>\r\n        <li><i class=\"fas fa-phone fa-fw\"><\/i><a href=\"tel:+ 639778239572\">+ 639778239572 <\/a><\/li>\r\n        <li><i class=\"fas fa-envelope fa-fw\"><\/I>admin@walesph.com<\/li>\r\n        <li><a href=\"skype:walesph?chat\"><i class=\"fab fa-skype fa-fw\"><\/i>walesph<\/a><\/li>\r\n        <li><a href=\"https:\/\/line.me\/ti\/p\/walesph\"><i class=\"fab fa-line fa-fw\"><\/I>walesph<\/a><\/li>\r\n      <\/ul>\r\n    <\/li>\r\n  <li>CHINESE\r\n      <ul>\r\n        <li><i class=\"fas fa-phone fa-fw\"><\/i><a href=\"tel:+639778239572\">+639778239572 <\/a><\/li>\r\n        <li><i class=\"fas fa-envelope fa-fw\"><\/I>admin@walesph.com<\/li>\r\n        <li><a href=\"https:\/\/line.me\/ti\/p\/walesph\"><i class=\"fab fa-line fa-fw\"><\/I>walesph<\/a><\/li>\r\n        <li><i class=\"fab fa-weixin fa-fw\"><\/i>nacool-liang<\/li>\r\n      <\/ul>\r\n    <\/li>\r\n  <li>TAIWANESE\r\n      <ul>\r\n        <li><i class=\"fas fa-phone fa-fw\"><\/i><a href=\"tel:+639778239572\">+639778239572 <\/a><\/li>\r\n        <li><i class=\"fas fa-envelope fa-fw\"><\/I>admin@walesph.com<\/li>\r\n        <li><a href=\"https:\/\/line.me\/ti\/p\/walesph\"><i class=\"fab fa-line fa-fw\"><\/I>walesph<\/a><\/li>\r\n      <\/ul>\r\n    <\/li>\r\n  <li>VIETNAMESE\r\n      <ul>\r\n        <li><i class=\"fas fa-phone fa-fw\"><\/i><a href=\"tel:+639778239572\">+639778239572 <\/a><\/li>\r\n        <li><i class=\"fas fa-envelope fa-fw\"><\/I>admin@walesph.com<\/li>\r\n        <li><i class=\"fab fa-skype fa-fw\"><\/i>+639778239572 <\/li>\r\n        <li><a href=\"https:\/\/line.me\/ti\/p\/walesph\"><i class=\"fab fa-line fa-fw\"><\/I>walesph<\/a><\/li>\r\n      <\/ul>\r\n    <\/li>\r\n  <\/ul>\r\n<\/div>\r\n","protected":false},"excerpt":{"rendered":"<p>Tho\u1ea3i m\u00e1i li\u00ean h\u1ec7 v\u1edbi ch\u00fang t\u00f4i n\u1ebfu b\u1ea1n th\u1eafc m\u1eafc v\u1ec1 Philippines v\u00e0 Baguio, ch\u01b0\u01a1ng tr\u00ecnh gi\u00e1o d\u1ee5c v\u00e0 nh\u1eefng kh\u00f3a h\u1ecdc ti\u1ebfng anh kh\u00e1c nhau, cu\u1ed9c s\u1ed1ng \u1edf tr\u01b0\u1eddng, chi ti\u00eau, vv. Th\u00f4ng tin li\u00ean h\u1ec7 kh\u00e1c ENGLISH +639778239572 admin@walesph.com walesph walesph walesjustin walesph JAPANESE + 639778239572 admin@walesph.com walesph walesph CHINESE +639778239572 admin@walesph.com walesph nacool-liang TAIWANESE +639778239572 admin@walesph.com walesph VIETNAMESE +639778239572 admin@walesph.com +639778239572 walesph<\/p>\n","protected":false},"author":1,"featured_media":0,"parent":4305,"menu_order":2,"comment_status":"closed","ping_status":"closed","template":"","meta":{"_mc_calendar":[],"_vp_format_video_url":"","_vp_image_focal_point":[],"footnotes":""},"class_list":["post-4309","page","type-page","status-publish","hentry"],"yoast_head":"<!-- This site is optimized with the Yoast SEO plugin v24.8.1 - https:\/\/yoast.com\/wordpress\/plugins\/seo\/ -->\n<title>Li\u00ean h\u1ec7 v\u1edbi ch\u00fang t\u00f4i | Tr\u01b0\u1eddng anh ng\u1eef WALES \u1edf Baguio, Philippines<\/title>\n<meta name=\"description\" content=\"Tho\u1ea3i m\u00e1i li\u00ean h\u1ec7 v\u1edbi ch\u00fang t\u00f4i n\u1ebfu b\u1ea1n th\u1eafc m\u1eafc v\u1ec1 Philippines v\u00e0 Baguio, ch\u01b0\u01a1ng tr\u00ecnh gi\u00e1o d\u1ee5c v\u00e0 nh\u1eefng kh\u00f3a h\u1ecdc ti\u1ebfng anh kh\u00e1c nhau, cu\u1ed9c s\u1ed1ng \u1edf tr\u01b0\u1eddng, chi ti\u00eau, vv.\" \/>\n<meta name=\"robots\" content=\"index, follow, max-snippet:-1, max-image-preview:large, max-video-preview:-1\" \/>\n<link rel=\"canonical\" href=\"https:\/\/walesph.com\/vi\/community\/contact\/\" \/>\n<meta property=\"og:locale\" content=\"vi_VN\" \/>\n<meta property=\"og:type\" content=\"article\" \/>\n<meta property=\"og:title\" content=\"Li\u00ean h\u1ec7 v\u1edbi ch\u00fang t\u00f4i | Tr\u01b0\u1eddng anh ng\u1eef WALES \u1edf Baguio, Philippines\" \/>\n<meta property=\"og:description\" content=\"Tho\u1ea3i m\u00e1i li\u00ean h\u1ec7 v\u1edbi ch\u00fang t\u00f4i n\u1ebfu b\u1ea1n th\u1eafc m\u1eafc v\u1ec1 Philippines v\u00e0 Baguio, ch\u01b0\u01a1ng tr\u00ecnh gi\u00e1o d\u1ee5c v\u00e0 nh\u1eefng kh\u00f3a h\u1ecdc ti\u1ebfng anh kh\u00e1c nhau, cu\u1ed9c s\u1ed1ng \u1edf tr\u01b0\u1eddng, chi ti\u00eau, vv.\" \/>\n<meta property=\"og:url\" content=\"https:\/\/walesph.com\/vi\/community\/contact\/\" \/>\n<meta property=\"og:site_name\" content=\"WALES Academy - English Study in Baguio, Philippines\" \/>\n<meta property=\"article:modified_time\" content=\"2023-02-14T05:08:05+00:00\" \/>\n<meta property=\"og:image\" content=\"https:\/\/walesph.com\/wp-content\/uploads\/2018\/06\/kakao.png\" \/>\n<meta name=\"twitter:card\" content=\"summary_large_image\" \/>\n<script type=\"application\/ld+json\" class=\"yoast-schema-graph\">{\"@context\":\"https:\/\/schema.org\",\"@graph\":[{\"@type\":\"WebPage\",\"@id\":\"https:\/\/walesph.com\/vi\/community\/contact\/\",\"url\":\"https:\/\/walesph.com\/vi\/community\/contact\/\",\"name\":\"Li\u00ean h\u1ec7 v\u1edbi ch\u00fang t\u00f4i | Tr\u01b0\u1eddng anh ng\u1eef WALES \u1edf Baguio, Philippines\",\"isPartOf\":{\"@id\":\"https:\/\/walesph.com\/vi\/#website\"},\"primaryImageOfPage\":{\"@id\":\"https:\/\/walesph.com\/vi\/community\/contact\/#primaryimage\"},\"image\":{\"@id\":\"https:\/\/walesph.com\/vi\/community\/contact\/#primaryimage\"},\"thumbnailUrl\":\"https:\/\/walesph.com\/wp-content\/uploads\/2018\/06\/kakao.png\",\"datePublished\":\"2018-03-09T15:22:44+00:00\",\"dateModified\":\"2023-02-14T05:08:05+00:00\",\"description\":\"Tho\u1ea3i m\u00e1i li\u00ean h\u1ec7 v\u1edbi ch\u00fang t\u00f4i n\u1ebfu b\u1ea1n th\u1eafc m\u1eafc v\u1ec1 Philippines v\u00e0 Baguio, ch\u01b0\u01a1ng tr\u00ecnh gi\u00e1o d\u1ee5c v\u00e0 nh\u1eefng kh\u00f3a h\u1ecdc ti\u1ebfng anh kh\u00e1c nhau, cu\u1ed9c s\u1ed1ng \u1edf tr\u01b0\u1eddng, chi ti\u00eau, vv.\",\"breadcrumb\":{\"@id\":\"https:\/\/walesph.com\/vi\/community\/contact\/#breadcrumb\"},\"inLanguage\":\"vi-VN\",\"potentialAction\":[{\"@type\":\"ReadAction\",\"target\":[\"https:\/\/walesph.com\/vi\/community\/contact\/\"]}]},{\"@type\":\"ImageObject\",\"inLanguage\":\"vi-VN\",\"@id\":\"https:\/\/walesph.com\/vi\/community\/contact\/#primaryimage\",\"url\":\"https:\/\/walesph.com\/wp-content\/uploads\/2018\/06\/kakao.png\",\"contentUrl\":\"https:\/\/walesph.com\/wp-content\/uploads\/2018\/06\/kakao.png\"},{\"@type\":\"BreadcrumbList\",\"@id\":\"https:\/\/walesph.com\/vi\/community\/contact\/#breadcrumb\",\"itemListElement\":[{\"@type\":\"ListItem\",\"position\":1,\"name\":\"Home\",\"item\":\"https:\/\/walesph.com\/vi\/\"},{\"@type\":\"ListItem\",\"position\":2,\"name\":\"C\u1ed8NG \u0110\u1ed2NG\",\"item\":\"https:\/\/walesph.com\/vi\/community\/\"},{\"@type\":\"ListItem\",\"position\":3,\"name\":\"Li\u00ean h\u1ec7 v\u1edbi ch\u00fang t\u00f4i\"}]},{\"@type\":\"WebSite\",\"@id\":\"https:\/\/walesph.com\/vi\/#website\",\"url\":\"https:\/\/walesph.com\/vi\/\",\"name\":\"WALES Academy - English Study in Baguio, Philippines\",\"description\":\"Study ESL, IELTS, TOEIC, TOEFL | Best choice to improve your English skill | located in Baguio City, Philippines\",\"publisher\":{\"@id\":\"https:\/\/walesph.com\/vi\/#organization\"},\"potentialAction\":[{\"@type\":\"SearchAction\",\"target\":{\"@type\":\"EntryPoint\",\"urlTemplate\":\"https:\/\/walesph.com\/vi\/?s={search_term_string}\"},\"query-input\":{\"@type\":\"PropertyValueSpecification\",\"valueRequired\":true,\"valueName\":\"search_term_string\"}}],\"inLanguage\":\"vi-VN\"},{\"@type\":\"Organization\",\"@id\":\"https:\/\/walesph.com\/vi\/#organization\",\"name\":\"WALES (Widest Asian Learners English School Inc.)\",\"url\":\"https:\/\/walesph.com\/vi\/\",\"logo\":{\"@type\":\"ImageObject\",\"inLanguage\":\"vi-VN\",\"@id\":\"https:\/\/walesph.com\/vi\/#\/schema\/logo\/image\/\",\"url\":\"https:\/\/walesph.com\/wp-content\/uploads\/2018\/06\/logo.png\",\"contentUrl\":\"https:\/\/walesph.com\/wp-content\/uploads\/2018\/06\/logo.png\",\"width\":673,\"height\":670,\"caption\":\"WALES (Widest Asian Learners English School Inc.)\"},\"image\":{\"@id\":\"https:\/\/walesph.com\/vi\/#\/schema\/logo\/image\/\"},\"sameAs\":[\"https:\/\/www.youtube.com\/channel\/UCIfHXHa0sKYDBZKnGPKqmxg\"]}]}<\/script>\n<!-- \/ Yoast SEO plugin. -->","yoast_head_json":{"title":"Li\u00ean h\u1ec7 v\u1edbi ch\u00fang t\u00f4i | Tr\u01b0\u1eddng anh ng\u1eef WALES \u1edf Baguio, Philippines","description":"Tho\u1ea3i m\u00e1i li\u00ean h\u1ec7 v\u1edbi ch\u00fang t\u00f4i n\u1ebfu b\u1ea1n th\u1eafc m\u1eafc v\u1ec1 Philippines v\u00e0 Baguio, ch\u01b0\u01a1ng tr\u00ecnh gi\u00e1o d\u1ee5c v\u00e0 nh\u1eefng kh\u00f3a h\u1ecdc ti\u1ebfng anh kh\u00e1c nhau, cu\u1ed9c s\u1ed1ng \u1edf tr\u01b0\u1eddng, chi ti\u00eau, vv.","robots":{"index":"index","follow":"follow","max-snippet":"max-snippet:-1","max-image-preview":"max-image-preview:large","max-video-preview":"max-video-preview:-1"},"canonical":"https:\/\/walesph.com\/vi\/community\/contact\/","og_locale":"vi_VN","og_type":"article","og_title":"Li\u00ean h\u1ec7 v\u1edbi ch\u00fang t\u00f4i | Tr\u01b0\u1eddng anh ng\u1eef WALES \u1edf Baguio, Philippines","og_description":"Tho\u1ea3i m\u00e1i li\u00ean h\u1ec7 v\u1edbi ch\u00fang t\u00f4i n\u1ebfu b\u1ea1n th\u1eafc m\u1eafc v\u1ec1 Philippines v\u00e0 Baguio, ch\u01b0\u01a1ng tr\u00ecnh gi\u00e1o d\u1ee5c v\u00e0 nh\u1eefng kh\u00f3a h\u1ecdc ti\u1ebfng anh kh\u00e1c nhau, cu\u1ed9c s\u1ed1ng \u1edf tr\u01b0\u1eddng, chi ti\u00eau, vv.","og_url":"https:\/\/walesph.com\/vi\/community\/contact\/","og_site_name":"WALES Academy - English Study in Baguio, Philippines","article_modified_time":"2023-02-14T05:08:05+00:00","og_image":[{"url":"https:\/\/walesph.com\/wp-content\/uploads\/2018\/06\/kakao.png","type":"","width":"","height":""}],"twitter_card":"summary_large_image","schema":{"@context":"https:\/\/schema.org","@graph":[{"@type":"WebPage","@id":"https:\/\/walesph.com\/vi\/community\/contact\/","url":"https:\/\/walesph.com\/vi\/community\/contact\/","name":"Li\u00ean h\u1ec7 v\u1edbi ch\u00fang t\u00f4i | Tr\u01b0\u1eddng anh ng\u1eef WALES \u1edf Baguio, Philippines","isPartOf":{"@id":"https:\/\/walesph.com\/vi\/#website"},"primaryImageOfPage":{"@id":"https:\/\/walesph.com\/vi\/community\/contact\/#primaryimage"},"image":{"@id":"https:\/\/walesph.com\/vi\/community\/contact\/#primaryimage"},"thumbnailUrl":"https:\/\/walesph.com\/wp-content\/uploads\/2018\/06\/kakao.png","datePublished":"2018-03-09T15:22:44+00:00","dateModified":"2023-02-14T05:08:05+00:00","description":"Tho\u1ea3i m\u00e1i li\u00ean h\u1ec7 v\u1edbi ch\u00fang t\u00f4i n\u1ebfu b\u1ea1n th\u1eafc m\u1eafc v\u1ec1 Philippines v\u00e0 Baguio, ch\u01b0\u01a1ng tr\u00ecnh gi\u00e1o d\u1ee5c v\u00e0 nh\u1eefng kh\u00f3a h\u1ecdc ti\u1ebfng anh kh\u00e1c nhau, cu\u1ed9c s\u1ed1ng \u1edf tr\u01b0\u1eddng, chi ti\u00eau, vv.","breadcrumb":{"@id":"https:\/\/walesph.com\/vi\/community\/contact\/#breadcrumb"},"inLanguage":"vi-VN","potentialAction":[{"@type":"ReadAction","target":["https:\/\/walesph.com\/vi\/community\/contact\/"]}]},{"@type":"ImageObject","inLanguage":"vi-VN","@id":"https:\/\/walesph.com\/vi\/community\/contact\/#primaryimage","url":"https:\/\/walesph.com\/wp-content\/uploads\/2018\/06\/kakao.png","contentUrl":"https:\/\/walesph.com\/wp-content\/uploads\/2018\/06\/kakao.png"},{"@type":"BreadcrumbList","@id":"https:\/\/walesph.com\/vi\/community\/contact\/#breadcrumb","itemListElement":[{"@type":"ListItem","position":1,"name":"Home","item":"https:\/\/walesph.com\/vi\/"},{"@type":"ListItem","position":2,"name":"C\u1ed8NG \u0110\u1ed2NG","item":"https:\/\/walesph.com\/vi\/community\/"},{"@type":"ListItem","position":3,"name":"Li\u00ean h\u1ec7 v\u1edbi ch\u00fang t\u00f4i"}]},{"@type":"WebSite","@id":"https:\/\/walesph.com\/vi\/#website","url":"https:\/\/walesph.com\/vi\/","name":"WALES Academy - English Study in Baguio, Philippines","description":"Study ESL, IELTS, TOEIC, TOEFL | Best choice to improve your English skill | located in Baguio City, Philippines","publisher":{"@id":"https:\/\/walesph.com\/vi\/#organization"},"potentialAction":[{"@type":"SearchAction","target":{"@type":"EntryPoint","urlTemplate":"https:\/\/walesph.com\/vi\/?s={search_term_string}"},"query-input":{"@type":"PropertyValueSpecification","valueRequired":true,"valueName":"search_term_string"}}],"inLanguage":"vi-VN"},{"@type":"Organization","@id":"https:\/\/walesph.com\/vi\/#organization","name":"WALES (Widest Asian Learners English School Inc.)","url":"https:\/\/walesph.com\/vi\/","logo":{"@type":"ImageObject","inLanguage":"vi-VN","@id":"https:\/\/walesph.com\/vi\/#\/schema\/logo\/image\/","url":"https:\/\/walesph.com\/wp-content\/uploads\/2018\/06\/logo.png","contentUrl":"https:\/\/walesph.com\/wp-content\/uploads\/2018\/06\/logo.png","width":673,"height":670,"caption":"WALES (Widest Asian Learners English School Inc.)"},"image":{"@id":"https:\/\/walesph.com\/vi\/#\/schema\/logo\/image\/"},"sameAs":["https:\/\/www.youtube.com\/channel\/UCIfHXHa0sKYDBZKnGPKqmxg"]}]}},"_links":{"self":[{"href":"https:\/\/walesph.com\/vi\/wp-json\/wp\/v2\/pages\/4309","targetHints":{"allow":["GET"]}}],"collection":[{"href":"https:\/\/walesph.com\/vi\/wp-json\/wp\/v2\/pages"}],"about":[{"href":"https:\/\/walesph.com\/vi\/wp-json\/wp\/v2\/types\/page"}],"author":[{"embeddable":true,"href":"https:\/\/walesph.com\/vi\/wp-json\/wp\/v2\/users\/1"}],"replies":[{"embeddable":true,"href":"https:\/\/walesph.com\/vi\/wp-json\/wp\/v2\/comments?post=4309"}],"version-history":[{"count":5,"href":"https:\/\/walesph.com\/vi\/wp-json\/wp\/v2\/pages\/4309\/revisions"}],"predecessor-version":[{"id":10484,"href":"https:\/\/walesph.com\/vi\/wp-json\/wp\/v2\/pages\/4309\/revisions\/10484"}],"up":[{"embeddable":true,"href":"https:\/\/walesph.com\/vi\/wp-json\/wp\/v2\/pages\/4305"}],"wp:attachment":[{"href":"https:\/\/walesph.com\/vi\/wp-json\/wp\/v2\/media?parent=4309"}],"curies":[{"name":"wp","href":"https:\/\/api.w.org\/{rel}","templated":true}]}}