{"id":4303,"date":"2018-03-09T23:41:22","date_gmt":"2018-03-09T15:41:22","guid":{"rendered":"https:\/\/walesph.com\/?page_id=4303"},"modified":"2019-03-30T20:07:30","modified_gmt":"2019-03-30T12:07:30","slug":"registration-form","status":"publish","type":"page","link":"https:\/\/walesph.com\/vi\/admission\/registration-form\/","title":{"rendered":"GI\u1ea4Y \u0110\u0102NG K\u00cd NH\u1eacP H\u1eccC"},"content":{"rendered":"\r\n\n<div class=\"wpcf7 no-js\" id=\"wpcf7-f4411-o1\" lang=\"en-US\" dir=\"ltr\" data-wpcf7-id=\"4411\">\n<div class=\"screen-reader-response\"><p role=\"status\" aria-live=\"polite\" aria-atomic=\"true\"><\/p> <ul><\/ul><\/div>\n<form action=\"\/vi\/wp-json\/wp\/v2\/pages\/4303#wpcf7-f4411-o1\" method=\"post\" class=\"wpcf7-form init\" aria-label=\"Contact form\" novalidate=\"novalidate\" data-status=\"init\">\n<div style=\"display: none;\">\n<input type=\"hidden\" name=\"_wpcf7\" value=\"4411\" \/>\n<input type=\"hidden\" name=\"_wpcf7_version\" value=\"6.0.5\" \/>\n<input type=\"hidden\" name=\"_wpcf7_locale\" value=\"en_US\" \/>\n<input type=\"hidden\" name=\"_wpcf7_unit_tag\" value=\"wpcf7-f4411-o1\" \/>\n<input type=\"hidden\" name=\"_wpcf7_container_post\" value=\"0\" \/>\n<input type=\"hidden\" name=\"_wpcf7_posted_data_hash\" value=\"\" \/>\n<input type=\"hidden\" name=\"_wpcf7_recaptcha_response\" value=\"\" \/>\n<\/div>\n<div id=\"mailform\">\n\t<p class=\"sred\">\u203bB\u1eaft bu\u1ed9c \u0111i\u1ec1n.\n\t<\/p>\n\t<table>\n\t\t<tbody>\n\t\t\t<tr>\n\t\t\t\t<th>\n\t\t\t\t\t<p>H\u1ecd t\u00ean<span class=\"sred\">\u203b<\/span>\n\t\t\t\t\t<\/p>\n\t\t\t\t<\/th>\n\t\t\t\t<td>\n\t\t\t\t\t<p><span class=\"wpcf7-form-control-wrap\" data-name=\"your-name\"><input size=\"40\" maxlength=\"400\" class=\"wpcf7-form-control wpcf7-text wpcf7-validates-as-required\" aria-required=\"true\" aria-invalid=\"false\" value=\"\" type=\"text\" name=\"your-name\" \/><\/span>\n\t\t\t\t\t<\/p>\n\t\t\t\t<\/td>\n\t\t\t<\/tr>\n\t\t\t<tr>\n\t\t\t\t<th>\n\t\t\t\t\t<p>Gi\u1edbi t\u00ednh<span class=\"sred\">\u203b<\/span>\n\t\t\t\t\t<\/p>\n\t\t\t\t<\/th>\n\t\t\t\t<td>\n\t\t\t\t\t<p><span class=\"wpcf7-form-control-wrap\" data-name=\"sex\"><span class=\"wpcf7-form-control wpcf7-radio\"><span class=\"wpcf7-list-item first\"><label><input type=\"radio\" name=\"sex\" value=\"Nam\" checked=\"checked\" \/><span class=\"wpcf7-list-item-label\">Nam<\/span><\/label><\/span><span class=\"wpcf7-list-item last\"><label><input type=\"radio\" name=\"sex\" value=\"n\u1eef\" \/><span class=\"wpcf7-list-item-label\">n\u1eef<\/span><\/label><\/span><\/span><\/span>\n\t\t\t\t\t<\/p>\n\t\t\t\t<\/td>\n\t\t\t<\/tr>\n\t\t\t<tr>\n\t\t\t\t<th>\n\t\t\t\t\t<p>Ng\u00e0y sinh<span class=\"sred\">\u203b<\/span>\n\t\t\t\t\t<\/p>\n\t\t\t\t<\/th>\n\t\t\t\t<td>\n\t\t\t\t\t<p>Th\u00e1ng: <span class=\"wpcf7-form-control-wrap\" data-name=\"bd-month\"><select class=\"wpcf7-form-control wpcf7-select wpcf7-validates-as-required\" aria-required=\"true\" aria-invalid=\"false\" name=\"bd-month\"><option value=\"01\">01<\/option><option value=\"02\">02<\/option><option value=\"03\">03<\/option><option value=\"04\">04<\/option><option value=\"05\">05<\/option><option value=\"06\">06<\/option><option value=\"07\">07<\/option><option value=\"08\">08<\/option><option value=\"09\">09<\/option><option value=\"10\">10<\/option><option value=\"11\">11<\/option><option value=\"12\">12<\/option><\/select><\/span> - Ng\u00e0y: <span class=\"wpcf7-form-control-wrap\" data-name=\"bd-day\"><select class=\"wpcf7-form-control wpcf7-select wpcf7-validates-as-required\" aria-required=\"true\" aria-invalid=\"false\" name=\"bd-day\"><option value=\"01\">01<\/option><option value=\"02\">02<\/option><option value=\"03\">03<\/option><option value=\"04\">04<\/option><option value=\"05\">05<\/option><option value=\"06\">06<\/option><option value=\"07\">07<\/option><option value=\"08\">08<\/option><option value=\"09\">09<\/option><option value=\"10\">10<\/option><option value=\"11\">11<\/option><option value=\"12\">12<\/option><option value=\"13\">13<\/option><option value=\"14\">14<\/option><option value=\"15\">15<\/option><option value=\"16\">16<\/option><option value=\"17\">17<\/option><option value=\"18\">18<\/option><option value=\"19\">19<\/option><option value=\"20\">20<\/option><option value=\"21\">21<\/option><option value=\"22\">22<\/option><option value=\"23\">23<\/option><option value=\"24\">24<\/option><option value=\"25\">25<\/option><option value=\"26\">26<\/option><option value=\"27\">27<\/option><option value=\"28\">28<\/option><option value=\"29\">29<\/option><option value=\"30\">30<\/option><option value=\"31\">31<\/option><\/select><\/span> - N\u0103m: <span class=\"wpcf7-form-control-wrap\" data-name=\"bd-year\"><input size=\"40\" maxlength=\"400\" class=\"wpcf7-form-control wpcf7-text wpcf7-validates-as-required\" id=\"yy\" aria-required=\"true\" aria-invalid=\"false\" value=\"\" type=\"text\" name=\"bd-year\" \/><\/span>\n\t\t\t\t\t<\/p>\n\t\t\t\t<\/td>\n\t\t\t<\/tr>\n\t\t\t<tr>\n\t\t\t\t<th>\n\t\t\t\t\t<p>KH\u00f3a h\u1ecdc<span class=\"sred\">\u203b<\/span>\n\t\t\t\t\t<\/p>\n\t\t\t\t<\/th>\n\t\t\t\t<td>\n\t\t\t\t\t<p><span class=\"wpcf7-form-control-wrap\" data-name=\"program\"><select class=\"wpcf7-form-control wpcf7-select wpcf7-validates-as-required\" aria-required=\"true\" aria-invalid=\"false\" name=\"program\"><option value=\"EEP1\">EEP1<\/option><option value=\"EEP2\">EEP2<\/option><option value=\"ESL\">ESL<\/option><option value=\"ESL Lite A\">ESL Lite A<\/option><option value=\"ESL Lite B\">ESL Lite B<\/option><option value=\"Business\">Business<\/option><option value=\"IELTS\">IELTS<\/option><option value=\"Jr. ESL\">Jr. ESL<\/option><option value=\"Jr. IELTS\">Jr. IELTS<\/option><\/select><\/span>\n\t\t\t\t\t<\/p>\n\t\t\t\t<\/td>\n\t\t\t<\/tr>\n\t\t\t<tr>\n\t\t\t\t<th>\n\t\t\t\t\t<p>Lo\u1ea1i ph\u00f2ng<span class=\"sred\">\u203b<\/span>\n\t\t\t\t\t<\/p>\n\t\t\t\t<\/th>\n\t\t\t\t<td>\n\t\t\t\t\t<p><span class=\"wpcf7-form-control-wrap\" data-name=\"room\"><select class=\"wpcf7-form-control wpcf7-select wpcf7-validates-as-required\" aria-required=\"true\" aria-invalid=\"false\" name=\"room\"><option value=\"Lower Studio Type Single\">Lower Studio Type Single<\/option><option value=\"Upper Studio Type Single\">Upper Studio Type Single<\/option><option value=\"Lower Premium Studio Type Single\">Lower Premium Studio Type Single<\/option><option value=\"Lower Premium Studio Type Twin Share\">Lower Premium Studio Type Twin Share<\/option><option value=\"Upper Premium Studio Type Single\">Upper Premium Studio Type Single<\/option><option value=\"Upper Premium Studio Type Twin Share\">Upper Premium Studio Type Twin Share<\/option><option value=\"Share Type Single with window\">Share Type Single with window<\/option><option value=\"Share Type Single\">Share Type Single<\/option><option value=\"Share Type Twin Share\">Share Type Twin Share<\/option><option value=\"Condo Type Semi-Single\">Condo Type Semi-Single<\/option><\/select><\/span>\n\t\t\t\t\t<\/p>\n\t\t\t\t<\/td>\n\t\t\t<\/tr>\n\t\t\t<tr>\n\t\t\t\t<th>\n\t\t\t\t\t<p>Ng\u00e0y b\u1eaft \u0111\u1ea7u<span class=\"sred\">\u203b<\/span>\n\t\t\t\t\t<\/p>\n\t\t\t\t<\/th>\n\t\t\t\t<td>\n\t\t\t\t\t<p><span class=\"wpcf7-form-control-wrap\" data-name=\"admiday\"><input class=\"wpcf7-form-control wpcf7-date wpcf7-validates-as-required wpcf7-validates-as-date walcf7-datepicker\" aria-required=\"true\" aria-invalid=\"false\" placeholder=\"Ch\u1ecdn ng\u00e0y\" value=\"\" type=\"date\" name=\"admiday\" \/><\/span>\n\t\t\t\t\t<\/p>\n\t\t\t\t<\/td>\n\t\t\t<\/tr>\n\t\t\t<tr>\n\t\t\t\t<th>\n\t\t\t\t\t<p>Kho\u1ea3ng th\u1eddi gian<span class=\"sred\">\u203b<\/span>\n\t\t\t\t\t<\/p>\n\t\t\t\t<\/th>\n\t\t\t\t<td>\n\t\t\t\t\t<p><span class=\"wpcf7-form-control-wrap\" data-name=\"terms\"><input class=\"wpcf7-form-control wpcf7-number wpcf7-validates-as-required wpcf7-validates-as-number\" id=\"week\" min=\"1\" max=\"99\" aria-required=\"true\" aria-invalid=\"false\" value=\"1\" type=\"number\" name=\"terms\" \/><\/span> tu\u1ea7n\n\t\t\t\t\t<\/p>\n\t\t\t\t<\/td>\n\t\t\t<\/tr>\n\t\t\t<tr>\n\t\t\t\t<th>\n\t\t\t\t\t<p>Lo\u1ea1i b\u1eefa \u0103n<span class=\"sred\">\u203b<\/span>\n\t\t\t\t\t<\/p>\n\t\t\t\t<\/th>\n\t\t\t\t<td>\n\t\t\t\t\t<p><span class=\"wpcf7-form-control-wrap\" data-name=\"mealtype\"><span class=\"wpcf7-form-control wpcf7-radio\"><span class=\"wpcf7-list-item first\"><label><input type=\"radio\" name=\"mealtype\" value=\"\u0102n \u1edf tr\u01b0\u1eddng\" checked=\"checked\" \/><span class=\"wpcf7-list-item-label\">\u0102n \u1edf tr\u01b0\u1eddng<\/span><\/label><\/span><span class=\"wpcf7-list-item last\"><label><input type=\"radio\" name=\"mealtype\" value=\"Kh\u00f4ng \u0103nn\" \/><span class=\"wpcf7-list-item-label\">Kh\u00f4ng \u0103nn<\/span><\/label><\/span><\/span><\/span>\n\t\t\t\t\t<\/p>\n\t\t\t\t<\/td>\n\t\t\t<\/tr>\n\t\t\t<tr>\n\t\t\t\t<th>\n\t\t\t\t\t<p>Email<span class=\"sred\">\u203b<\/span>\n\t\t\t\t\t<\/p>\n\t\t\t\t<\/th>\n\t\t\t\t<td>\n\t\t\t\t\t<p><span class=\"wpcf7-form-control-wrap\" data-name=\"your-email\"><input size=\"40\" maxlength=\"400\" class=\"wpcf7-form-control wpcf7-email wpcf7-validates-as-required wpcf7-text wpcf7-validates-as-email\" aria-required=\"true\" aria-invalid=\"false\" value=\"\" type=\"email\" name=\"your-email\" \/><\/span>\n\t\t\t\t\t<\/p>\n\t\t\t\t<\/td>\n\t\t\t<\/tr>\n\t\t\t<tr>\n\t\t\t\t<th>\n\t\t\t\t\t<p>Y\u00eau c\u1ea7u kh\u00e1c\n\t\t\t\t\t<\/p>\n\t\t\t\t<\/th>\n\t\t\t\t<td>\n\t\t\t\t\t<p><span class=\"wpcf7-form-control-wrap\" data-name=\"your-message\"><textarea cols=\"40\" rows=\"10\" maxlength=\"2000\" class=\"wpcf7-form-control wpcf7-textarea\" aria-invalid=\"false\" name=\"your-message\"><\/textarea><\/span>\n\t\t\t\t\t<\/p>\n\t\t\t\t<\/td>\n\t\t\t<\/tr>\n\t\t<\/tbody>\n\t<\/table>\n\t<p class=\"send\"><input class=\"wpcf7-form-control wpcf7-submit has-spinner\" type=\"submit\" value=\"N\u1ed9p \u0111\u01a1n\" \/>\n\t<\/p>\n<\/div><div class=\"wpcf7-response-output\" aria-hidden=\"true\"><\/div>\n<\/form>\n<\/div>\n\r\n","protected":false},"excerpt":{"rendered":"","protected":false},"author":1,"featured_media":0,"parent":4299,"menu_order":2,"comment_status":"closed","ping_status":"closed","template":"","meta":{"_mc_calendar":[],"_vp_format_video_url":"","_vp_image_focal_point":[],"footnotes":""},"class_list":["post-4303","page","type-page","status-publish","hentry"],"yoast_head":"<!-- This site is optimized with the Yoast SEO plugin v24.8.1 - https:\/\/yoast.com\/wordpress\/plugins\/seo\/ -->\n<title>GI\u1ea4Y \u0110\u0102NG K\u00cd NH\u1eacP H\u1eccC | Tr\u01b0\u1eddng anh ng\u1eef WALES \u1edf Baguio, Philippines<\/title>\n<meta name=\"description\" content=\"Xin vui l\u00f2ng \u0111i\u1ec1n \u201cgi\u1ea5y \u0111\u0103ng k\u00ed nh\u1eadp h\u1ecdc\u201d v\u00e0 g\u1eedi \u0111i. Ch\u00fang t\u00f4i s\u1ebd ph\u1ea3n h\u1ed3i b\u1ea1n khi nh\u1eadn \u0111\u01b0\u1ee3c. N\u1ebfu b\u1ea1n c\u00f3 th\u1eafc m\u1eafc g\u00ec xin vui l\u00f2ng li\u00ean h\u1ec7 v\u1edbi ch\u00fang t\u00f4i qua gi\u1ea5y \u0111\u0103ng k\u00ed (Y\u00eau c\u1ea7u kh\u00e1c).\" \/>\n<meta name=\"robots\" content=\"index, follow, max-snippet:-1, max-image-preview:large, max-video-preview:-1\" \/>\n<link rel=\"canonical\" href=\"https:\/\/walesph.com\/vi\/admission\/registration-form\/\" \/>\n<meta property=\"og:locale\" content=\"vi_VN\" \/>\n<meta property=\"og:type\" content=\"article\" \/>\n<meta property=\"og:title\" content=\"GI\u1ea4Y \u0110\u0102NG K\u00cd NH\u1eacP H\u1eccC | Tr\u01b0\u1eddng anh ng\u1eef WALES \u1edf Baguio, Philippines\" \/>\n<meta property=\"og:description\" content=\"Xin vui l\u00f2ng \u0111i\u1ec1n \u201cgi\u1ea5y \u0111\u0103ng k\u00ed nh\u1eadp h\u1ecdc\u201d v\u00e0 g\u1eedi \u0111i. Ch\u00fang t\u00f4i s\u1ebd ph\u1ea3n h\u1ed3i b\u1ea1n khi nh\u1eadn \u0111\u01b0\u1ee3c. N\u1ebfu b\u1ea1n c\u00f3 th\u1eafc m\u1eafc g\u00ec xin vui l\u00f2ng li\u00ean h\u1ec7 v\u1edbi ch\u00fang t\u00f4i qua gi\u1ea5y \u0111\u0103ng k\u00ed (Y\u00eau c\u1ea7u kh\u00e1c).\" \/>\n<meta property=\"og:url\" content=\"https:\/\/walesph.com\/vi\/admission\/registration-form\/\" \/>\n<meta property=\"og:site_name\" content=\"WALES Academy - English Study in Baguio, Philippines\" \/>\n<meta property=\"article:modified_time\" content=\"2019-03-30T12:07:30+00:00\" \/>\n<meta name=\"twitter:card\" content=\"summary_large_image\" \/>\n<script type=\"application\/ld+json\" class=\"yoast-schema-graph\">{\"@context\":\"https:\/\/schema.org\",\"@graph\":[{\"@type\":\"WebPage\",\"@id\":\"https:\/\/walesph.com\/vi\/admission\/registration-form\/\",\"url\":\"https:\/\/walesph.com\/vi\/admission\/registration-form\/\",\"name\":\"GI\u1ea4Y \u0110\u0102NG K\u00cd NH\u1eacP H\u1eccC | Tr\u01b0\u1eddng anh ng\u1eef WALES \u1edf Baguio, Philippines\",\"isPartOf\":{\"@id\":\"https:\/\/walesph.com\/vi\/#website\"},\"datePublished\":\"2018-03-09T15:41:22+00:00\",\"dateModified\":\"2019-03-30T12:07:30+00:00\",\"description\":\"Xin vui l\u00f2ng \u0111i\u1ec1n \u201cgi\u1ea5y \u0111\u0103ng k\u00ed nh\u1eadp h\u1ecdc\u201d v\u00e0 g\u1eedi \u0111i. Ch\u00fang t\u00f4i s\u1ebd ph\u1ea3n h\u1ed3i b\u1ea1n khi nh\u1eadn \u0111\u01b0\u1ee3c. N\u1ebfu b\u1ea1n c\u00f3 th\u1eafc m\u1eafc g\u00ec xin vui l\u00f2ng li\u00ean h\u1ec7 v\u1edbi ch\u00fang t\u00f4i qua gi\u1ea5y \u0111\u0103ng k\u00ed (Y\u00eau c\u1ea7u kh\u00e1c).\",\"breadcrumb\":{\"@id\":\"https:\/\/walesph.com\/vi\/admission\/registration-form\/#breadcrumb\"},\"inLanguage\":\"vi-VN\",\"potentialAction\":[{\"@type\":\"ReadAction\",\"target\":[\"https:\/\/walesph.com\/vi\/admission\/registration-form\/\"]}]},{\"@type\":\"BreadcrumbList\",\"@id\":\"https:\/\/walesph.com\/vi\/admission\/registration-form\/#breadcrumb\",\"itemListElement\":[{\"@type\":\"ListItem\",\"position\":1,\"name\":\"Home\",\"item\":\"https:\/\/walesph.com\/vi\/\"},{\"@type\":\"ListItem\",\"position\":2,\"name\":\"\u0110\u0102NG K\u00cd\",\"item\":\"https:\/\/walesph.com\/vi\/admission\/\"},{\"@type\":\"ListItem\",\"position\":3,\"name\":\"GI\u1ea4Y \u0110\u0102NG K\u00cd NH\u1eacP H\u1eccC\"}]},{\"@type\":\"WebSite\",\"@id\":\"https:\/\/walesph.com\/vi\/#website\",\"url\":\"https:\/\/walesph.com\/vi\/\",\"name\":\"WALES Academy - English Study in Baguio, Philippines\",\"description\":\"Study ESL, IELTS, TOEIC, TOEFL | Best choice to improve your English skill | located in Baguio City, Philippines\",\"publisher\":{\"@id\":\"https:\/\/walesph.com\/vi\/#organization\"},\"potentialAction\":[{\"@type\":\"SearchAction\",\"target\":{\"@type\":\"EntryPoint\",\"urlTemplate\":\"https:\/\/walesph.com\/vi\/?s={search_term_string}\"},\"query-input\":{\"@type\":\"PropertyValueSpecification\",\"valueRequired\":true,\"valueName\":\"search_term_string\"}}],\"inLanguage\":\"vi-VN\"},{\"@type\":\"Organization\",\"@id\":\"https:\/\/walesph.com\/vi\/#organization\",\"name\":\"WALES (Widest Asian Learners English School Inc.)\",\"url\":\"https:\/\/walesph.com\/vi\/\",\"logo\":{\"@type\":\"ImageObject\",\"inLanguage\":\"vi-VN\",\"@id\":\"https:\/\/walesph.com\/vi\/#\/schema\/logo\/image\/\",\"url\":\"https:\/\/walesph.com\/wp-content\/uploads\/2018\/06\/logo.png\",\"contentUrl\":\"https:\/\/walesph.com\/wp-content\/uploads\/2018\/06\/logo.png\",\"width\":673,\"height\":670,\"caption\":\"WALES (Widest Asian Learners English School Inc.)\"},\"image\":{\"@id\":\"https:\/\/walesph.com\/vi\/#\/schema\/logo\/image\/\"},\"sameAs\":[\"https:\/\/www.youtube.com\/channel\/UCIfHXHa0sKYDBZKnGPKqmxg\"]}]}<\/script>\n<!-- \/ Yoast SEO plugin. -->","yoast_head_json":{"title":"GI\u1ea4Y \u0110\u0102NG K\u00cd NH\u1eacP H\u1eccC | Tr\u01b0\u1eddng anh ng\u1eef WALES \u1edf Baguio, Philippines","description":"Xin vui l\u00f2ng \u0111i\u1ec1n \u201cgi\u1ea5y \u0111\u0103ng k\u00ed nh\u1eadp h\u1ecdc\u201d v\u00e0 g\u1eedi \u0111i. Ch\u00fang t\u00f4i s\u1ebd ph\u1ea3n h\u1ed3i b\u1ea1n khi nh\u1eadn \u0111\u01b0\u1ee3c. N\u1ebfu b\u1ea1n c\u00f3 th\u1eafc m\u1eafc g\u00ec xin vui l\u00f2ng li\u00ean h\u1ec7 v\u1edbi ch\u00fang t\u00f4i qua gi\u1ea5y \u0111\u0103ng k\u00ed (Y\u00eau c\u1ea7u kh\u00e1c).","robots":{"index":"index","follow":"follow","max-snippet":"max-snippet:-1","max-image-preview":"max-image-preview:large","max-video-preview":"max-video-preview:-1"},"canonical":"https:\/\/walesph.com\/vi\/admission\/registration-form\/","og_locale":"vi_VN","og_type":"article","og_title":"GI\u1ea4Y \u0110\u0102NG K\u00cd NH\u1eacP H\u1eccC | Tr\u01b0\u1eddng anh ng\u1eef WALES \u1edf Baguio, Philippines","og_description":"Xin vui l\u00f2ng \u0111i\u1ec1n \u201cgi\u1ea5y \u0111\u0103ng k\u00ed nh\u1eadp h\u1ecdc\u201d v\u00e0 g\u1eedi \u0111i. Ch\u00fang t\u00f4i s\u1ebd ph\u1ea3n h\u1ed3i b\u1ea1n khi nh\u1eadn \u0111\u01b0\u1ee3c. N\u1ebfu b\u1ea1n c\u00f3 th\u1eafc m\u1eafc g\u00ec xin vui l\u00f2ng li\u00ean h\u1ec7 v\u1edbi ch\u00fang t\u00f4i qua gi\u1ea5y \u0111\u0103ng k\u00ed (Y\u00eau c\u1ea7u kh\u00e1c).","og_url":"https:\/\/walesph.com\/vi\/admission\/registration-form\/","og_site_name":"WALES Academy - English Study in Baguio, Philippines","article_modified_time":"2019-03-30T12:07:30+00:00","twitter_card":"summary_large_image","schema":{"@context":"https:\/\/schema.org","@graph":[{"@type":"WebPage","@id":"https:\/\/walesph.com\/vi\/admission\/registration-form\/","url":"https:\/\/walesph.com\/vi\/admission\/registration-form\/","name":"GI\u1ea4Y \u0110\u0102NG K\u00cd NH\u1eacP H\u1eccC | Tr\u01b0\u1eddng anh ng\u1eef WALES \u1edf Baguio, Philippines","isPartOf":{"@id":"https:\/\/walesph.com\/vi\/#website"},"datePublished":"2018-03-09T15:41:22+00:00","dateModified":"2019-03-30T12:07:30+00:00","description":"Xin vui l\u00f2ng \u0111i\u1ec1n \u201cgi\u1ea5y \u0111\u0103ng k\u00ed nh\u1eadp h\u1ecdc\u201d v\u00e0 g\u1eedi \u0111i. Ch\u00fang t\u00f4i s\u1ebd ph\u1ea3n h\u1ed3i b\u1ea1n khi nh\u1eadn \u0111\u01b0\u1ee3c. N\u1ebfu b\u1ea1n c\u00f3 th\u1eafc m\u1eafc g\u00ec xin vui l\u00f2ng li\u00ean h\u1ec7 v\u1edbi ch\u00fang t\u00f4i qua gi\u1ea5y \u0111\u0103ng k\u00ed (Y\u00eau c\u1ea7u kh\u00e1c).","breadcrumb":{"@id":"https:\/\/walesph.com\/vi\/admission\/registration-form\/#breadcrumb"},"inLanguage":"vi-VN","potentialAction":[{"@type":"ReadAction","target":["https:\/\/walesph.com\/vi\/admission\/registration-form\/"]}]},{"@type":"BreadcrumbList","@id":"https:\/\/walesph.com\/vi\/admission\/registration-form\/#breadcrumb","itemListElement":[{"@type":"ListItem","position":1,"name":"Home","item":"https:\/\/walesph.com\/vi\/"},{"@type":"ListItem","position":2,"name":"\u0110\u0102NG K\u00cd","item":"https:\/\/walesph.com\/vi\/admission\/"},{"@type":"ListItem","position":3,"name":"GI\u1ea4Y \u0110\u0102NG K\u00cd NH\u1eacP H\u1eccC"}]},{"@type":"WebSite","@id":"https:\/\/walesph.com\/vi\/#website","url":"https:\/\/walesph.com\/vi\/","name":"WALES Academy - English Study in Baguio, Philippines","description":"Study ESL, IELTS, TOEIC, TOEFL | Best choice to improve your English skill | located in Baguio City, Philippines","publisher":{"@id":"https:\/\/walesph.com\/vi\/#organization"},"potentialAction":[{"@type":"SearchAction","target":{"@type":"EntryPoint","urlTemplate":"https:\/\/walesph.com\/vi\/?s={search_term_string}"},"query-input":{"@type":"PropertyValueSpecification","valueRequired":true,"valueName":"search_term_string"}}],"inLanguage":"vi-VN"},{"@type":"Organization","@id":"https:\/\/walesph.com\/vi\/#organization","name":"WALES (Widest Asian Learners English School Inc.)","url":"https:\/\/walesph.com\/vi\/","logo":{"@type":"ImageObject","inLanguage":"vi-VN","@id":"https:\/\/walesph.com\/vi\/#\/schema\/logo\/image\/","url":"https:\/\/walesph.com\/wp-content\/uploads\/2018\/06\/logo.png","contentUrl":"https:\/\/walesph.com\/wp-content\/uploads\/2018\/06\/logo.png","width":673,"height":670,"caption":"WALES (Widest Asian Learners English School Inc.)"},"image":{"@id":"https:\/\/walesph.com\/vi\/#\/schema\/logo\/image\/"},"sameAs":["https:\/\/www.youtube.com\/channel\/UCIfHXHa0sKYDBZKnGPKqmxg"]}]}},"_links":{"self":[{"href":"https:\/\/walesph.com\/vi\/wp-json\/wp\/v2\/pages\/4303","targetHints":{"allow":["GET"]}}],"collection":[{"href":"https:\/\/walesph.com\/vi\/wp-json\/wp\/v2\/pages"}],"about":[{"href":"https:\/\/walesph.com\/vi\/wp-json\/wp\/v2\/types\/page"}],"author":[{"embeddable":true,"href":"https:\/\/walesph.com\/vi\/wp-json\/wp\/v2\/users\/1"}],"replies":[{"embeddable":true,"href":"https:\/\/walesph.com\/vi\/wp-json\/wp\/v2\/comments?post=4303"}],"version-history":[{"count":5,"href":"https:\/\/walesph.com\/vi\/wp-json\/wp\/v2\/pages\/4303\/revisions"}],"predecessor-version":[{"id":8069,"href":"https:\/\/walesph.com\/vi\/wp-json\/wp\/v2\/pages\/4303\/revisions\/8069"}],"up":[{"embeddable":true,"href":"https:\/\/walesph.com\/vi\/wp-json\/wp\/v2\/pages\/4299"}],"wp:attachment":[{"href":"https:\/\/walesph.com\/vi\/wp-json\/wp\/v2\/media?parent=4303"}],"curies":[{"name":"wp","href":"https:\/\/api.w.org\/{rel}","templated":true}]}}