{"id":4301,"date":"2018-03-09T23:42:36","date_gmt":"2018-03-09T15:42:36","guid":{"rendered":"https:\/\/walesph.com\/?page_id=4301"},"modified":"2023-08-11T17:13:04","modified_gmt":"2023-08-11T09:13:04","slug":"how-to-process","status":"publish","type":"page","link":"https:\/\/walesph.com\/vi\/admission\/how-to-process\/","title":{"rendered":"QU\u00c1 TR\u00ccNH \u0110\u0102NG K\u00cd"},"content":{"rendered":"\n<div id=\"pages\">\n<p class=\"fst\">Nh\u1eefng b\u01b0\u1edbc \u0111\u0103ng k\u00ed v\u00e0 nh\u1eadp h\u1ecdc.<br \/>N\u1ebfu b\u1ea1n c\u00f3 th\u1eafc m\u1eafc g\u00ec xin vui l\u00f2ng li\u00ean <a href=\"https:\/\/walesph.com\/community\/contact\/\">h\u1ec7 v\u1edbi ch\u00fang t\u00f4i<\/a>.<\/p>\n<ul id=\"flow\">\n<li>\n<div>\n<p>B\u01b0\u1edbc1. T\u01b0 v\u1ea5n v\u1edbi v\u0103n ph\u00f2ng t\u01b0 v\u1ea5n<\/p>\nXin vui l\u00f2ng h\u1ecfi th\u00f4ng tin c\u1ee7a tr\u01b0\u1eddng t\u1eeb v\u0103n ph\u00f2ng t\u01b0 v\u1ea5n. B\u1ea1n c\u0169ng c\u00f3 th\u1ec3 h\u1ecfi ch\u00fang t\u00f4i th\u00f4ng qua v\u0103n ph\u00f2ng t\u01b0 v\u1ea5n.<\/div>\n<img decoding=\"async\" src=\"https:\/\/walesph.com\/wp-content\/uploads\/2018\/04\/img_process01.jpg\" \/><\/li>\n<li class=\"arrow\">\u00a0<\/li>\n<li>\n<div>\n<p>B\u01b0\u1edbc2. \u0110\u0103ng k\u00ed v\u00e0 \u0111\u00f3ng ti\u1ec1n<\/p>\nXin vui l\u00f2ng b\u00e1o cho ch\u00fang t\u00f4i bi\u1ebft v\u1ec1 s\u1ef1 l\u1ef1a ch\u1ecdn kh\u00f3a h\u1ecdc, lo\u1ea1i ph\u00f2ng v\u00e0 l\u1ecbch h\u1ecdc c\u1ee7a b\u1ea1n. C\u1ed9ng th\u00eam v\u00e0o \u0111\u00f3, b\u1ea1n c\u1ea7n ph\u1ea3i \u0111\u00f3ng ph\u00ed nh\u1eadp h\u1ecdc tr\u01b0\u1edbc khi nh\u1eadp h\u1ecdc.<br \/>* Ch\u00fang t\u00f4i s\u1ebd \u0111\u1ea3m b\u1ea3o \u0111\u0103ng k\u00ed v\u00e0 ph\u00f2ng \u1edf cho b\u1ea1n sau khi thanh to\u00e1n \u0111\u01b0\u1ee3c x\u00e1c nh\u1eadn.<\/div>\n<img decoding=\"async\" src=\"https:\/\/walesph.com\/wp-content\/uploads\/2018\/04\/img_process02.jpg\" \/><\/li>\n<li class=\"arrow\">\u00a0<\/li>\n<li>\n<div>\n<p>B\u01b0\u1edbc3. \u0110\u00f3ng h\u1ecdc ph\u00ed<\/p>\nH\u1ecdc ph\u00ed, ph\u00ed k\u00ed t\u00fac x\u00e1 v\u00e0 ph\u00ed \u0103n b\u1eafc bu\u1ed9c ph\u1ea3i \u0111\u00f3ng. Ch\u00fang t\u00f4i s\u1ebd g\u1eedi th\u01b0 m\u1eddi nh\u1eadp h\u1ecdc cho b\u1ea1n sau khi h\u1ecdc ph\u00ed c\u1ee7a b\u1ea1n \u0111\u01b0\u1ee3c x\u00e1c nh\u1eadn<br \/><a href=\"https:\/\/walesph.com\/ja\/?page_id=650#payment\"><i class=\"fas fa-arrow-circle-right fa-fw\"><\/i>XIn vui l\u00f2ng b\u1ea5m v\u00e0o \u0111\u00e2y cho nhi\u1ec1u th\u00f4ng tin h\u01a1n v\u1ec1 vi\u1ec7c \u0111\u00f3ng ti\u1ec1n.<\/a><\/div>\n<img decoding=\"async\" src=\"https:\/\/walesph.com\/wp-content\/uploads\/2018\/04\/img_process03.jpg\" \/><\/li>\n<li class=\"arrow\">\u00a0<\/li>\n<li>\n<div>\n<p>B\u01b0\u1edbc4. \u0110\u1eb7t v\u00e9 m\u00e1y bay<\/p>\nXIn vui l\u00f2ng b\u00e1o cho ch\u00fang t\u00f4i bi\u1ebft v\u1ec1 l\u1ecbch tr\u00ecnh bay c\u1ee7a b\u1ea1n 10 ng\u00e0y tr\u01b0\u1edbc khi b\u1ea1n kh\u1edfi h\u00e0nh.<\/div>\n<img decoding=\"async\" src=\"https:\/\/walesph.com\/wp-content\/uploads\/2018\/04\/img_process05.jpg\" \/><\/li>\n<li class=\"arrow\">\u00a0<\/li>\n<li>\n<div>\n<p>B\u01b0\u1edbc5. \u0110\u1ebfn Philippines v\u00e0 \u0111\u00f3n t\u1ea1i s\u00e2n bay<\/p>\nSau khi b\u1ea1n \u0111\u1ebfn s\u00e2n bay (Manila ho\u1eb7c Clark), ch\u00fang t\u00f4i s\u1ebd \u0111\u00f3n b\u1ea1n v\u00e0 \u0111\u01b0a b\u1ea1n \u0111\u1ebfn Baguio. B\u1ea1n c\u00f3 th\u1ec3 ch\u1ecdn \u0111\u00f3n theo nh\u00f3m ho\u1eafc c\u00e1 nh\u00e2n.<\/div>\n<img decoding=\"async\" src=\"https:\/\/walesph.com\/wp-content\/uploads\/2018\/04\/img_process06.jpg\" \/><\/li>\n<li class=\"arrow\">\u00a0<\/li>\n<li>\n<div>\n<p>B\u01b0\u1edbc6. \u0110\u1ebfn WALES<\/p>\nSau khi b\u1ea1n \u0111\u1ebfn tr\u01b0\u1eddng (ch\u1ee7 nh\u1eadt), n\u1ebfu b\u1ea1n mua s\u1eafm t\u1ea1i trung t\u00e2m th\u01b0\u01a1ng m\u1ea1i, b\u1ea1n c\u00f3 th\u1ec3 mua nh\u1eefng d\u1ee5ng c\u1ee5 c\u1ea7n thi\u1ebft h\u00e0ng ng\u00e0y.<\/div>\n<img decoding=\"async\" src=\"https:\/\/walesph.com\/wp-content\/uploads\/2018\/04\/img_process07.jpg\" \/><\/li>\n<li class=\"arrow\">\u00a0<\/li>\n<li>\n<div>\n<p>B\u01b0\u1edbc7. Ng\u00e0y \u0111\u1ea7u ti\u00ean \u1edf tr\u01b0\u1eddng<\/p>\nB\u1ea1n s\u1ebd c\u00f3 b\u00e0i ki\u1ec3m tra \u0111\u1ea7u v\u00e0o v\u00e0 \u0111\u1ecbnh h\u01b0\u1edbng v\u00e0o th\u1ee9 2, l\u1edbp h\u1ecdc c\u1ee7a b\u1ea1n s\u1ebd b\u1eaft \u0111\u1ea7u t\u1eeb th\u1ee9 3.<br \/>*Th\u1ec9nh tho\u1ea3ng l\u1ecbch tr\u00ecnh s\u1ebd thay \u0111\u1ed5i theo ng\u00e0y l\u1ec5.<\/div>\n<img decoding=\"async\" src=\"https:\/\/walesph.com\/wp-content\/uploads\/2018\/04\/img_process08.jpg\" \/><\/li>\n<\/ul>\n<\/div>\n","protected":false},"excerpt":{"rendered":"<p>Nh\u1eefng b\u01b0\u1edbc \u0111\u0103ng k\u00ed v\u00e0 nh\u1eadp h\u1ecdc.N\u1ebfu b\u1ea1n c\u00f3 th\u1eafc m\u1eafc g\u00ec xin vui l\u00f2ng li\u00ean h\u1ec7 v\u1edbi ch\u00fang t\u00f4i. B\u01b0\u1edbc1. T\u01b0 v\u1ea5n v\u1edbi v\u0103n ph\u00f2ng t\u01b0 v\u1ea5n Xin vui l\u00f2ng h\u1ecfi th\u00f4ng tin c\u1ee7a tr\u01b0\u1eddng t\u1eeb v\u0103n ph\u00f2ng t\u01b0 v\u1ea5n. B\u1ea1n c\u0169ng c\u00f3 th\u1ec3 h\u1ecfi ch\u00fang t\u00f4i th\u00f4ng qua v\u0103n ph\u00f2ng t\u01b0 v\u1ea5n. \u00a0 B\u01b0\u1edbc2. \u0110\u0103ng k\u00ed v\u00e0 \u0111\u00f3ng ti\u1ec1n Xin vui l\u00f2ng b\u00e1o cho ch\u00fang t\u00f4i bi\u1ebft v\u1ec1 s\u1ef1 l\u1ef1a ch\u1ecdn kh\u00f3a h\u1ecdc, lo\u1ea1i ph\u00f2ng v\u00e0 l\u1ecbch h\u1ecdc &hellip; <a href=\"https:\/\/walesph.com\/vi\/admission\/how-to-process\/\" class=\"more-link\">Read More<span class=\"screen-reader-text\"> &#8220;QU\u00c1 TR\u00ccNH \u0110\u0102NG K\u00cd&#8221;<\/span><\/a><\/p>\n","protected":false},"author":1,"featured_media":0,"parent":4299,"menu_order":0,"comment_status":"closed","ping_status":"closed","template":"","meta":{"_mc_calendar":[],"_vp_format_video_url":"","_vp_image_focal_point":[],"footnotes":""},"class_list":["post-4301","page","type-page","status-publish","hentry"],"yoast_head":"<!-- This site is optimized with the Yoast SEO plugin v24.8.1 - https:\/\/yoast.com\/wordpress\/plugins\/seo\/ -->\n<title>QU\u00c1 TR\u00ccNH \u0110\u0102NG K\u00cd | Tr\u01b0\u1eddng anh ng\u1eef WALES \u1edf Baguio, Philippines<\/title>\n<meta name=\"description\" content=\"Nh\u1eefng b\u01b0\u1edbc \u0111\u0103ng k\u00ed v\u00e0 nh\u1eadp h\u1ecdc. B\u01b0\u1edbc1. T\u01b0 v\u1ea5n v\u1edbi v\u0103n ph\u00f2ng t\u01b0 v\u1ea5n: Xin vui l\u00f2ng h\u1ecfi th\u00f4ng tin c\u1ee7a tr\u01b0\u1eddng t\u1eeb v\u0103n ph\u00f2ng t\u01b0 v\u1ea5n. B\u1ea1n c\u0169ng c\u00f3 th\u1ec3 h\u1ecfi ch\u00fang t\u00f4i th\u00f4ng qua v\u0103n ph\u00f2ng t\u01b0 v\u1ea5n.\" \/>\n<meta name=\"robots\" content=\"index, follow, max-snippet:-1, max-image-preview:large, max-video-preview:-1\" \/>\n<link rel=\"canonical\" href=\"https:\/\/walesph.com\/vi\/admission\/how-to-process\/\" \/>\n<meta property=\"og:locale\" content=\"vi_VN\" \/>\n<meta property=\"og:type\" content=\"article\" \/>\n<meta property=\"og:title\" content=\"QU\u00c1 TR\u00ccNH \u0110\u0102NG K\u00cd | Tr\u01b0\u1eddng anh ng\u1eef WALES \u1edf Baguio, Philippines\" \/>\n<meta property=\"og:description\" content=\"Nh\u1eefng b\u01b0\u1edbc \u0111\u0103ng k\u00ed v\u00e0 nh\u1eadp h\u1ecdc. B\u01b0\u1edbc1. T\u01b0 v\u1ea5n v\u1edbi v\u0103n ph\u00f2ng t\u01b0 v\u1ea5n: Xin vui l\u00f2ng h\u1ecfi th\u00f4ng tin c\u1ee7a tr\u01b0\u1eddng t\u1eeb v\u0103n ph\u00f2ng t\u01b0 v\u1ea5n. B\u1ea1n c\u0169ng c\u00f3 th\u1ec3 h\u1ecfi ch\u00fang t\u00f4i th\u00f4ng qua v\u0103n ph\u00f2ng t\u01b0 v\u1ea5n.\" \/>\n<meta property=\"og:url\" content=\"https:\/\/walesph.com\/vi\/admission\/how-to-process\/\" \/>\n<meta property=\"og:site_name\" content=\"WALES Academy - English Study in Baguio, Philippines\" \/>\n<meta property=\"article:modified_time\" content=\"2023-08-11T09:13:04+00:00\" \/>\n<meta property=\"og:image\" content=\"https:\/\/walesph.com\/wp-content\/uploads\/2018\/04\/img_process01.jpg\" \/>\n<meta name=\"twitter:card\" content=\"summary_large_image\" \/>\n<meta name=\"twitter:label1\" content=\"Est. reading time\" \/>\n\t<meta name=\"twitter:data1\" content=\"3 minutes\" \/>\n<script type=\"application\/ld+json\" class=\"yoast-schema-graph\">{\"@context\":\"https:\/\/schema.org\",\"@graph\":[{\"@type\":\"WebPage\",\"@id\":\"https:\/\/walesph.com\/vi\/admission\/how-to-process\/\",\"url\":\"https:\/\/walesph.com\/vi\/admission\/how-to-process\/\",\"name\":\"QU\u00c1 TR\u00ccNH \u0110\u0102NG K\u00cd | Tr\u01b0\u1eddng anh ng\u1eef WALES \u1edf Baguio, Philippines\",\"isPartOf\":{\"@id\":\"https:\/\/walesph.com\/vi\/#website\"},\"primaryImageOfPage\":{\"@id\":\"https:\/\/walesph.com\/vi\/admission\/how-to-process\/#primaryimage\"},\"image\":{\"@id\":\"https:\/\/walesph.com\/vi\/admission\/how-to-process\/#primaryimage\"},\"thumbnailUrl\":\"https:\/\/walesph.com\/wp-content\/uploads\/2018\/04\/img_process01.jpg\",\"datePublished\":\"2018-03-09T15:42:36+00:00\",\"dateModified\":\"2023-08-11T09:13:04+00:00\",\"description\":\"Nh\u1eefng b\u01b0\u1edbc \u0111\u0103ng k\u00ed v\u00e0 nh\u1eadp h\u1ecdc. B\u01b0\u1edbc1. T\u01b0 v\u1ea5n v\u1edbi v\u0103n ph\u00f2ng t\u01b0 v\u1ea5n: Xin vui l\u00f2ng h\u1ecfi th\u00f4ng tin c\u1ee7a tr\u01b0\u1eddng t\u1eeb v\u0103n ph\u00f2ng t\u01b0 v\u1ea5n. B\u1ea1n c\u0169ng c\u00f3 th\u1ec3 h\u1ecfi ch\u00fang t\u00f4i th\u00f4ng qua v\u0103n ph\u00f2ng t\u01b0 v\u1ea5n.\",\"breadcrumb\":{\"@id\":\"https:\/\/walesph.com\/vi\/admission\/how-to-process\/#breadcrumb\"},\"inLanguage\":\"vi-VN\",\"potentialAction\":[{\"@type\":\"ReadAction\",\"target\":[\"https:\/\/walesph.com\/vi\/admission\/how-to-process\/\"]}]},{\"@type\":\"ImageObject\",\"inLanguage\":\"vi-VN\",\"@id\":\"https:\/\/walesph.com\/vi\/admission\/how-to-process\/#primaryimage\",\"url\":\"https:\/\/walesph.com\/wp-content\/uploads\/2018\/04\/img_process01.jpg\",\"contentUrl\":\"https:\/\/walesph.com\/wp-content\/uploads\/2018\/04\/img_process01.jpg\"},{\"@type\":\"BreadcrumbList\",\"@id\":\"https:\/\/walesph.com\/vi\/admission\/how-to-process\/#breadcrumb\",\"itemListElement\":[{\"@type\":\"ListItem\",\"position\":1,\"name\":\"Home\",\"item\":\"https:\/\/walesph.com\/vi\/\"},{\"@type\":\"ListItem\",\"position\":2,\"name\":\"\u0110\u0102NG K\u00cd\",\"item\":\"https:\/\/walesph.com\/vi\/admission\/\"},{\"@type\":\"ListItem\",\"position\":3,\"name\":\"QU\u00c1 TR\u00ccNH \u0110\u0102NG K\u00cd\"}]},{\"@type\":\"WebSite\",\"@id\":\"https:\/\/walesph.com\/vi\/#website\",\"url\":\"https:\/\/walesph.com\/vi\/\",\"name\":\"WALES Academy - English Study in Baguio, Philippines\",\"description\":\"Study ESL, IELTS, TOEIC, TOEFL | Best choice to improve your English skill | located in Baguio City, Philippines\",\"publisher\":{\"@id\":\"https:\/\/walesph.com\/vi\/#organization\"},\"potentialAction\":[{\"@type\":\"SearchAction\",\"target\":{\"@type\":\"EntryPoint\",\"urlTemplate\":\"https:\/\/walesph.com\/vi\/?s={search_term_string}\"},\"query-input\":{\"@type\":\"PropertyValueSpecification\",\"valueRequired\":true,\"valueName\":\"search_term_string\"}}],\"inLanguage\":\"vi-VN\"},{\"@type\":\"Organization\",\"@id\":\"https:\/\/walesph.com\/vi\/#organization\",\"name\":\"WALES (Widest Asian Learners English School Inc.)\",\"url\":\"https:\/\/walesph.com\/vi\/\",\"logo\":{\"@type\":\"ImageObject\",\"inLanguage\":\"vi-VN\",\"@id\":\"https:\/\/walesph.com\/vi\/#\/schema\/logo\/image\/\",\"url\":\"https:\/\/walesph.com\/wp-content\/uploads\/2018\/06\/logo.png\",\"contentUrl\":\"https:\/\/walesph.com\/wp-content\/uploads\/2018\/06\/logo.png\",\"width\":673,\"height\":670,\"caption\":\"WALES (Widest Asian Learners English School Inc.)\"},\"image\":{\"@id\":\"https:\/\/walesph.com\/vi\/#\/schema\/logo\/image\/\"},\"sameAs\":[\"https:\/\/www.youtube.com\/channel\/UCIfHXHa0sKYDBZKnGPKqmxg\"]}]}<\/script>\n<!-- \/ Yoast SEO plugin. -->","yoast_head_json":{"title":"QU\u00c1 TR\u00ccNH \u0110\u0102NG K\u00cd | Tr\u01b0\u1eddng anh ng\u1eef WALES \u1edf Baguio, Philippines","description":"Nh\u1eefng b\u01b0\u1edbc \u0111\u0103ng k\u00ed v\u00e0 nh\u1eadp h\u1ecdc. B\u01b0\u1edbc1. T\u01b0 v\u1ea5n v\u1edbi v\u0103n ph\u00f2ng t\u01b0 v\u1ea5n: Xin vui l\u00f2ng h\u1ecfi th\u00f4ng tin c\u1ee7a tr\u01b0\u1eddng t\u1eeb v\u0103n ph\u00f2ng t\u01b0 v\u1ea5n. B\u1ea1n c\u0169ng c\u00f3 th\u1ec3 h\u1ecfi ch\u00fang t\u00f4i th\u00f4ng qua v\u0103n ph\u00f2ng t\u01b0 v\u1ea5n.","robots":{"index":"index","follow":"follow","max-snippet":"max-snippet:-1","max-image-preview":"max-image-preview:large","max-video-preview":"max-video-preview:-1"},"canonical":"https:\/\/walesph.com\/vi\/admission\/how-to-process\/","og_locale":"vi_VN","og_type":"article","og_title":"QU\u00c1 TR\u00ccNH \u0110\u0102NG K\u00cd | Tr\u01b0\u1eddng anh ng\u1eef WALES \u1edf Baguio, Philippines","og_description":"Nh\u1eefng b\u01b0\u1edbc \u0111\u0103ng k\u00ed v\u00e0 nh\u1eadp h\u1ecdc. B\u01b0\u1edbc1. T\u01b0 v\u1ea5n v\u1edbi v\u0103n ph\u00f2ng t\u01b0 v\u1ea5n: Xin vui l\u00f2ng h\u1ecfi th\u00f4ng tin c\u1ee7a tr\u01b0\u1eddng t\u1eeb v\u0103n ph\u00f2ng t\u01b0 v\u1ea5n. B\u1ea1n c\u0169ng c\u00f3 th\u1ec3 h\u1ecfi ch\u00fang t\u00f4i th\u00f4ng qua v\u0103n ph\u00f2ng t\u01b0 v\u1ea5n.","og_url":"https:\/\/walesph.com\/vi\/admission\/how-to-process\/","og_site_name":"WALES Academy - English Study in Baguio, Philippines","article_modified_time":"2023-08-11T09:13:04+00:00","og_image":[{"url":"https:\/\/walesph.com\/wp-content\/uploads\/2018\/04\/img_process01.jpg","type":"","width":"","height":""}],"twitter_card":"summary_large_image","twitter_misc":{"Est. reading time":"3 minutes"},"schema":{"@context":"https:\/\/schema.org","@graph":[{"@type":"WebPage","@id":"https:\/\/walesph.com\/vi\/admission\/how-to-process\/","url":"https:\/\/walesph.com\/vi\/admission\/how-to-process\/","name":"QU\u00c1 TR\u00ccNH \u0110\u0102NG K\u00cd | Tr\u01b0\u1eddng anh ng\u1eef WALES \u1edf Baguio, Philippines","isPartOf":{"@id":"https:\/\/walesph.com\/vi\/#website"},"primaryImageOfPage":{"@id":"https:\/\/walesph.com\/vi\/admission\/how-to-process\/#primaryimage"},"image":{"@id":"https:\/\/walesph.com\/vi\/admission\/how-to-process\/#primaryimage"},"thumbnailUrl":"https:\/\/walesph.com\/wp-content\/uploads\/2018\/04\/img_process01.jpg","datePublished":"2018-03-09T15:42:36+00:00","dateModified":"2023-08-11T09:13:04+00:00","description":"Nh\u1eefng b\u01b0\u1edbc \u0111\u0103ng k\u00ed v\u00e0 nh\u1eadp h\u1ecdc. B\u01b0\u1edbc1. T\u01b0 v\u1ea5n v\u1edbi v\u0103n ph\u00f2ng t\u01b0 v\u1ea5n: Xin vui l\u00f2ng h\u1ecfi th\u00f4ng tin c\u1ee7a tr\u01b0\u1eddng t\u1eeb v\u0103n ph\u00f2ng t\u01b0 v\u1ea5n. B\u1ea1n c\u0169ng c\u00f3 th\u1ec3 h\u1ecfi ch\u00fang t\u00f4i th\u00f4ng qua v\u0103n ph\u00f2ng t\u01b0 v\u1ea5n.","breadcrumb":{"@id":"https:\/\/walesph.com\/vi\/admission\/how-to-process\/#breadcrumb"},"inLanguage":"vi-VN","potentialAction":[{"@type":"ReadAction","target":["https:\/\/walesph.com\/vi\/admission\/how-to-process\/"]}]},{"@type":"ImageObject","inLanguage":"vi-VN","@id":"https:\/\/walesph.com\/vi\/admission\/how-to-process\/#primaryimage","url":"https:\/\/walesph.com\/wp-content\/uploads\/2018\/04\/img_process01.jpg","contentUrl":"https:\/\/walesph.com\/wp-content\/uploads\/2018\/04\/img_process01.jpg"},{"@type":"BreadcrumbList","@id":"https:\/\/walesph.com\/vi\/admission\/how-to-process\/#breadcrumb","itemListElement":[{"@type":"ListItem","position":1,"name":"Home","item":"https:\/\/walesph.com\/vi\/"},{"@type":"ListItem","position":2,"name":"\u0110\u0102NG K\u00cd","item":"https:\/\/walesph.com\/vi\/admission\/"},{"@type":"ListItem","position":3,"name":"QU\u00c1 TR\u00ccNH \u0110\u0102NG K\u00cd"}]},{"@type":"WebSite","@id":"https:\/\/walesph.com\/vi\/#website","url":"https:\/\/walesph.com\/vi\/","name":"WALES Academy - English Study in Baguio, Philippines","description":"Study ESL, IELTS, TOEIC, TOEFL | Best choice to improve your English skill | located in Baguio City, Philippines","publisher":{"@id":"https:\/\/walesph.com\/vi\/#organization"},"potentialAction":[{"@type":"SearchAction","target":{"@type":"EntryPoint","urlTemplate":"https:\/\/walesph.com\/vi\/?s={search_term_string}"},"query-input":{"@type":"PropertyValueSpecification","valueRequired":true,"valueName":"search_term_string"}}],"inLanguage":"vi-VN"},{"@type":"Organization","@id":"https:\/\/walesph.com\/vi\/#organization","name":"WALES (Widest Asian Learners English School Inc.)","url":"https:\/\/walesph.com\/vi\/","logo":{"@type":"ImageObject","inLanguage":"vi-VN","@id":"https:\/\/walesph.com\/vi\/#\/schema\/logo\/image\/","url":"https:\/\/walesph.com\/wp-content\/uploads\/2018\/06\/logo.png","contentUrl":"https:\/\/walesph.com\/wp-content\/uploads\/2018\/06\/logo.png","width":673,"height":670,"caption":"WALES (Widest Asian Learners English School Inc.)"},"image":{"@id":"https:\/\/walesph.com\/vi\/#\/schema\/logo\/image\/"},"sameAs":["https:\/\/www.youtube.com\/channel\/UCIfHXHa0sKYDBZKnGPKqmxg"]}]}},"_links":{"self":[{"href":"https:\/\/walesph.com\/vi\/wp-json\/wp\/v2\/pages\/4301","targetHints":{"allow":["GET"]}}],"collection":[{"href":"https:\/\/walesph.com\/vi\/wp-json\/wp\/v2\/pages"}],"about":[{"href":"https:\/\/walesph.com\/vi\/wp-json\/wp\/v2\/types\/page"}],"author":[{"embeddable":true,"href":"https:\/\/walesph.com\/vi\/wp-json\/wp\/v2\/users\/1"}],"replies":[{"embeddable":true,"href":"https:\/\/walesph.com\/vi\/wp-json\/wp\/v2\/comments?post=4301"}],"version-history":[{"count":2,"href":"https:\/\/walesph.com\/vi\/wp-json\/wp\/v2\/pages\/4301\/revisions"}],"predecessor-version":[{"id":12365,"href":"https:\/\/walesph.com\/vi\/wp-json\/wp\/v2\/pages\/4301\/revisions\/12365"}],"up":[{"embeddable":true,"href":"https:\/\/walesph.com\/vi\/wp-json\/wp\/v2\/pages\/4299"}],"wp:attachment":[{"href":"https:\/\/walesph.com\/vi\/wp-json\/wp\/v2\/media?parent=4301"}],"curies":[{"name":"wp","href":"https:\/\/api.w.org\/{rel}","templated":true}]}}