{"id":4299,"date":"2018-03-11T21:39:53","date_gmt":"2018-03-11T13:39:53","guid":{"rendered":"https:\/\/walesph.com\/?page_id=4299"},"modified":"2019-12-02T22:25:56","modified_gmt":"2019-12-02T14:25:56","slug":"admission","status":"publish","type":"page","link":"https:\/\/walesph.com\/vi\/admission\/","title":{"rendered":"\u0110\u0102NG K\u00cd"},"content":{"rendered":"\r\n<div id=\"pages\">\r\n<h2 class=\"cside\">Cho nh\u1eefng ai mu\u1ed1n du h\u1ecdc \u1edf WALES<\/h2>\r\n<p class=\"cside fst\">C\u00f3 2 ph\u01b0\u01a1ng th\u1ee9c \u0111\u1ec3 \u0111\u0103ng k\u00ed h\u1ecdc \u1edf WALES\r\n.<\/p>\r\n<dl id=\"admiguide\">\r\n <dt>(1) \u0110\u0103ng k\u00ed th\u00f4ng qua website c\u1ee7a tr\u01b0\u1eddng<\/dt>\r\n <dd>Xin vui l\u00f2ng \u0111i\u1ec1n <a href=\"https:\/\/walesph.com\/admissions\/registration\/\">\u201cgi\u1ea5y \u0111\u0103ng k\u00ed nh\u1eadp h\u1ecdc\u201d<\/a> v\u00e0 g\u1eedi \u0111i.<br \/>Ch\u00fang t\u00f4i s\u1ebd ph\u1ea3n h\u1ed3i b\u1ea1n khi nh\u1eadn \u0111\u01b0\u1ee3c.<br \/>N\u1ebfu b\u1ea1n c\u00f3 th\u1eafc m\u1eafc g\u00ec xin vui l\u00f2ng li\u00ean h\u1ec7 v\u1edbi ch\u00fang t\u00f4i qua gi\u1ea5y \u0111\u0103ng k\u00ed (Y\u00eau c\u1ea7u kh\u00e1c).<\/dd>\r\n <dd class=\"btsp\">* Trong tr\u01b0\u1eddng h\u1ee3p ch\u00fang t\u00f4i kh\u00f4ng c\u00f2n ph\u00f2ng tr\u1ed1ng, ch\u00fang t\u00f4i kh\u00f4ng th\u1ec3 \u0111\u00e1p \u1ee9ng \u0111\u01b0\u1ee3c ph\u00f2ng b\u1ea1n mu\u1ed1n ho\u0103c l\u00e0 b\u1ea1n mu\u1ed1n \u0111\u1ed5i l\u1ecbch tr\u00ecnh. V\u00ec v\u1eady ch\u00fang t\u00f4i \u0111\u1ec1 ngh\u1ecb b\u1ea1n n\u00ean x\u00e1c nh\u1eadn vi\u1ec7c \u0111\u1eb7t ph\u00f2ng tr\u01b0\u1edbc v\u1edbi ch\u00fang t\u00f4i \u0111\u1ec3 ch\u00fang t\u00f4i c\u00f3 th\u1ec3 ki\u1ec3m tra ph\u00f2ng cho b\u1ea1n.<br \/><a href=\"https:\/\/walesph.com\/community\/contact\/\">Ki\u1ec3m tra ph\u00f2ng tr\u1ed1ng \u1edf \u0111\u00e2y.<\/a> (B\u1ea1n c\u0169ng c\u00f3 th\u1ec3 h\u1ecfi ho\u1eb7c xem th\u00f4ng tin kh\u00e1c \u1edf \u0111\u00e2y.)<\/dd>\r\n <dt>(2) \u0110\u0103ng k\u00ed th\u00f4ng qua v\u0103n ph\u00f2ng t\u01b0 v\u1ea5n<\/dt>\r\n <dd>\u0110\u1ec3 \u0111\u0103ng k\u00ed, b\u1ea1n ph\u1ea3i t\u1ef1 t\u00ecm cho m\u00ecnh v\u0103n ph\u00f2ng t\u01b0 v\u1ea5n. Sau \u0111\u00f3 ch\u00fang t\u00f4i s\u1ebd g\u1eedi h\u00f3a \u0111\u01a1n v\u00e0 nh\u1eefng gi\u1ea5y t\u1edd cho v\u0103n ph\u00f2ng t\u01b0 v\u1ea5n. Ch\u00fang t\u00f4i c\u0169ng s\u1ebd t\u01b0 v\u1ea5n cho b\u1ea1n tr\u01b0\u1edbc ng\u00e0y b\u1ea1n kh\u1edfi h\u00e0nh.<\/dd>\r\n<\/dl>\r\n<p>*Ki\u1ec3m tra l\u1ecbch \u0111\u0103ng k\u00ed v\u00e0 nh\u1eadp h\u1ecdc \u1edf trang d\u01b0\u1edbi \u0111\u00e2y.<br \/><a href=\"https:\/\/walesph.com\/ja\/admission\/process\/\"><i class=\"fas fa-arrow-circle-right fa-fw\"><\/i>Qu\u00e1 tr\u00ecnh \u0111\u0103ng k\u00ed nh\u1eadp h\u1ecdc<\/a>\r\n<\/div>\r\n\r\n<div id=\"gcal\">\r\n<iframe loading=\"lazy\" src=\"https:\/\/calendar.google.com\/calendar\/b\/1\/embed?height=600&amp;wkst=2&amp;bgcolor=%23ffffff&amp;ctz=Asia%2FManila&amp;src=d2FsZXNiYWd1aW9AZ21haWwuY29t&amp;src=amEucGhpbGlwcGluZXMjaG9saWRheUBncm91cC52LmNhbGVuZGFyLmdvb2dsZS5jb20&amp;color=%231B887A&amp;color=%23B1440E&amp;showPrint=0&amp;showCalendars=0&amp;showNav=1&amp;showTabs=0&amp;hl=en\" style=\"border-width:0\" width=\"800\" height=\"600\" frameborder=\"0\" scrolling=\"no\"><\/iframe>\r\n<\/div>\r\n","protected":false},"excerpt":{"rendered":"<p>Cho nh\u1eefng ai mu\u1ed1n du h\u1ecdc \u1edf WALES C\u00f3 2 ph\u01b0\u01a1ng th\u1ee9c \u0111\u1ec3 \u0111\u0103ng k\u00ed h\u1ecdc \u1edf WALES . (1) \u0110\u0103ng k\u00ed th\u00f4ng qua website c\u1ee7a tr\u01b0\u1eddng Xin vui l\u00f2ng \u0111i\u1ec1n \u201cgi\u1ea5y \u0111\u0103ng k\u00ed nh\u1eadp h\u1ecdc\u201d v\u00e0 g\u1eedi \u0111i.Ch\u00fang t\u00f4i s\u1ebd ph\u1ea3n h\u1ed3i b\u1ea1n khi nh\u1eadn \u0111\u01b0\u1ee3c.N\u1ebfu b\u1ea1n c\u00f3 th\u1eafc m\u1eafc g\u00ec xin vui l\u00f2ng li\u00ean h\u1ec7 v\u1edbi ch\u00fang t\u00f4i qua gi\u1ea5y \u0111\u0103ng k\u00ed (Y\u00eau c\u1ea7u kh\u00e1c). * Trong tr\u01b0\u1eddng h\u1ee3p ch\u00fang t\u00f4i kh\u00f4ng c\u00f2n ph\u00f2ng tr\u1ed1ng, ch\u00fang t\u00f4i kh\u00f4ng &hellip; <a href=\"https:\/\/walesph.com\/vi\/admission\/\" class=\"more-link\">Read More<span class=\"screen-reader-text\"> &#8220;\u0110\u0102NG K\u00cd&#8221;<\/span><\/a><\/p>\n","protected":false},"author":1,"featured_media":0,"parent":0,"menu_order":5,"comment_status":"closed","ping_status":"closed","template":"","meta":{"_mc_calendar":[],"_vp_format_video_url":"","_vp_image_focal_point":[],"footnotes":""},"class_list":["post-4299","page","type-page","status-publish","hentry"],"yoast_head":"<!-- This site is optimized with the Yoast SEO plugin v24.8.1 - https:\/\/yoast.com\/wordpress\/plugins\/seo\/ -->\n<title>\u0110\u0102NG K\u00cd | Tr\u01b0\u1eddng anh ng\u1eef WALES \u1edf Baguio, Philippines<\/title>\n<meta name=\"description\" content=\"Cho nh\u1eefng ai mu\u1ed1n du h\u1ecdc \u1edf WALES, C\u00f3 2 ph\u01b0\u01a1ng th\u1ee9c \u0111\u1ec3 \u0111\u0103ng k\u00ed h\u1ecdc \u1edf WALES. (1) \u0110\u0103ng k\u00ed th\u00f4ng qua website c\u1ee7a tr\u01b0\u1eddng. Xin vui l\u00f2ng \u0111i\u1ec1n \u201cgi\u1ea5y \u0111\u0103ng k\u00ed nh\u1eadp h\u1ecdc\u201d v\u00e0 g\u1eedi \u0111i. (2) \u0110\u0103ng k\u00ed th\u00f4ng qua v\u0103n ph\u00f2ng t\u01b0 v\u1ea5n\" \/>\n<meta name=\"robots\" content=\"index, follow, max-snippet:-1, max-image-preview:large, max-video-preview:-1\" \/>\n<link rel=\"canonical\" href=\"https:\/\/walesph.com\/vi\/admission\/\" \/>\n<meta property=\"og:locale\" content=\"vi_VN\" \/>\n<meta property=\"og:type\" content=\"article\" \/>\n<meta property=\"og:title\" content=\"\u0110\u0102NG K\u00cd | Tr\u01b0\u1eddng anh ng\u1eef WALES \u1edf Baguio, Philippines\" \/>\n<meta property=\"og:description\" content=\"Cho nh\u1eefng ai mu\u1ed1n du h\u1ecdc \u1edf WALES, C\u00f3 2 ph\u01b0\u01a1ng th\u1ee9c \u0111\u1ec3 \u0111\u0103ng k\u00ed h\u1ecdc \u1edf WALES. (1) \u0110\u0103ng k\u00ed th\u00f4ng qua website c\u1ee7a tr\u01b0\u1eddng. Xin vui l\u00f2ng \u0111i\u1ec1n \u201cgi\u1ea5y \u0111\u0103ng k\u00ed nh\u1eadp h\u1ecdc\u201d v\u00e0 g\u1eedi \u0111i. (2) \u0110\u0103ng k\u00ed th\u00f4ng qua v\u0103n ph\u00f2ng t\u01b0 v\u1ea5n\" \/>\n<meta property=\"og:url\" content=\"https:\/\/walesph.com\/vi\/admission\/\" \/>\n<meta property=\"og:site_name\" content=\"WALES Academy - English Study in Baguio, Philippines\" \/>\n<meta property=\"article:modified_time\" content=\"2019-12-02T14:25:56+00:00\" \/>\n<meta name=\"twitter:card\" content=\"summary_large_image\" \/>\n<meta name=\"twitter:label1\" content=\"Est. reading time\" \/>\n\t<meta name=\"twitter:data1\" content=\"2 minutes\" \/>\n<script type=\"application\/ld+json\" class=\"yoast-schema-graph\">{\"@context\":\"https:\/\/schema.org\",\"@graph\":[{\"@type\":\"WebPage\",\"@id\":\"https:\/\/walesph.com\/vi\/admission\/\",\"url\":\"https:\/\/walesph.com\/vi\/admission\/\",\"name\":\"\u0110\u0102NG K\u00cd | Tr\u01b0\u1eddng anh ng\u1eef WALES \u1edf Baguio, Philippines\",\"isPartOf\":{\"@id\":\"https:\/\/walesph.com\/vi\/#website\"},\"datePublished\":\"2018-03-11T13:39:53+00:00\",\"dateModified\":\"2019-12-02T14:25:56+00:00\",\"description\":\"Cho nh\u1eefng ai mu\u1ed1n du h\u1ecdc \u1edf WALES, C\u00f3 2 ph\u01b0\u01a1ng th\u1ee9c \u0111\u1ec3 \u0111\u0103ng k\u00ed h\u1ecdc \u1edf WALES. (1) \u0110\u0103ng k\u00ed th\u00f4ng qua website c\u1ee7a tr\u01b0\u1eddng. Xin vui l\u00f2ng \u0111i\u1ec1n \u201cgi\u1ea5y \u0111\u0103ng k\u00ed nh\u1eadp h\u1ecdc\u201d v\u00e0 g\u1eedi \u0111i. (2) \u0110\u0103ng k\u00ed th\u00f4ng qua v\u0103n ph\u00f2ng t\u01b0 v\u1ea5n\",\"breadcrumb\":{\"@id\":\"https:\/\/walesph.com\/vi\/admission\/#breadcrumb\"},\"inLanguage\":\"vi-VN\",\"potentialAction\":[{\"@type\":\"ReadAction\",\"target\":[\"https:\/\/walesph.com\/vi\/admission\/\"]}]},{\"@type\":\"BreadcrumbList\",\"@id\":\"https:\/\/walesph.com\/vi\/admission\/#breadcrumb\",\"itemListElement\":[{\"@type\":\"ListItem\",\"position\":1,\"name\":\"Home\",\"item\":\"https:\/\/walesph.com\/vi\/\"},{\"@type\":\"ListItem\",\"position\":2,\"name\":\"\u0110\u0102NG K\u00cd\"}]},{\"@type\":\"WebSite\",\"@id\":\"https:\/\/walesph.com\/vi\/#website\",\"url\":\"https:\/\/walesph.com\/vi\/\",\"name\":\"WALES Academy - English Study in Baguio, Philippines\",\"description\":\"Study ESL, IELTS, TOEIC, TOEFL | Best choice to improve your English skill | located in Baguio City, Philippines\",\"publisher\":{\"@id\":\"https:\/\/walesph.com\/vi\/#organization\"},\"potentialAction\":[{\"@type\":\"SearchAction\",\"target\":{\"@type\":\"EntryPoint\",\"urlTemplate\":\"https:\/\/walesph.com\/vi\/?s={search_term_string}\"},\"query-input\":{\"@type\":\"PropertyValueSpecification\",\"valueRequired\":true,\"valueName\":\"search_term_string\"}}],\"inLanguage\":\"vi-VN\"},{\"@type\":\"Organization\",\"@id\":\"https:\/\/walesph.com\/vi\/#organization\",\"name\":\"WALES (Widest Asian Learners English School Inc.)\",\"url\":\"https:\/\/walesph.com\/vi\/\",\"logo\":{\"@type\":\"ImageObject\",\"inLanguage\":\"vi-VN\",\"@id\":\"https:\/\/walesph.com\/vi\/#\/schema\/logo\/image\/\",\"url\":\"https:\/\/walesph.com\/wp-content\/uploads\/2018\/06\/logo.png\",\"contentUrl\":\"https:\/\/walesph.com\/wp-content\/uploads\/2018\/06\/logo.png\",\"width\":673,\"height\":670,\"caption\":\"WALES (Widest Asian Learners English School Inc.)\"},\"image\":{\"@id\":\"https:\/\/walesph.com\/vi\/#\/schema\/logo\/image\/\"},\"sameAs\":[\"https:\/\/www.youtube.com\/channel\/UCIfHXHa0sKYDBZKnGPKqmxg\"]}]}<\/script>\n<!-- \/ Yoast SEO plugin. -->","yoast_head_json":{"title":"\u0110\u0102NG K\u00cd | Tr\u01b0\u1eddng anh ng\u1eef WALES \u1edf Baguio, Philippines","description":"Cho nh\u1eefng ai mu\u1ed1n du h\u1ecdc \u1edf WALES, C\u00f3 2 ph\u01b0\u01a1ng th\u1ee9c \u0111\u1ec3 \u0111\u0103ng k\u00ed h\u1ecdc \u1edf WALES. (1) \u0110\u0103ng k\u00ed th\u00f4ng qua website c\u1ee7a tr\u01b0\u1eddng. Xin vui l\u00f2ng \u0111i\u1ec1n \u201cgi\u1ea5y \u0111\u0103ng k\u00ed nh\u1eadp h\u1ecdc\u201d v\u00e0 g\u1eedi \u0111i. (2) \u0110\u0103ng k\u00ed th\u00f4ng qua v\u0103n ph\u00f2ng t\u01b0 v\u1ea5n","robots":{"index":"index","follow":"follow","max-snippet":"max-snippet:-1","max-image-preview":"max-image-preview:large","max-video-preview":"max-video-preview:-1"},"canonical":"https:\/\/walesph.com\/vi\/admission\/","og_locale":"vi_VN","og_type":"article","og_title":"\u0110\u0102NG K\u00cd | Tr\u01b0\u1eddng anh ng\u1eef WALES \u1edf Baguio, Philippines","og_description":"Cho nh\u1eefng ai mu\u1ed1n du h\u1ecdc \u1edf WALES, C\u00f3 2 ph\u01b0\u01a1ng th\u1ee9c \u0111\u1ec3 \u0111\u0103ng k\u00ed h\u1ecdc \u1edf WALES. (1) \u0110\u0103ng k\u00ed th\u00f4ng qua website c\u1ee7a tr\u01b0\u1eddng. Xin vui l\u00f2ng \u0111i\u1ec1n \u201cgi\u1ea5y \u0111\u0103ng k\u00ed nh\u1eadp h\u1ecdc\u201d v\u00e0 g\u1eedi \u0111i. (2) \u0110\u0103ng k\u00ed th\u00f4ng qua v\u0103n ph\u00f2ng t\u01b0 v\u1ea5n","og_url":"https:\/\/walesph.com\/vi\/admission\/","og_site_name":"WALES Academy - English Study in Baguio, Philippines","article_modified_time":"2019-12-02T14:25:56+00:00","twitter_card":"summary_large_image","twitter_misc":{"Est. reading time":"2 minutes"},"schema":{"@context":"https:\/\/schema.org","@graph":[{"@type":"WebPage","@id":"https:\/\/walesph.com\/vi\/admission\/","url":"https:\/\/walesph.com\/vi\/admission\/","name":"\u0110\u0102NG K\u00cd | Tr\u01b0\u1eddng anh ng\u1eef WALES \u1edf Baguio, Philippines","isPartOf":{"@id":"https:\/\/walesph.com\/vi\/#website"},"datePublished":"2018-03-11T13:39:53+00:00","dateModified":"2019-12-02T14:25:56+00:00","description":"Cho nh\u1eefng ai mu\u1ed1n du h\u1ecdc \u1edf WALES, C\u00f3 2 ph\u01b0\u01a1ng th\u1ee9c \u0111\u1ec3 \u0111\u0103ng k\u00ed h\u1ecdc \u1edf WALES. (1) \u0110\u0103ng k\u00ed th\u00f4ng qua website c\u1ee7a tr\u01b0\u1eddng. Xin vui l\u00f2ng \u0111i\u1ec1n \u201cgi\u1ea5y \u0111\u0103ng k\u00ed nh\u1eadp h\u1ecdc\u201d v\u00e0 g\u1eedi \u0111i. (2) \u0110\u0103ng k\u00ed th\u00f4ng qua v\u0103n ph\u00f2ng t\u01b0 v\u1ea5n","breadcrumb":{"@id":"https:\/\/walesph.com\/vi\/admission\/#breadcrumb"},"inLanguage":"vi-VN","potentialAction":[{"@type":"ReadAction","target":["https:\/\/walesph.com\/vi\/admission\/"]}]},{"@type":"BreadcrumbList","@id":"https:\/\/walesph.com\/vi\/admission\/#breadcrumb","itemListElement":[{"@type":"ListItem","position":1,"name":"Home","item":"https:\/\/walesph.com\/vi\/"},{"@type":"ListItem","position":2,"name":"\u0110\u0102NG K\u00cd"}]},{"@type":"WebSite","@id":"https:\/\/walesph.com\/vi\/#website","url":"https:\/\/walesph.com\/vi\/","name":"WALES Academy - English Study in Baguio, Philippines","description":"Study ESL, IELTS, TOEIC, TOEFL | Best choice to improve your English skill | located in Baguio City, Philippines","publisher":{"@id":"https:\/\/walesph.com\/vi\/#organization"},"potentialAction":[{"@type":"SearchAction","target":{"@type":"EntryPoint","urlTemplate":"https:\/\/walesph.com\/vi\/?s={search_term_string}"},"query-input":{"@type":"PropertyValueSpecification","valueRequired":true,"valueName":"search_term_string"}}],"inLanguage":"vi-VN"},{"@type":"Organization","@id":"https:\/\/walesph.com\/vi\/#organization","name":"WALES (Widest Asian Learners English School Inc.)","url":"https:\/\/walesph.com\/vi\/","logo":{"@type":"ImageObject","inLanguage":"vi-VN","@id":"https:\/\/walesph.com\/vi\/#\/schema\/logo\/image\/","url":"https:\/\/walesph.com\/wp-content\/uploads\/2018\/06\/logo.png","contentUrl":"https:\/\/walesph.com\/wp-content\/uploads\/2018\/06\/logo.png","width":673,"height":670,"caption":"WALES (Widest Asian Learners English School Inc.)"},"image":{"@id":"https:\/\/walesph.com\/vi\/#\/schema\/logo\/image\/"},"sameAs":["https:\/\/www.youtube.com\/channel\/UCIfHXHa0sKYDBZKnGPKqmxg"]}]}},"_links":{"self":[{"href":"https:\/\/walesph.com\/vi\/wp-json\/wp\/v2\/pages\/4299","targetHints":{"allow":["GET"]}}],"collection":[{"href":"https:\/\/walesph.com\/vi\/wp-json\/wp\/v2\/pages"}],"about":[{"href":"https:\/\/walesph.com\/vi\/wp-json\/wp\/v2\/types\/page"}],"author":[{"embeddable":true,"href":"https:\/\/walesph.com\/vi\/wp-json\/wp\/v2\/users\/1"}],"replies":[{"embeddable":true,"href":"https:\/\/walesph.com\/vi\/wp-json\/wp\/v2\/comments?post=4299"}],"version-history":[{"count":4,"href":"https:\/\/walesph.com\/vi\/wp-json\/wp\/v2\/pages\/4299\/revisions"}],"predecessor-version":[{"id":9209,"href":"https:\/\/walesph.com\/vi\/wp-json\/wp\/v2\/pages\/4299\/revisions\/9209"}],"wp:attachment":[{"href":"https:\/\/walesph.com\/vi\/wp-json\/wp\/v2\/media?parent=4299"}],"curies":[{"name":"wp","href":"https:\/\/api.w.org\/{rel}","templated":true}]}}