{"id":4288,"date":"2018-03-11T21:39:23","date_gmt":"2018-03-11T13:39:23","guid":{"rendered":"https:\/\/walesph.com\/?page_id=4288"},"modified":"2024-06-08T05:13:10","modified_gmt":"2024-06-07T21:13:10","slug":"facility","status":"publish","type":"page","link":"https:\/\/walesph.com\/vi\/facility\/","title":{"rendered":"Facility"},"content":{"rendered":"\n<figure class=\"wp-block-image size-full\"><img loading=\"lazy\" decoding=\"async\" width=\"800\" height=\"400\" src=\"https:\/\/walesph.com\/wp-content\/uploads\/2018\/04\/img_facility_main.jpg\" alt=\"WALES's Facility\" class=\"wp-image-2619\" srcset=\"https:\/\/walesph.com\/wp-content\/uploads\/2018\/04\/img_facility_main.jpg 800w, https:\/\/walesph.com\/wp-content\/uploads\/2018\/04\/img_facility_main-300x150.jpg 300w, https:\/\/walesph.com\/wp-content\/uploads\/2018\/04\/img_facility_main-768x384.jpg 768w\" sizes=\"auto, (max-width: 800px) 85vw, 800px\" \/><\/figure>\n\n\n\n<div id=\"facility\">\n\n\n\n<h2 class=\"wp-block-heading h2t\">INTRODUCTION OF SCHOOL FACILITIES<\/h2>\n\n\n\n<p>Check class roooms and other facilities in the academy here.<\/p>\n\n\n\n<div class=\"wp-block-columns is-layout-flex wp-container-core-columns-is-layout-1 wp-block-columns-is-layout-flex\">\n<div class=\"wp-block-column is-layout-flow wp-block-column-is-layout-flow\">\n<figure class=\"wp-block-image size-full\"><a href=\"https:\/\/walesph.com\/facility\/school\/\"><img loading=\"lazy\" decoding=\"async\" width=\"680\" height=\"440\" src=\"https:\/\/walesph.com\/wp-content\/uploads\/2024\/06\/img_facil_classroom.jpg\" alt=\"WALES Classrooms\" class=\"wp-image-14473\"\/><\/a><\/figure>\n\n\n\n<p><strong>Classrooms<\/strong><br>We have two types of class room: 1:1 class rooms, rooms for group classes.<br><a href=\"https:\/\/walesph.com\/facility\/school\/\">-> check Classroooms pictures here<\/a><\/p>\n<\/div>\n\n\n\n<div class=\"wp-block-column is-layout-flow wp-block-column-is-layout-flow\">\n<figure class=\"wp-block-image size-full\"><a href=\"https:\/\/walesph.com\/facility\/school\/#business\"><img loading=\"lazy\" decoding=\"async\" width=\"680\" height=\"440\" src=\"https:\/\/walesph.com\/wp-content\/uploads\/2024\/06\/img_facil_business.jpg\" alt=\"Business Center\" class=\"wp-image-14461\"\/><\/a><\/figure>\n\n\n\n<p><strong>Business Center &amp; Lounge<\/strong><br><a href=\"https:\/\/walesph.com\/facility\/school\/#business\">-> check Business Center&amp;Lounge pictures here<\/a><\/p>\n<\/div>\n<\/div>\n\n\n\n<div class=\"wp-block-columns is-layout-flex wp-container-core-columns-is-layout-2 wp-block-columns-is-layout-flex\">\n<div class=\"wp-block-column is-layout-flow wp-block-column-is-layout-flow\">\n<figure class=\"wp-block-image size-full\"><a href=\"https:\/\/walesph.com\/facility\/school-2\/\"><img loading=\"lazy\" decoding=\"async\" width=\"680\" height=\"440\" src=\"https:\/\/walesph.com\/wp-content\/uploads\/2024\/06\/img_facil_cafeteria.jpg\" alt=\"WALES Cafeteria\" class=\"wp-image-14467\"\/><\/a><\/figure>\n\n\n\n<p><strong>Cafeteria<\/strong><br><a href=\"https:\/\/walesph.com\/facility\/school-2\/\">-> check Cafeteria pictures here<\/a><\/p>\n<\/div>\n\n\n\n<div class=\"wp-block-column is-layout-flow wp-block-column-is-layout-flow\">\n<figure class=\"wp-block-image size-full\"><a href=\"https:\/\/walesph.com\/facility\/school-2\/#lounge\"><img loading=\"lazy\" decoding=\"async\" width=\"680\" height=\"440\" src=\"https:\/\/walesph.com\/wp-content\/uploads\/2024\/06\/img_facil_lounge.jpg\" alt=\"WALES Student Lounge\" class=\"wp-image-14479\"\/><\/a><\/figure>\n\n\n\n<p><strong>Student Lounge &amp; Reception<\/strong><br><a href=\"https:\/\/walesph.com\/facility\/school-2\/#lounge\">-> check Student Lounge pictures here<\/a><\/p>\n<\/div>\n<\/div>\n\n\n\n<div class=\"wp-block-columns is-layout-flex wp-container-core-columns-is-layout-3 wp-block-columns-is-layout-flex\">\n<div class=\"wp-block-column is-layout-flow wp-block-column-is-layout-flow\">\n<figure class=\"wp-block-image size-full\"><a href=\"https:\/\/walesph.com\/facility\/location\/\"><img loading=\"lazy\" decoding=\"async\" width=\"680\" height=\"440\" src=\"https:\/\/walesph.com\/wp-content\/uploads\/2024\/06\/img_facil_location.jpg\" alt=\"WALES Location\" class=\"wp-image-14486\"\/><\/a><\/figure>\n\n\n\n<p><strong>Around School<\/strong><br>There are various shops and places in the vicinity of WALES with good location.<br><a href=\"https:\/\/walesph.com\/facility\/location\/\">->\u00a0Check surroundings pictures here<\/a><\/p>\n<\/div>\n\n\n\n<div class=\"wp-block-column is-layout-flow wp-block-column-is-layout-flow\"><\/div>\n<\/div>\n","protected":false},"excerpt":{"rendered":"<p>INTRODUCTION OF SCHOOL FACILITIES Check class roooms and other facilities in the academy here. ClassroomsWe have two types of class room: 1:1 class rooms, rooms for group classes.-> check Classroooms pictures here Business Center &amp; Lounge-> check Business Center&amp;Lounge pictures here Cafeteria-> check Cafeteria pictures here Student Lounge &amp; Reception-> check Student Lounge pictures here Around SchoolThere are various shops and places in the vicinity of WALES with good location.->\u00a0Check surroundings pictures here<\/p>\n","protected":false},"author":1,"featured_media":0,"parent":0,"menu_order":3,"comment_status":"closed","ping_status":"closed","template":"","meta":{"_mc_calendar":[],"_vp_format_video_url":"","_vp_image_focal_point":[],"footnotes":""},"class_list":["post-4288","page","type-page","status-publish","hentry"],"yoast_head":"<!-- This site is optimized with the Yoast SEO plugin v24.8.1 - https:\/\/yoast.com\/wordpress\/plugins\/seo\/ -->\n<title>Facility | Tr\u01b0\u1eddng anh ng\u1eef WALES \u1edf Baguio, Philippines<\/title>\n<meta name=\"description\" content=\"C\u01a0 S\u1ede V\u1eacT CH\u1ea4T, GI\u1edaI THI\u1ec6U C\u01a0 S\u1ede V\u1eacT CH\u1ea4T C\u1ee6A TR\u01af\u1edcNG \/ C\u00f3 3 lo\u1ea1i ph\u00f2ng b\u1ea1n c\u00f3 th\u1ec3 l\u1ef1a ch\u1ecdn: ph\u00f2ng t\u1eadp th\u1ec3, ph\u00f2ng studio, ph\u00f2ng cho n\u1eef. C\u01a1 s\u1edf v\u1eadt ch\u1ea5t v\u00e0 quy m\u00f4 c\u00f3 th\u1ec3 d\u1ef1a theo t\u1eebng lo\u1ea1i ph\u00f2ng.\" \/>\n<meta name=\"robots\" content=\"index, follow, max-snippet:-1, max-image-preview:large, max-video-preview:-1\" \/>\n<link rel=\"canonical\" href=\"https:\/\/walesph.com\/vi\/facility\/\" \/>\n<meta property=\"og:locale\" content=\"vi_VN\" \/>\n<meta property=\"og:type\" content=\"article\" \/>\n<meta property=\"og:title\" content=\"Facility | Tr\u01b0\u1eddng anh ng\u1eef WALES \u1edf Baguio, Philippines\" \/>\n<meta property=\"og:description\" content=\"C\u01a0 S\u1ede V\u1eacT CH\u1ea4T, GI\u1edaI THI\u1ec6U C\u01a0 S\u1ede V\u1eacT CH\u1ea4T C\u1ee6A TR\u01af\u1edcNG \/ C\u00f3 3 lo\u1ea1i ph\u00f2ng b\u1ea1n c\u00f3 th\u1ec3 l\u1ef1a ch\u1ecdn: ph\u00f2ng t\u1eadp th\u1ec3, ph\u00f2ng studio, ph\u00f2ng cho n\u1eef. C\u01a1 s\u1edf v\u1eadt ch\u1ea5t v\u00e0 quy m\u00f4 c\u00f3 th\u1ec3 d\u1ef1a theo t\u1eebng lo\u1ea1i ph\u00f2ng.\" \/>\n<meta property=\"og:url\" content=\"https:\/\/walesph.com\/vi\/facility\/\" \/>\n<meta property=\"og:site_name\" content=\"WALES Academy - English Study in Baguio, Philippines\" \/>\n<meta property=\"article:modified_time\" content=\"2024-06-07T21:13:10+00:00\" \/>\n<meta property=\"og:image\" content=\"https:\/\/walesph.com\/wp-content\/uploads\/2018\/04\/img_facility_main.jpg\" \/>\n<meta name=\"twitter:card\" content=\"summary_large_image\" \/>\n<meta name=\"twitter:label1\" content=\"Est. reading time\" \/>\n\t<meta name=\"twitter:data1\" content=\"2 minutes\" \/>\n<script type=\"application\/ld+json\" class=\"yoast-schema-graph\">{\"@context\":\"https:\/\/schema.org\",\"@graph\":[{\"@type\":\"WebPage\",\"@id\":\"https:\/\/walesph.com\/vi\/facility\/\",\"url\":\"https:\/\/walesph.com\/vi\/facility\/\",\"name\":\"Facility | Tr\u01b0\u1eddng anh ng\u1eef WALES \u1edf Baguio, Philippines\",\"isPartOf\":{\"@id\":\"https:\/\/walesph.com\/vi\/#website\"},\"primaryImageOfPage\":{\"@id\":\"https:\/\/walesph.com\/vi\/facility\/#primaryimage\"},\"image\":{\"@id\":\"https:\/\/walesph.com\/vi\/facility\/#primaryimage\"},\"thumbnailUrl\":\"https:\/\/walesph.com\/wp-content\/uploads\/2018\/04\/img_facility_main.jpg\",\"datePublished\":\"2018-03-11T13:39:23+00:00\",\"dateModified\":\"2024-06-07T21:13:10+00:00\",\"description\":\"C\u01a0 S\u1ede V\u1eacT CH\u1ea4T, GI\u1edaI THI\u1ec6U C\u01a0 S\u1ede V\u1eacT CH\u1ea4T C\u1ee6A TR\u01af\u1edcNG \/ C\u00f3 3 lo\u1ea1i ph\u00f2ng b\u1ea1n c\u00f3 th\u1ec3 l\u1ef1a ch\u1ecdn: ph\u00f2ng t\u1eadp th\u1ec3, ph\u00f2ng studio, ph\u00f2ng cho n\u1eef. C\u01a1 s\u1edf v\u1eadt ch\u1ea5t v\u00e0 quy m\u00f4 c\u00f3 th\u1ec3 d\u1ef1a theo t\u1eebng lo\u1ea1i ph\u00f2ng.\",\"breadcrumb\":{\"@id\":\"https:\/\/walesph.com\/vi\/facility\/#breadcrumb\"},\"inLanguage\":\"vi-VN\",\"potentialAction\":[{\"@type\":\"ReadAction\",\"target\":[\"https:\/\/walesph.com\/vi\/facility\/\"]}]},{\"@type\":\"ImageObject\",\"inLanguage\":\"vi-VN\",\"@id\":\"https:\/\/walesph.com\/vi\/facility\/#primaryimage\",\"url\":\"https:\/\/walesph.com\/wp-content\/uploads\/2018\/04\/img_facility_main.jpg\",\"contentUrl\":\"https:\/\/walesph.com\/wp-content\/uploads\/2018\/04\/img_facility_main.jpg\"},{\"@type\":\"BreadcrumbList\",\"@id\":\"https:\/\/walesph.com\/vi\/facility\/#breadcrumb\",\"itemListElement\":[{\"@type\":\"ListItem\",\"position\":1,\"name\":\"Home\",\"item\":\"https:\/\/walesph.com\/vi\/\"},{\"@type\":\"ListItem\",\"position\":2,\"name\":\"Facility\"}]},{\"@type\":\"WebSite\",\"@id\":\"https:\/\/walesph.com\/vi\/#website\",\"url\":\"https:\/\/walesph.com\/vi\/\",\"name\":\"WALES Academy - English Study in Baguio, Philippines\",\"description\":\"Study ESL, IELTS, TOEIC, TOEFL | Best choice to improve your English skill | located in Baguio City, Philippines\",\"publisher\":{\"@id\":\"https:\/\/walesph.com\/vi\/#organization\"},\"potentialAction\":[{\"@type\":\"SearchAction\",\"target\":{\"@type\":\"EntryPoint\",\"urlTemplate\":\"https:\/\/walesph.com\/vi\/?s={search_term_string}\"},\"query-input\":{\"@type\":\"PropertyValueSpecification\",\"valueRequired\":true,\"valueName\":\"search_term_string\"}}],\"inLanguage\":\"vi-VN\"},{\"@type\":\"Organization\",\"@id\":\"https:\/\/walesph.com\/vi\/#organization\",\"name\":\"WALES (Widest Asian Learners English School Inc.)\",\"url\":\"https:\/\/walesph.com\/vi\/\",\"logo\":{\"@type\":\"ImageObject\",\"inLanguage\":\"vi-VN\",\"@id\":\"https:\/\/walesph.com\/vi\/#\/schema\/logo\/image\/\",\"url\":\"https:\/\/walesph.com\/wp-content\/uploads\/2018\/06\/logo.png\",\"contentUrl\":\"https:\/\/walesph.com\/wp-content\/uploads\/2018\/06\/logo.png\",\"width\":673,\"height\":670,\"caption\":\"WALES (Widest Asian Learners English School Inc.)\"},\"image\":{\"@id\":\"https:\/\/walesph.com\/vi\/#\/schema\/logo\/image\/\"},\"sameAs\":[\"https:\/\/www.youtube.com\/channel\/UCIfHXHa0sKYDBZKnGPKqmxg\"]}]}<\/script>\n<!-- \/ Yoast SEO plugin. -->","yoast_head_json":{"title":"Facility | Tr\u01b0\u1eddng anh ng\u1eef WALES \u1edf Baguio, Philippines","description":"C\u01a0 S\u1ede V\u1eacT CH\u1ea4T, GI\u1edaI THI\u1ec6U C\u01a0 S\u1ede V\u1eacT CH\u1ea4T C\u1ee6A TR\u01af\u1edcNG \/ C\u00f3 3 lo\u1ea1i ph\u00f2ng b\u1ea1n c\u00f3 th\u1ec3 l\u1ef1a ch\u1ecdn: ph\u00f2ng t\u1eadp th\u1ec3, ph\u00f2ng studio, ph\u00f2ng cho n\u1eef. C\u01a1 s\u1edf v\u1eadt ch\u1ea5t v\u00e0 quy m\u00f4 c\u00f3 th\u1ec3 d\u1ef1a theo t\u1eebng lo\u1ea1i ph\u00f2ng.","robots":{"index":"index","follow":"follow","max-snippet":"max-snippet:-1","max-image-preview":"max-image-preview:large","max-video-preview":"max-video-preview:-1"},"canonical":"https:\/\/walesph.com\/vi\/facility\/","og_locale":"vi_VN","og_type":"article","og_title":"Facility | Tr\u01b0\u1eddng anh ng\u1eef WALES \u1edf Baguio, Philippines","og_description":"C\u01a0 S\u1ede V\u1eacT CH\u1ea4T, GI\u1edaI THI\u1ec6U C\u01a0 S\u1ede V\u1eacT CH\u1ea4T C\u1ee6A TR\u01af\u1edcNG \/ C\u00f3 3 lo\u1ea1i ph\u00f2ng b\u1ea1n c\u00f3 th\u1ec3 l\u1ef1a ch\u1ecdn: ph\u00f2ng t\u1eadp th\u1ec3, ph\u00f2ng studio, ph\u00f2ng cho n\u1eef. C\u01a1 s\u1edf v\u1eadt ch\u1ea5t v\u00e0 quy m\u00f4 c\u00f3 th\u1ec3 d\u1ef1a theo t\u1eebng lo\u1ea1i ph\u00f2ng.","og_url":"https:\/\/walesph.com\/vi\/facility\/","og_site_name":"WALES Academy - English Study in Baguio, Philippines","article_modified_time":"2024-06-07T21:13:10+00:00","og_image":[{"url":"https:\/\/walesph.com\/wp-content\/uploads\/2018\/04\/img_facility_main.jpg","type":"","width":"","height":""}],"twitter_card":"summary_large_image","twitter_misc":{"Est. reading time":"2 minutes"},"schema":{"@context":"https:\/\/schema.org","@graph":[{"@type":"WebPage","@id":"https:\/\/walesph.com\/vi\/facility\/","url":"https:\/\/walesph.com\/vi\/facility\/","name":"Facility | Tr\u01b0\u1eddng anh ng\u1eef WALES \u1edf Baguio, Philippines","isPartOf":{"@id":"https:\/\/walesph.com\/vi\/#website"},"primaryImageOfPage":{"@id":"https:\/\/walesph.com\/vi\/facility\/#primaryimage"},"image":{"@id":"https:\/\/walesph.com\/vi\/facility\/#primaryimage"},"thumbnailUrl":"https:\/\/walesph.com\/wp-content\/uploads\/2018\/04\/img_facility_main.jpg","datePublished":"2018-03-11T13:39:23+00:00","dateModified":"2024-06-07T21:13:10+00:00","description":"C\u01a0 S\u1ede V\u1eacT CH\u1ea4T, GI\u1edaI THI\u1ec6U C\u01a0 S\u1ede V\u1eacT CH\u1ea4T C\u1ee6A TR\u01af\u1edcNG \/ C\u00f3 3 lo\u1ea1i ph\u00f2ng b\u1ea1n c\u00f3 th\u1ec3 l\u1ef1a ch\u1ecdn: ph\u00f2ng t\u1eadp th\u1ec3, ph\u00f2ng studio, ph\u00f2ng cho n\u1eef. C\u01a1 s\u1edf v\u1eadt ch\u1ea5t v\u00e0 quy m\u00f4 c\u00f3 th\u1ec3 d\u1ef1a theo t\u1eebng lo\u1ea1i ph\u00f2ng.","breadcrumb":{"@id":"https:\/\/walesph.com\/vi\/facility\/#breadcrumb"},"inLanguage":"vi-VN","potentialAction":[{"@type":"ReadAction","target":["https:\/\/walesph.com\/vi\/facility\/"]}]},{"@type":"ImageObject","inLanguage":"vi-VN","@id":"https:\/\/walesph.com\/vi\/facility\/#primaryimage","url":"https:\/\/walesph.com\/wp-content\/uploads\/2018\/04\/img_facility_main.jpg","contentUrl":"https:\/\/walesph.com\/wp-content\/uploads\/2018\/04\/img_facility_main.jpg"},{"@type":"BreadcrumbList","@id":"https:\/\/walesph.com\/vi\/facility\/#breadcrumb","itemListElement":[{"@type":"ListItem","position":1,"name":"Home","item":"https:\/\/walesph.com\/vi\/"},{"@type":"ListItem","position":2,"name":"Facility"}]},{"@type":"WebSite","@id":"https:\/\/walesph.com\/vi\/#website","url":"https:\/\/walesph.com\/vi\/","name":"WALES Academy - English Study in Baguio, Philippines","description":"Study ESL, IELTS, TOEIC, TOEFL | Best choice to improve your English skill | located in Baguio City, Philippines","publisher":{"@id":"https:\/\/walesph.com\/vi\/#organization"},"potentialAction":[{"@type":"SearchAction","target":{"@type":"EntryPoint","urlTemplate":"https:\/\/walesph.com\/vi\/?s={search_term_string}"},"query-input":{"@type":"PropertyValueSpecification","valueRequired":true,"valueName":"search_term_string"}}],"inLanguage":"vi-VN"},{"@type":"Organization","@id":"https:\/\/walesph.com\/vi\/#organization","name":"WALES (Widest Asian Learners English School Inc.)","url":"https:\/\/walesph.com\/vi\/","logo":{"@type":"ImageObject","inLanguage":"vi-VN","@id":"https:\/\/walesph.com\/vi\/#\/schema\/logo\/image\/","url":"https:\/\/walesph.com\/wp-content\/uploads\/2018\/06\/logo.png","contentUrl":"https:\/\/walesph.com\/wp-content\/uploads\/2018\/06\/logo.png","width":673,"height":670,"caption":"WALES (Widest Asian Learners English School Inc.)"},"image":{"@id":"https:\/\/walesph.com\/vi\/#\/schema\/logo\/image\/"},"sameAs":["https:\/\/www.youtube.com\/channel\/UCIfHXHa0sKYDBZKnGPKqmxg"]}]}},"_links":{"self":[{"href":"https:\/\/walesph.com\/vi\/wp-json\/wp\/v2\/pages\/4288","targetHints":{"allow":["GET"]}}],"collection":[{"href":"https:\/\/walesph.com\/vi\/wp-json\/wp\/v2\/pages"}],"about":[{"href":"https:\/\/walesph.com\/vi\/wp-json\/wp\/v2\/types\/page"}],"author":[{"embeddable":true,"href":"https:\/\/walesph.com\/vi\/wp-json\/wp\/v2\/users\/1"}],"replies":[{"embeddable":true,"href":"https:\/\/walesph.com\/vi\/wp-json\/wp\/v2\/comments?post=4288"}],"version-history":[{"count":3,"href":"https:\/\/walesph.com\/vi\/wp-json\/wp\/v2\/pages\/4288\/revisions"}],"predecessor-version":[{"id":14497,"href":"https:\/\/walesph.com\/vi\/wp-json\/wp\/v2\/pages\/4288\/revisions\/14497"}],"wp:attachment":[{"href":"https:\/\/walesph.com\/vi\/wp-json\/wp\/v2\/media?parent=4288"}],"curies":[{"name":"wp","href":"https:\/\/api.w.org\/{rel}","templated":true}]}}