{"id":4286,"date":"2018-03-09T23:33:19","date_gmt":"2018-03-09T15:33:19","guid":{"rendered":"https:\/\/walesph.com\/?page_id=4286"},"modified":"2023-07-24T00:53:08","modified_gmt":"2023-07-23T16:53:08","slug":"family","status":"publish","type":"page","link":"https:\/\/walesph.com\/vi\/program\/family\/","title":{"rendered":"Family"},"content":{"rendered":"\n<figure class=\"wp-block-image size-full\"><img loading=\"lazy\" decoding=\"async\" width=\"1200\" height=\"444\" src=\"https:\/\/walesph.com\/wp-content\/uploads\/2023\/07\/program_family_main.jpg\" alt=\"Family Program\" class=\"wp-image-10625\" srcset=\"https:\/\/walesph.com\/wp-content\/uploads\/2023\/07\/program_family_main.jpg 1200w, https:\/\/walesph.com\/wp-content\/uploads\/2023\/07\/program_family_main-600x222.jpg 600w, https:\/\/walesph.com\/wp-content\/uploads\/2023\/07\/program_family_main-1024x379.jpg 1024w, https:\/\/walesph.com\/wp-content\/uploads\/2023\/07\/program_family_main-150x56.jpg 150w\" sizes=\"auto, (max-width: 709px) 85vw, (max-width: 909px) 67vw, (max-width: 1362px) 62vw, 840px\" \/><\/figure>\n\n\n\n<h2 class=\"wp-block-heading h2t\">Family Program<\/h2>\n\n\n\n<p>Family program is a beneficial and enjoyable program where families can learn English together while experiencing Filipino culture and natural environment. Parents can live with their children and receive tailored English classes from local professional teachers to improve their English skills.<\/p>\n\n\n\n<p>On weekends, families can enjoy various activities that allow them to experience local culture and natural environment, which will broaden everyone&#8217;s experiences and perspectives.<\/p>\n\n\n\n<p>Philippine English family training is a program that families can enjoy together, recommended for families who want to have diverse experiences along with English learning.<\/p>\n\n\n\n<div class=\"wp-block-columns tsp is-layout-flex wp-container-core-columns-is-layout-1 wp-block-columns-is-layout-flex\">\n<div class=\"wp-block-column is-layout-flow wp-block-column-is-layout-flow\">\n<figure class=\"wp-block-flexible-table-block-table timesc\"><figcaption style=\"text-align:left\"><strong>DAILY SCHEDULE<\/strong><\/figcaption><table class=\"has-fixed-layout\"><thead><tr><th>Time<\/th><th>Subjects<\/th><th>Note<\/th><\/tr><\/thead><tbody><tr><td>07:00 &#8211; 07:45<\/td><td>Breakfast<\/td><td>Breakfast Time<br>07:00 &#8211; 07:45<br>08:00 &#8211; 08:45<\/td><\/tr><tr><td>08:00 &#8211; 08:45<\/td><td>Breakfast \/ Class<\/td><td>1:1 or Group class<\/td><\/tr><tr><td>08:55 &#8211; 09:40<\/td><td>Class<\/td><td>1:1 or Group class<\/td><\/tr><tr><td>09:50 &#8211; 10:35<\/td><td>Class<\/td><td>1:1 or Group class<\/td><\/tr><tr><td>10:45 &#8211; 11:30<\/td><td>Class<\/td><td>1:1 or Group class<\/td><\/tr><tr><td>11:40 &#8211; 12:25<\/td><td>Lunch \/ Class<\/td><td>Lunch Time<br>11:30 &#8211; 12:30<br>12:30 &#8211; 13:20<\/td><\/tr><tr><td>12:35 &#8211; 13:20<\/td><td>Class<\/td><td>1:1 or Group class<\/td><\/tr><tr><td>13:30 &#8211; 14:15<\/td><td>Class<\/td><td>1:1 or Group class<\/td><\/tr><tr><td>14:25 &#8211; 15:10<\/td><td>Class<\/td><td>1:1 or Group class<\/td><\/tr><tr><td>15:20 &#8211; 16:05<\/td><td>Class<\/td><td>1:1 or Group class<\/td><\/tr><tr><td>16:15 &#8211; 17:00<\/td><td>Class<\/td><td>1:1 or Group class<\/td><\/tr><tr><td>17:00 &#8211; 17:45<\/td><td>Class<\/td><td>1:1 or Group class<\/td><\/tr><tr><td>17:30 &#8211; 19:00<\/td><td>Dinner<\/td><td>Dinner<\/td><\/tr><tr><td>19:00 &#8211; 22:00<\/td><td>Self Study<\/td><td><\/td><\/tr><\/tbody><\/table><\/figure>\n<\/div>\n\n\n\n<div class=\"wp-block-column is-layout-flow wp-block-column-is-layout-flow\">\n<figure class=\"wp-block-image size-full\"><img loading=\"lazy\" decoding=\"async\" width=\"370\" height=\"550\" src=\"https:\/\/walesph.com\/wp-content\/uploads\/2023\/07\/program_family01.jpg\" alt=\"\" class=\"wp-image-10637\" srcset=\"https:\/\/walesph.com\/wp-content\/uploads\/2023\/07\/program_family01.jpg 370w, https:\/\/walesph.com\/wp-content\/uploads\/2023\/07\/program_family01-101x150.jpg 101w\" sizes=\"auto, (max-width: 370px) 85vw, 370px\" \/><\/figure>\n<\/div>\n<\/div>\n\n\n\n<div id=\"formlink\" class=\"cf\">\n<p class=\"admi\"><a href=\"https:\/\/walesph.com\/admissions\/registration\/\"><i class=\"fas fa-chevron-circle-right fa-fw\"><\/i>Apply for Admission to WALES<\/a><\/p>\n<p class=\"inq\"><span class=\"stx\">Questions and Consultation to WALES<\/span><br \/><a href=\"https:\/\/walesph.com\/community\/contact\/\"><i class=\"far fa-envelope fa-fw\"><\/i>INQUIRY<\/a> | <a href=\"https:\/\/walesph.com\/community\/contact\/#otcontact\"><i class=\"far fa-comment fa-fw\"><\/i>SNS<\/a><\/p>\n<\/div>\n","protected":false},"excerpt":{"rendered":"<p>Family Program Family program is a beneficial and enjoyable program where families can learn English together while experiencing Filipino culture and natural environment. Parents can live with their children and receive tailored English classes from local professional teachers to improve their English skills. On weekends, families can enjoy various activities that allow them to experience local culture and natural environment, which will broaden everyone&#8217;s experiences and perspectives. Philippine English family training is a program that families can enjoy together, recommended &hellip; <a href=\"https:\/\/walesph.com\/vi\/program\/family\/\" class=\"more-link\">Read More<span class=\"screen-reader-text\"> &#8220;Family&#8221;<\/span><\/a><\/p>\n","protected":false},"author":1,"featured_media":0,"parent":4274,"menu_order":6,"comment_status":"closed","ping_status":"closed","template":"","meta":{"_mc_calendar":[],"_vp_format_video_url":"","_vp_image_focal_point":[],"footnotes":""},"class_list":["post-4286","page","type-page","status-publish","hentry"],"yoast_head":"<!-- This site is optimized with the Yoast SEO plugin v24.8.1 - https:\/\/yoast.com\/wordpress\/plugins\/seo\/ -->\n<title>Family Kh\u00f3a h\u1ecdc | Tr\u01b0\u1eddng anh ng\u1eef WALES \u1edf Baguio, Philippines<\/title>\n<meta name=\"description\" content=\"KH\u00d3A D\u00c0NH CHO GIA \u0110\u00ccNH \/ M\u1ee5c \u0111\u00edch: \u0110\u1ec3 \u0111\u1ea1t \u0111\u01b0\u1ee3c g\u1eafn k\u1ebft gia \u0111\u00ecnh trong khi h\u1ecdc t\u1eadp. M\u1ee5c ti\u00eau: 1) \u0110\u1ec3 ph\u1ee5c v\u1ee5 v\u00e0 h\u1ed7 tr\u1ee3 c\u00e1c nhu c\u1ea7u ng\u00f4n ng\u1eef c\u01a1 b\u1ea3n cho giao ti\u1ebfp. 2) \u0110\u1ec3 d\u1ea1y c\u00e1c nhu c\u1ea7u c\u1ee5 th\u1ec3 cho t\u1eebng ph\u1ee5 huynh v\u00e0 tr\u1ebb em.\" \/>\n<meta name=\"robots\" content=\"index, follow, max-snippet:-1, max-image-preview:large, max-video-preview:-1\" \/>\n<link rel=\"canonical\" href=\"https:\/\/walesph.com\/vi\/program\/family-junior-esl\/\" \/>\n<meta property=\"og:locale\" content=\"vi_VN\" \/>\n<meta property=\"og:type\" content=\"article\" \/>\n<meta property=\"og:title\" content=\"Family Kh\u00f3a h\u1ecdc | Tr\u01b0\u1eddng anh ng\u1eef WALES \u1edf Baguio, Philippines\" \/>\n<meta property=\"og:description\" content=\"KH\u00d3A D\u00c0NH CHO GIA \u0110\u00ccNH \/ M\u1ee5c \u0111\u00edch: \u0110\u1ec3 \u0111\u1ea1t \u0111\u01b0\u1ee3c g\u1eafn k\u1ebft gia \u0111\u00ecnh trong khi h\u1ecdc t\u1eadp. M\u1ee5c ti\u00eau: 1) \u0110\u1ec3 ph\u1ee5c v\u1ee5 v\u00e0 h\u1ed7 tr\u1ee3 c\u00e1c nhu c\u1ea7u ng\u00f4n ng\u1eef c\u01a1 b\u1ea3n cho giao ti\u1ebfp. 2) \u0110\u1ec3 d\u1ea1y c\u00e1c nhu c\u1ea7u c\u1ee5 th\u1ec3 cho t\u1eebng ph\u1ee5 huynh v\u00e0 tr\u1ebb em.\" \/>\n<meta property=\"og:url\" content=\"https:\/\/walesph.com\/vi\/program\/family-junior-esl\/\" \/>\n<meta property=\"og:site_name\" content=\"WALES Academy - English Study in Baguio, Philippines\" \/>\n<meta property=\"article:modified_time\" content=\"2023-07-23T16:53:08+00:00\" \/>\n<meta property=\"og:image\" content=\"https:\/\/walesph.com\/wp-content\/uploads\/2023\/07\/program_family_main.jpg\" \/>\n<meta name=\"twitter:card\" content=\"summary_large_image\" \/>\n<meta name=\"twitter:label1\" content=\"Est. reading time\" \/>\n\t<meta name=\"twitter:data1\" content=\"1 minute\" \/>\n<script type=\"application\/ld+json\" class=\"yoast-schema-graph\">{\"@context\":\"https:\/\/schema.org\",\"@graph\":[{\"@type\":\"WebPage\",\"@id\":\"https:\/\/walesph.com\/vi\/program\/family\/\",\"url\":\"https:\/\/walesph.com\/vi\/program\/family-junior-esl\/\",\"name\":\"Family Kh\u00f3a h\u1ecdc | Tr\u01b0\u1eddng anh ng\u1eef WALES \u1edf Baguio, Philippines\",\"isPartOf\":{\"@id\":\"https:\/\/walesph.com\/vi\/#website\"},\"primaryImageOfPage\":{\"@id\":\"https:\/\/walesph.com\/vi\/program\/family-junior-esl\/#primaryimage\"},\"image\":{\"@id\":\"https:\/\/walesph.com\/vi\/program\/family-junior-esl\/#primaryimage\"},\"thumbnailUrl\":\"https:\/\/walesph.com\/wp-content\/uploads\/2023\/07\/program_family_main.jpg\",\"datePublished\":\"2018-03-09T15:33:19+00:00\",\"dateModified\":\"2023-07-23T16:53:08+00:00\",\"description\":\"KH\u00d3A D\u00c0NH CHO GIA \u0110\u00ccNH \/ M\u1ee5c \u0111\u00edch: \u0110\u1ec3 \u0111\u1ea1t \u0111\u01b0\u1ee3c g\u1eafn k\u1ebft gia \u0111\u00ecnh trong khi h\u1ecdc t\u1eadp. M\u1ee5c ti\u00eau: 1) \u0110\u1ec3 ph\u1ee5c v\u1ee5 v\u00e0 h\u1ed7 tr\u1ee3 c\u00e1c nhu c\u1ea7u ng\u00f4n ng\u1eef c\u01a1 b\u1ea3n cho giao ti\u1ebfp. 2) \u0110\u1ec3 d\u1ea1y c\u00e1c nhu c\u1ea7u c\u1ee5 th\u1ec3 cho t\u1eebng ph\u1ee5 huynh v\u00e0 tr\u1ebb em.\",\"breadcrumb\":{\"@id\":\"https:\/\/walesph.com\/vi\/program\/family-junior-esl\/#breadcrumb\"},\"inLanguage\":\"vi-VN\",\"potentialAction\":[{\"@type\":\"ReadAction\",\"target\":[\"https:\/\/walesph.com\/vi\/program\/family-junior-esl\/\"]}]},{\"@type\":\"ImageObject\",\"inLanguage\":\"vi-VN\",\"@id\":\"https:\/\/walesph.com\/vi\/program\/family-junior-esl\/#primaryimage\",\"url\":\"https:\/\/walesph.com\/wp-content\/uploads\/2023\/07\/program_family_main.jpg\",\"contentUrl\":\"https:\/\/walesph.com\/wp-content\/uploads\/2023\/07\/program_family_main.jpg\"},{\"@type\":\"BreadcrumbList\",\"@id\":\"https:\/\/walesph.com\/vi\/program\/family-junior-esl\/#breadcrumb\",\"itemListElement\":[{\"@type\":\"ListItem\",\"position\":1,\"name\":\"Home\",\"item\":\"https:\/\/walesph.com\/vi\/\"},{\"@type\":\"ListItem\",\"position\":2,\"name\":\"KH\u00d3A H\u1eccC\",\"item\":\"https:\/\/walesph.com\/vi\/program\/\"},{\"@type\":\"ListItem\",\"position\":3,\"name\":\"Family\"}]},{\"@type\":\"WebSite\",\"@id\":\"https:\/\/walesph.com\/vi\/#website\",\"url\":\"https:\/\/walesph.com\/vi\/\",\"name\":\"WALES Academy - English Study in Baguio, Philippines\",\"description\":\"Study ESL, IELTS, TOEIC, TOEFL | Best choice to improve your English skill | located in Baguio City, Philippines\",\"publisher\":{\"@id\":\"https:\/\/walesph.com\/vi\/#organization\"},\"potentialAction\":[{\"@type\":\"SearchAction\",\"target\":{\"@type\":\"EntryPoint\",\"urlTemplate\":\"https:\/\/walesph.com\/vi\/?s={search_term_string}\"},\"query-input\":{\"@type\":\"PropertyValueSpecification\",\"valueRequired\":true,\"valueName\":\"search_term_string\"}}],\"inLanguage\":\"vi-VN\"},{\"@type\":\"Organization\",\"@id\":\"https:\/\/walesph.com\/vi\/#organization\",\"name\":\"WALES (Widest Asian Learners English School Inc.)\",\"url\":\"https:\/\/walesph.com\/vi\/\",\"logo\":{\"@type\":\"ImageObject\",\"inLanguage\":\"vi-VN\",\"@id\":\"https:\/\/walesph.com\/vi\/#\/schema\/logo\/image\/\",\"url\":\"https:\/\/walesph.com\/wp-content\/uploads\/2018\/06\/logo.png\",\"contentUrl\":\"https:\/\/walesph.com\/wp-content\/uploads\/2018\/06\/logo.png\",\"width\":673,\"height\":670,\"caption\":\"WALES (Widest Asian Learners English School Inc.)\"},\"image\":{\"@id\":\"https:\/\/walesph.com\/vi\/#\/schema\/logo\/image\/\"},\"sameAs\":[\"https:\/\/www.youtube.com\/channel\/UCIfHXHa0sKYDBZKnGPKqmxg\"]}]}<\/script>\n<!-- \/ Yoast SEO plugin. -->","yoast_head_json":{"title":"Family Kh\u00f3a h\u1ecdc | Tr\u01b0\u1eddng anh ng\u1eef WALES \u1edf Baguio, Philippines","description":"KH\u00d3A D\u00c0NH CHO GIA \u0110\u00ccNH \/ M\u1ee5c \u0111\u00edch: \u0110\u1ec3 \u0111\u1ea1t \u0111\u01b0\u1ee3c g\u1eafn k\u1ebft gia \u0111\u00ecnh trong khi h\u1ecdc t\u1eadp. M\u1ee5c ti\u00eau: 1) \u0110\u1ec3 ph\u1ee5c v\u1ee5 v\u00e0 h\u1ed7 tr\u1ee3 c\u00e1c nhu c\u1ea7u ng\u00f4n ng\u1eef c\u01a1 b\u1ea3n cho giao ti\u1ebfp. 2) \u0110\u1ec3 d\u1ea1y c\u00e1c nhu c\u1ea7u c\u1ee5 th\u1ec3 cho t\u1eebng ph\u1ee5 huynh v\u00e0 tr\u1ebb em.","robots":{"index":"index","follow":"follow","max-snippet":"max-snippet:-1","max-image-preview":"max-image-preview:large","max-video-preview":"max-video-preview:-1"},"canonical":"https:\/\/walesph.com\/vi\/program\/family-junior-esl\/","og_locale":"vi_VN","og_type":"article","og_title":"Family Kh\u00f3a h\u1ecdc | Tr\u01b0\u1eddng anh ng\u1eef WALES \u1edf Baguio, Philippines","og_description":"KH\u00d3A D\u00c0NH CHO GIA \u0110\u00ccNH \/ M\u1ee5c \u0111\u00edch: \u0110\u1ec3 \u0111\u1ea1t \u0111\u01b0\u1ee3c g\u1eafn k\u1ebft gia \u0111\u00ecnh trong khi h\u1ecdc t\u1eadp. M\u1ee5c ti\u00eau: 1) \u0110\u1ec3 ph\u1ee5c v\u1ee5 v\u00e0 h\u1ed7 tr\u1ee3 c\u00e1c nhu c\u1ea7u ng\u00f4n ng\u1eef c\u01a1 b\u1ea3n cho giao ti\u1ebfp. 2) \u0110\u1ec3 d\u1ea1y c\u00e1c nhu c\u1ea7u c\u1ee5 th\u1ec3 cho t\u1eebng ph\u1ee5 huynh v\u00e0 tr\u1ebb em.","og_url":"https:\/\/walesph.com\/vi\/program\/family-junior-esl\/","og_site_name":"WALES Academy - English Study in Baguio, Philippines","article_modified_time":"2023-07-23T16:53:08+00:00","og_image":[{"url":"https:\/\/walesph.com\/wp-content\/uploads\/2023\/07\/program_family_main.jpg","type":"","width":"","height":""}],"twitter_card":"summary_large_image","twitter_misc":{"Est. reading time":"1 minute"},"schema":{"@context":"https:\/\/schema.org","@graph":[{"@type":"WebPage","@id":"https:\/\/walesph.com\/vi\/program\/family\/","url":"https:\/\/walesph.com\/vi\/program\/family-junior-esl\/","name":"Family Kh\u00f3a h\u1ecdc | Tr\u01b0\u1eddng anh ng\u1eef WALES \u1edf Baguio, Philippines","isPartOf":{"@id":"https:\/\/walesph.com\/vi\/#website"},"primaryImageOfPage":{"@id":"https:\/\/walesph.com\/vi\/program\/family-junior-esl\/#primaryimage"},"image":{"@id":"https:\/\/walesph.com\/vi\/program\/family-junior-esl\/#primaryimage"},"thumbnailUrl":"https:\/\/walesph.com\/wp-content\/uploads\/2023\/07\/program_family_main.jpg","datePublished":"2018-03-09T15:33:19+00:00","dateModified":"2023-07-23T16:53:08+00:00","description":"KH\u00d3A D\u00c0NH CHO GIA \u0110\u00ccNH \/ M\u1ee5c \u0111\u00edch: \u0110\u1ec3 \u0111\u1ea1t \u0111\u01b0\u1ee3c g\u1eafn k\u1ebft gia \u0111\u00ecnh trong khi h\u1ecdc t\u1eadp. M\u1ee5c ti\u00eau: 1) \u0110\u1ec3 ph\u1ee5c v\u1ee5 v\u00e0 h\u1ed7 tr\u1ee3 c\u00e1c nhu c\u1ea7u ng\u00f4n ng\u1eef c\u01a1 b\u1ea3n cho giao ti\u1ebfp. 2) \u0110\u1ec3 d\u1ea1y c\u00e1c nhu c\u1ea7u c\u1ee5 th\u1ec3 cho t\u1eebng ph\u1ee5 huynh v\u00e0 tr\u1ebb em.","breadcrumb":{"@id":"https:\/\/walesph.com\/vi\/program\/family-junior-esl\/#breadcrumb"},"inLanguage":"vi-VN","potentialAction":[{"@type":"ReadAction","target":["https:\/\/walesph.com\/vi\/program\/family-junior-esl\/"]}]},{"@type":"ImageObject","inLanguage":"vi-VN","@id":"https:\/\/walesph.com\/vi\/program\/family-junior-esl\/#primaryimage","url":"https:\/\/walesph.com\/wp-content\/uploads\/2023\/07\/program_family_main.jpg","contentUrl":"https:\/\/walesph.com\/wp-content\/uploads\/2023\/07\/program_family_main.jpg"},{"@type":"BreadcrumbList","@id":"https:\/\/walesph.com\/vi\/program\/family-junior-esl\/#breadcrumb","itemListElement":[{"@type":"ListItem","position":1,"name":"Home","item":"https:\/\/walesph.com\/vi\/"},{"@type":"ListItem","position":2,"name":"KH\u00d3A H\u1eccC","item":"https:\/\/walesph.com\/vi\/program\/"},{"@type":"ListItem","position":3,"name":"Family"}]},{"@type":"WebSite","@id":"https:\/\/walesph.com\/vi\/#website","url":"https:\/\/walesph.com\/vi\/","name":"WALES Academy - English Study in Baguio, Philippines","description":"Study ESL, IELTS, TOEIC, TOEFL | Best choice to improve your English skill | located in Baguio City, Philippines","publisher":{"@id":"https:\/\/walesph.com\/vi\/#organization"},"potentialAction":[{"@type":"SearchAction","target":{"@type":"EntryPoint","urlTemplate":"https:\/\/walesph.com\/vi\/?s={search_term_string}"},"query-input":{"@type":"PropertyValueSpecification","valueRequired":true,"valueName":"search_term_string"}}],"inLanguage":"vi-VN"},{"@type":"Organization","@id":"https:\/\/walesph.com\/vi\/#organization","name":"WALES (Widest Asian Learners English School Inc.)","url":"https:\/\/walesph.com\/vi\/","logo":{"@type":"ImageObject","inLanguage":"vi-VN","@id":"https:\/\/walesph.com\/vi\/#\/schema\/logo\/image\/","url":"https:\/\/walesph.com\/wp-content\/uploads\/2018\/06\/logo.png","contentUrl":"https:\/\/walesph.com\/wp-content\/uploads\/2018\/06\/logo.png","width":673,"height":670,"caption":"WALES (Widest Asian Learners English School Inc.)"},"image":{"@id":"https:\/\/walesph.com\/vi\/#\/schema\/logo\/image\/"},"sameAs":["https:\/\/www.youtube.com\/channel\/UCIfHXHa0sKYDBZKnGPKqmxg"]}]}},"_links":{"self":[{"href":"https:\/\/walesph.com\/vi\/wp-json\/wp\/v2\/pages\/4286","targetHints":{"allow":["GET"]}}],"collection":[{"href":"https:\/\/walesph.com\/vi\/wp-json\/wp\/v2\/pages"}],"about":[{"href":"https:\/\/walesph.com\/vi\/wp-json\/wp\/v2\/types\/page"}],"author":[{"embeddable":true,"href":"https:\/\/walesph.com\/vi\/wp-json\/wp\/v2\/users\/1"}],"replies":[{"embeddable":true,"href":"https:\/\/walesph.com\/vi\/wp-json\/wp\/v2\/comments?post=4286"}],"version-history":[{"count":3,"href":"https:\/\/walesph.com\/vi\/wp-json\/wp\/v2\/pages\/4286\/revisions"}],"predecessor-version":[{"id":10903,"href":"https:\/\/walesph.com\/vi\/wp-json\/wp\/v2\/pages\/4286\/revisions\/10903"}],"up":[{"embeddable":true,"href":"https:\/\/walesph.com\/vi\/wp-json\/wp\/v2\/pages\/4274"}],"wp:attachment":[{"href":"https:\/\/walesph.com\/vi\/wp-json\/wp\/v2\/media?parent=4286"}],"curies":[{"name":"wp","href":"https:\/\/api.w.org\/{rel}","templated":true}]}}