{"id":4274,"date":"2018-03-09T23:27:44","date_gmt":"2018-03-09T15:27:44","guid":{"rendered":"https:\/\/walesph.com\/?page_id=4274"},"modified":"2023-07-22T01:54:45","modified_gmt":"2023-07-21T17:54:45","slug":"program","status":"publish","type":"page","link":"https:\/\/walesph.com\/vi\/program\/","title":{"rendered":"KH\u00d3A H\u1eccC"},"content":{"rendered":"\n<div id=\"pages\">\n\n\n\n<h2 class=\"wp-block-heading cside\">&nbsp;ACADEMIC PROGRAM<\/h2>\n\n\n\n<p class=\"cside fst\">&nbsp;Academic programs build, develop, and enhance student\u2019s four Macro Skills.&nbsp;<br><strong>Speaking<\/strong>, <strong>Listening<\/strong>, <strong>Reading<\/strong> and <strong>Writing<\/strong><\/p>\n\n\n\n<p class=\"has-text-align-center has-large-font-size\"><strong>&nbsp;ESL, Business English, IELTS<\/strong><\/p>\n\n\n\n<ul class=\"wp-block-list\">\n<li>&nbsp;7-8 Classes everyday<\/li>\n\n\n\n<li>Student Challenge<\/li>\n\n\n\n<li>Develop English skills in writing, reading, speaking, and listening<\/li>\n\n\n\n<li>Study abroad \/ work abroad<\/li>\n\n\n\n<li>Career advancement<\/li>\n\n\n\n<li>Migration<\/li>\n<\/ul>\n\n\n\n<h4 class=\"wp-block-heading has-text-align-center\">WALES LEVELING SYSTEM<\/h4>\n\n\n\n<figure class=\"wp-block-image size-full\"><img loading=\"lazy\" decoding=\"async\" width=\"1000\" height=\"450\" src=\"https:\/\/walesph.com\/wp-content\/uploads\/2023\/07\/program_level.png\" alt=\"WALES LEVELING SYSTEM\" class=\"wp-image-10721\" srcset=\"https:\/\/walesph.com\/wp-content\/uploads\/2023\/07\/program_level.png 1000w, https:\/\/walesph.com\/wp-content\/uploads\/2023\/07\/program_level-600x270.png 600w, https:\/\/walesph.com\/wp-content\/uploads\/2023\/07\/program_level-150x68.png 150w\" sizes=\"auto, (max-width: 709px) 85vw, (max-width: 909px) 67vw, (max-width: 1362px) 62vw, 840px\" \/><\/figure>\n\n\n\n<p><\/p>\n\n\n\n<br \/><br \/><br \/>\n  <h2 class=\"cside\">T\u00cdnh ch\u00e2n th\u00e0nh v\u00e0 s\u1ef1 tin c\u1eady \u0111\u1ec3 h\u1ed7 tr\u1ee3 h\u1ecdc vi\u00ean<\/h2>\n  <p class=\"cside fst\">\u0110\u00f3 l\u00e0 th\u1ebf m\u1ea1nh nh\u1ea5t c\u1ee7a h\u1ec7 th\u1ed1ng gi\u00e1o d\u1ee5c \u1edf Wales.<\/p>\n  \n<h3 class=\"h3t\">H\u1ec7 th\u1ed1ng h\u1ed7 tr\u1ee3 h\u1ecdc t\u1eadp<\/h3>\n  <img decoding=\"async\" src=\"https:\/\/walesph.com\/wp-content\/uploads\/2018\/04\/img_curriculum01.jpg\" class=\"rset\" alt=\"Instructor's guidance is also hot\">\n  <p>Ch\u00fang t\u00f4i ch\u1ec9 c\u00f3 th\u1ec3 ch\u1ee9a s\u1ed1 l\u01b0\u1ee3ng nh\u1ecf h\u1ecdc vi\u00ean. T\u1ea1i sao?<br \/>\u0110\u1ec3 ch\u0103m s\u00f3c cho t\u1eebng c\u00e1 nh\u00e2n h\u1ecdc vi\u00ean t\u1ed1t h\u01a1n nh\u1eefng tr\u01b0\u1eddng l\u1edbn.<br \/>C\u00f3 th\u00fa v\u1ecb kh\u00f4ng n\u1ebfu c\u00f3 qu\u00e1 nhi\u1ec1u h\u1ecdc vi\u00ean v\u00e0 gi\u1ea3ng vi\u00ean m\u00e0 b\u1ea1n kh\u00f4ng nh\u1edb t\u00ean ho\u1eb7c th\u1eadm ch\u00ed kh\u00f4ng c\u00f3 c\u01a1 h\u1ed9i \u0111\u1ec3 n\u00f3i chuy\u1ec7n?<br \/>N\u1ebfu kh\u00f4ng, WALES l\u00e0 l\u1ef1a ch\u1ecdn t\u1ed1t nh\u1ea5t b\u1edfi v\u00ec kh\u00f4ng kh\u00ed nh\u01b0 \u1edf nh\u00e0. Nh\u1edd quy m\u00f4 nh\u1ecf, ch\u00fang ta c\u00f3 th\u1ec3 h\u00f2a nh\u1eadp v\u1edbi nh\u1eefng h\u1ecdc vi\u00ean \u1edf qu\u1ed1c t\u1ecbch kh\u00e1c nhau nh\u01b0 gia \u0111\u00ecnh nh\u01b0 l\u00e0 ng\u01b0\u1eddi ch\u00e2u \u00c1, \u1ea2 R\u1eadp, v\u00e0 g\u1ea7n \u0111\u00e2y th\u00ec c\u00f3 th\u00eam ng\u01b0\u1eddi M\u1ef9 Latinh.<\/p>\n  <p>Ch\u00fang t\u00f4i cung c\u1ea5p nh\u1eefng kh\u00f3a h\u1ecdc kh\u00e1c nhau nh\u01b0 l\u00e0 ESL, IELTS v\u00e0 TOEFL, v\u00e0 ti\u1ebfng anh d\u00e0nh cho ng\u01b0\u1eddi kinh doanh. H\u01a1n n\u1eefa, WALES ph\u1ed5 bi\u1ebfn cho ng\u01b0\u1eddi m\u1edbi b\u1eaft \u0111\u1ea7u h\u1ecdc mu\u1ed1n c\u1ea3i thi\u1ec7n k\u0129 n\u0103ng n\u00f3i c\u1ee7a m\u00ecnh.<\/p>\n  \n<h3>C\u1ea0NH TRANH GI\u1ea2NG VI\u00caN<\/h3>\n  <img decoding=\"async\" src=\"https:\/\/walesph.com\/wp-content\/uploads\/2018\/04\/img_curriculum03.jpg\" class=\"rset\" alt=\"Lecturer training at WALES\">\n  <h4 class=\"h4t\" style=\"font-size:1.2em;\">QU\u00c1 TR\u00ccNH TUY\u1ec2N CH\u1eccN NGHI\u00caM NG\u1eb6T<\/h4>\n  <p>Ch\u00fang t\u00f4i ti\u1ebfn h\u00e0nh 3 b\u01b0\u1edbc (ph\u1ecfng v\u1ea5n, ki\u1ec3m tra, gi\u1ea3ng d\u1ea1y m\u00f4 ph\u1ecfng) cho qua tr\u00ecnh tuy\u1ec3n gi\u1ea3ng vi\u00ean.<\/p>\n  <ul class=\"btsp\">\n    <li><strong>Ph\u1ecfng v\u1ea5n\uff1a&nbsp;<\/strong>Ch\u00fang t\u00f4i t\u1eadp trung v\u00e0o kinh nghi\u1ec7m gi\u1ea3ng d\u1ea1y v\u00e0 t\u00ednh c\u00e1ch c\u1ee7a gi\u1ea3ng vi\u00ean. H\u01a1n n\u1eefa ch\u00fang t\u00f4i \u01b0u ti\u00ean gi\u1ea3ng vi\u00ean c\u00f3 b\u1eb1ng BLEPT (Board Licensure examination for Professional Teachers)<\/li>\n    <li><strong>Ki\u1ec3m tra\uff1a&nbsp;<\/strong>\u1ee8ng vi\u00ean b\u1eaft bu\u1ed9c ph\u1ea3i l\u00e0m ki\u1ec3m tra \u0111\u00e0u v\u00e0o do tr\u01b0\u1eddng t\u1ed5 ch\u1ee9c d\u1ef1a tr\u00ean nh\u1eefng b\u00e0i thi c\u1ee7a IELTS ho\u1eb7c TOEIC.<\/li>\n    <li><strong>Gi\u1ea3ng d\u1ea1y m\u00f4 ph\u1ecfng\uff1a&nbsp;<\/strong>Hi\u1ec7u tr\u01b0\u1edfng v\u00e0 nh\u00e2n s\u1ef1 s\u1ebd gi\u00e1m s\u00e1t l\u1edbp d\u1ea1y m\u00f4 ph\u1ecfng \u0111\u1ec3 ki\u1ec3m tra hi\u1ec7u su\u1ea5t v\u00e0 k\u0129 n\u0103ng gi\u1ea3ng d\u1ea1y c\u1ee7a \u1ee9ng vi\u00ean. Ch\u00fang t\u00f4i t\u1eadp trung kh\u00f4ng ch\u1ec9 v\u00e0o kh\u1ea3 n\u0103ng m\u00e0 c\u00f2n v\u00e0o th\u00e1i \u0111\u1ecd c\u1ee7a gi\u1ea3ng vi\u00ean khi d\u1ea1y nh\u1eefng h\u1ecdc sinh m\u1edbi b\u1eaft \u0111\u1ea7u.<\/li>\n  <\/ul>\n  \n  <h4>CH\u00daNG T\u00d4I C\u00d3 2 LO\u1ea0I \u0110\u00c0O T\u1ea0O V\u00c0 KH\u00d4NG NG\u1eeaNG C\u1ed0NG HI\u1ebeN.<\/h4>\n  <p>Ch\u00fang t\u00f4i ch\u1ec9 c\u00f3 th\u1ebf ti\u1ebfn h\u00e0nh \u0111\u00e0o t\u1ecda m\u1ed9t khi \u1ee9ng vi\u00ean v\u01b0\u1ee3t qua kh\u1ecfi ba v\u00f2ng v\u00e0 tr\u1edf th\u00e0nh th\u00e0nh vi\u00ean c\u1ee7a tr\u01b0\u1eddng n\u1ebfu \u1ee9ng vi\u00ean c\u00f3 th\u1ec3 \u0111\u1ea1t \u0111\u01b0\u1ee3c hi\u1ec7u su\u1ea5t cao trong qu\u00e1 tr\u00ecnh \u0111\u00e0o t\u1ea1o. WALES c\u0169ng c\u00f3 2 lo\u1ea1i \u0111\u00e0o t\u1ea1o ri\u00eang bi\u1ec7t cho gi\u1ea3ng vi\u00ean th\u00f4ng th\u01b0\u1eddng.<\/p>\n  <ul>\n    <li><strong>\u0110\u00e0o t\u1ea1o b\u00e0i gi\u1ea3ng\uff1a<\/strong>&nbsp;Ch\u00fang t\u00f4i s\u1ebd cung c\u1ea5p b\u00e0i gi\u1ea3ng v\u1ec1 ng\u1eef ph\u00e1p v\u00e0 ph\u00e1t \u00e2m.<\/li>\n    <li><strong>Gi\u1ea3ng d\u1ea1y theo nh\u00f3m\uff1a<\/strong>&nbsp; Gi\u1ea3ng vi\u00ean chia theo th\u00e0nh nh\u00f3m nh\u1ecf, chia s\u1ebb k\u0129 thu\u1ea1t gi\u1ea3ng d\u1ea1y m\u00e0 h\u1ecd \u00e1p d\u1ee5ng trong l\u1edbp. Sau \u0111\u00f3 gi\u1ea3ng vi\u00ean c\u00f3 th\u1ec3 h\u1ecdc v\u00e0 th\u1ed1ng nh\u1ea5t ki\u1ebfn th\u1ee9c t\u1eeb gi\u00e1o vi\u00ean kh\u00e1c.<\/li>\n  <\/ul>\n\n\n\n<\/div>\n","protected":false},"excerpt":{"rendered":"<p>&nbsp;ACADEMIC PROGRAM &nbsp;Academic programs build, develop, and enhance student\u2019s four Macro Skills.&nbsp;Speaking, Listening, Reading and Writing &nbsp;ESL, Business English, IELTS WALES LEVELING SYSTEM T\u00cdnh ch\u00e2n th\u00e0nh v\u00e0 s\u1ef1 tin c\u1eady \u0111\u1ec3 h\u1ed7 tr\u1ee3 h\u1ecdc vi\u00ean \u0110\u00f3 l\u00e0 th\u1ebf m\u1ea1nh nh\u1ea5t c\u1ee7a h\u1ec7 th\u1ed1ng gi\u00e1o d\u1ee5c \u1edf Wales. H\u1ec7 th\u1ed1ng h\u1ed7 tr\u1ee3 h\u1ecdc t\u1eadp Ch\u00fang t\u00f4i ch\u1ec9 c\u00f3 th\u1ec3 ch\u1ee9a s\u1ed1 l\u01b0\u1ee3ng nh\u1ecf h\u1ecdc vi\u00ean. T\u1ea1i sao?\u0110\u1ec3 ch\u0103m s\u00f3c cho t\u1eebng c\u00e1 nh\u00e2n h\u1ecdc vi\u00ean t\u1ed1t h\u01a1n nh\u1eefng tr\u01b0\u1eddng l\u1edbn.C\u00f3 th\u00fa &hellip; <a href=\"https:\/\/walesph.com\/vi\/program\/\" class=\"more-link\">Read More<span class=\"screen-reader-text\"> &#8220;KH\u00d3A H\u1eccC&#8221;<\/span><\/a><\/p>\n","protected":false},"author":1,"featured_media":0,"parent":0,"menu_order":2,"comment_status":"closed","ping_status":"closed","template":"","meta":{"_mc_calendar":[],"_vp_format_video_url":"","_vp_image_focal_point":[],"footnotes":""},"class_list":["post-4274","page","type-page","status-publish","hentry"],"yoast_head":"<!-- This site is optimized with the Yoast SEO plugin v24.8.1 - https:\/\/yoast.com\/wordpress\/plugins\/seo\/ -->\n<title>KH\u00d3A H\u1eccC | Tr\u01b0\u1eddng anh ng\u1eef WALES \u1edf Baguio, Philippines<\/title>\n<meta name=\"description\" content=\"T\u00cdnh ch\u00e2n th\u00e0nh v\u00e0 s\u1ef1 tin c\u1eady \u0111\u1ec3 h\u1ed7 tr\u1ee3 h\u1ecdc vi\u00ean. \u0110\u00f3 l\u00e0 th\u1ebf m\u1ea1nh nh\u1ea5t c\u1ee7a h\u1ec7 th\u1ed1ng gi\u00e1o d\u1ee5c \u1edf Wales. Nh\u1edd quy m\u00f4 nh\u1ecf, ch\u00fang ta c\u00f3 th\u1ec3 h\u00f2a nh\u1eadp v\u1edbi nh\u1eefng h\u1ecdc vi\u00ean \u1edf qu\u1ed1c t\u1ecbch kh\u00e1c nhau nh\u01b0 gia \u0111\u00ecnh nh\u01b0 l\u00e0 ng\u01b0\u1eddi ch\u00e2u \u00c1, \u1ea2 R\u1eadp, v\u00e0 g\u1ea7n \u0111\u00e2y th\u00ec c\u00f3 th\u00eam ng\u01b0\u1eddi M\u1ef9 Latinh.\" \/>\n<meta name=\"robots\" content=\"index, follow, max-snippet:-1, max-image-preview:large, max-video-preview:-1\" \/>\n<link rel=\"canonical\" href=\"https:\/\/walesph.com\/vi\/program\/\" \/>\n<meta property=\"og:locale\" content=\"vi_VN\" \/>\n<meta property=\"og:type\" content=\"article\" \/>\n<meta property=\"og:title\" content=\"KH\u00d3A H\u1eccC | Tr\u01b0\u1eddng anh ng\u1eef WALES \u1edf Baguio, Philippines\" \/>\n<meta property=\"og:description\" content=\"T\u00cdnh ch\u00e2n th\u00e0nh v\u00e0 s\u1ef1 tin c\u1eady \u0111\u1ec3 h\u1ed7 tr\u1ee3 h\u1ecdc vi\u00ean. \u0110\u00f3 l\u00e0 th\u1ebf m\u1ea1nh nh\u1ea5t c\u1ee7a h\u1ec7 th\u1ed1ng gi\u00e1o d\u1ee5c \u1edf Wales. Nh\u1edd quy m\u00f4 nh\u1ecf, ch\u00fang ta c\u00f3 th\u1ec3 h\u00f2a nh\u1eadp v\u1edbi nh\u1eefng h\u1ecdc vi\u00ean \u1edf qu\u1ed1c t\u1ecbch kh\u00e1c nhau nh\u01b0 gia \u0111\u00ecnh nh\u01b0 l\u00e0 ng\u01b0\u1eddi ch\u00e2u \u00c1, \u1ea2 R\u1eadp, v\u00e0 g\u1ea7n \u0111\u00e2y th\u00ec c\u00f3 th\u00eam ng\u01b0\u1eddi M\u1ef9 Latinh.\" \/>\n<meta property=\"og:url\" content=\"https:\/\/walesph.com\/vi\/program\/\" \/>\n<meta property=\"og:site_name\" content=\"WALES Academy - English Study in Baguio, Philippines\" \/>\n<meta property=\"article:modified_time\" content=\"2023-07-21T17:54:45+00:00\" \/>\n<meta property=\"og:image\" content=\"https:\/\/walesph.com\/wp-content\/uploads\/2023\/07\/program_level.png\" \/>\n<meta name=\"twitter:card\" content=\"summary_large_image\" \/>\n<meta name=\"twitter:label1\" content=\"Est. reading time\" \/>\n\t<meta name=\"twitter:data1\" content=\"3 minutes\" \/>\n<script type=\"application\/ld+json\" class=\"yoast-schema-graph\">{\"@context\":\"https:\/\/schema.org\",\"@graph\":[{\"@type\":\"WebPage\",\"@id\":\"https:\/\/walesph.com\/vi\/program\/\",\"url\":\"https:\/\/walesph.com\/vi\/program\/\",\"name\":\"KH\u00d3A H\u1eccC | Tr\u01b0\u1eddng anh ng\u1eef WALES \u1edf Baguio, Philippines\",\"isPartOf\":{\"@id\":\"https:\/\/walesph.com\/vi\/#website\"},\"primaryImageOfPage\":{\"@id\":\"https:\/\/walesph.com\/vi\/program\/#primaryimage\"},\"image\":{\"@id\":\"https:\/\/walesph.com\/vi\/program\/#primaryimage\"},\"thumbnailUrl\":\"https:\/\/walesph.com\/wp-content\/uploads\/2023\/07\/program_level.png\",\"datePublished\":\"2018-03-09T15:27:44+00:00\",\"dateModified\":\"2023-07-21T17:54:45+00:00\",\"description\":\"T\u00cdnh ch\u00e2n th\u00e0nh v\u00e0 s\u1ef1 tin c\u1eady \u0111\u1ec3 h\u1ed7 tr\u1ee3 h\u1ecdc vi\u00ean. \u0110\u00f3 l\u00e0 th\u1ebf m\u1ea1nh nh\u1ea5t c\u1ee7a h\u1ec7 th\u1ed1ng gi\u00e1o d\u1ee5c \u1edf Wales. Nh\u1edd quy m\u00f4 nh\u1ecf, ch\u00fang ta c\u00f3 th\u1ec3 h\u00f2a nh\u1eadp v\u1edbi nh\u1eefng h\u1ecdc vi\u00ean \u1edf qu\u1ed1c t\u1ecbch kh\u00e1c nhau nh\u01b0 gia \u0111\u00ecnh nh\u01b0 l\u00e0 ng\u01b0\u1eddi ch\u00e2u \u00c1, \u1ea2 R\u1eadp, v\u00e0 g\u1ea7n \u0111\u00e2y th\u00ec c\u00f3 th\u00eam ng\u01b0\u1eddi M\u1ef9 Latinh.\",\"breadcrumb\":{\"@id\":\"https:\/\/walesph.com\/vi\/program\/#breadcrumb\"},\"inLanguage\":\"vi-VN\",\"potentialAction\":[{\"@type\":\"ReadAction\",\"target\":[\"https:\/\/walesph.com\/vi\/program\/\"]}]},{\"@type\":\"ImageObject\",\"inLanguage\":\"vi-VN\",\"@id\":\"https:\/\/walesph.com\/vi\/program\/#primaryimage\",\"url\":\"https:\/\/walesph.com\/wp-content\/uploads\/2023\/07\/program_level.png\",\"contentUrl\":\"https:\/\/walesph.com\/wp-content\/uploads\/2023\/07\/program_level.png\"},{\"@type\":\"BreadcrumbList\",\"@id\":\"https:\/\/walesph.com\/vi\/program\/#breadcrumb\",\"itemListElement\":[{\"@type\":\"ListItem\",\"position\":1,\"name\":\"Home\",\"item\":\"https:\/\/walesph.com\/vi\/\"},{\"@type\":\"ListItem\",\"position\":2,\"name\":\"KH\u00d3A H\u1eccC\"}]},{\"@type\":\"WebSite\",\"@id\":\"https:\/\/walesph.com\/vi\/#website\",\"url\":\"https:\/\/walesph.com\/vi\/\",\"name\":\"WALES Academy - English Study in Baguio, Philippines\",\"description\":\"Study ESL, IELTS, TOEIC, TOEFL | Best choice to improve your English skill | located in Baguio City, Philippines\",\"publisher\":{\"@id\":\"https:\/\/walesph.com\/vi\/#organization\"},\"potentialAction\":[{\"@type\":\"SearchAction\",\"target\":{\"@type\":\"EntryPoint\",\"urlTemplate\":\"https:\/\/walesph.com\/vi\/?s={search_term_string}\"},\"query-input\":{\"@type\":\"PropertyValueSpecification\",\"valueRequired\":true,\"valueName\":\"search_term_string\"}}],\"inLanguage\":\"vi-VN\"},{\"@type\":\"Organization\",\"@id\":\"https:\/\/walesph.com\/vi\/#organization\",\"name\":\"WALES (Widest Asian Learners English School Inc.)\",\"url\":\"https:\/\/walesph.com\/vi\/\",\"logo\":{\"@type\":\"ImageObject\",\"inLanguage\":\"vi-VN\",\"@id\":\"https:\/\/walesph.com\/vi\/#\/schema\/logo\/image\/\",\"url\":\"https:\/\/walesph.com\/wp-content\/uploads\/2018\/06\/logo.png\",\"contentUrl\":\"https:\/\/walesph.com\/wp-content\/uploads\/2018\/06\/logo.png\",\"width\":673,\"height\":670,\"caption\":\"WALES (Widest Asian Learners English School Inc.)\"},\"image\":{\"@id\":\"https:\/\/walesph.com\/vi\/#\/schema\/logo\/image\/\"},\"sameAs\":[\"https:\/\/www.youtube.com\/channel\/UCIfHXHa0sKYDBZKnGPKqmxg\"]}]}<\/script>\n<!-- \/ Yoast SEO plugin. -->","yoast_head_json":{"title":"KH\u00d3A H\u1eccC | Tr\u01b0\u1eddng anh ng\u1eef WALES \u1edf Baguio, Philippines","description":"T\u00cdnh ch\u00e2n th\u00e0nh v\u00e0 s\u1ef1 tin c\u1eady \u0111\u1ec3 h\u1ed7 tr\u1ee3 h\u1ecdc vi\u00ean. \u0110\u00f3 l\u00e0 th\u1ebf m\u1ea1nh nh\u1ea5t c\u1ee7a h\u1ec7 th\u1ed1ng gi\u00e1o d\u1ee5c \u1edf Wales. Nh\u1edd quy m\u00f4 nh\u1ecf, ch\u00fang ta c\u00f3 th\u1ec3 h\u00f2a nh\u1eadp v\u1edbi nh\u1eefng h\u1ecdc vi\u00ean \u1edf qu\u1ed1c t\u1ecbch kh\u00e1c nhau nh\u01b0 gia \u0111\u00ecnh nh\u01b0 l\u00e0 ng\u01b0\u1eddi ch\u00e2u \u00c1, \u1ea2 R\u1eadp, v\u00e0 g\u1ea7n \u0111\u00e2y th\u00ec c\u00f3 th\u00eam ng\u01b0\u1eddi M\u1ef9 Latinh.","robots":{"index":"index","follow":"follow","max-snippet":"max-snippet:-1","max-image-preview":"max-image-preview:large","max-video-preview":"max-video-preview:-1"},"canonical":"https:\/\/walesph.com\/vi\/program\/","og_locale":"vi_VN","og_type":"article","og_title":"KH\u00d3A H\u1eccC | Tr\u01b0\u1eddng anh ng\u1eef WALES \u1edf Baguio, Philippines","og_description":"T\u00cdnh ch\u00e2n th\u00e0nh v\u00e0 s\u1ef1 tin c\u1eady \u0111\u1ec3 h\u1ed7 tr\u1ee3 h\u1ecdc vi\u00ean. \u0110\u00f3 l\u00e0 th\u1ebf m\u1ea1nh nh\u1ea5t c\u1ee7a h\u1ec7 th\u1ed1ng gi\u00e1o d\u1ee5c \u1edf Wales. Nh\u1edd quy m\u00f4 nh\u1ecf, ch\u00fang ta c\u00f3 th\u1ec3 h\u00f2a nh\u1eadp v\u1edbi nh\u1eefng h\u1ecdc vi\u00ean \u1edf qu\u1ed1c t\u1ecbch kh\u00e1c nhau nh\u01b0 gia \u0111\u00ecnh nh\u01b0 l\u00e0 ng\u01b0\u1eddi ch\u00e2u \u00c1, \u1ea2 R\u1eadp, v\u00e0 g\u1ea7n \u0111\u00e2y th\u00ec c\u00f3 th\u00eam ng\u01b0\u1eddi M\u1ef9 Latinh.","og_url":"https:\/\/walesph.com\/vi\/program\/","og_site_name":"WALES Academy - English Study in Baguio, Philippines","article_modified_time":"2023-07-21T17:54:45+00:00","og_image":[{"url":"https:\/\/walesph.com\/wp-content\/uploads\/2023\/07\/program_level.png","type":"","width":"","height":""}],"twitter_card":"summary_large_image","twitter_misc":{"Est. reading time":"3 minutes"},"schema":{"@context":"https:\/\/schema.org","@graph":[{"@type":"WebPage","@id":"https:\/\/walesph.com\/vi\/program\/","url":"https:\/\/walesph.com\/vi\/program\/","name":"KH\u00d3A H\u1eccC | Tr\u01b0\u1eddng anh ng\u1eef WALES \u1edf Baguio, Philippines","isPartOf":{"@id":"https:\/\/walesph.com\/vi\/#website"},"primaryImageOfPage":{"@id":"https:\/\/walesph.com\/vi\/program\/#primaryimage"},"image":{"@id":"https:\/\/walesph.com\/vi\/program\/#primaryimage"},"thumbnailUrl":"https:\/\/walesph.com\/wp-content\/uploads\/2023\/07\/program_level.png","datePublished":"2018-03-09T15:27:44+00:00","dateModified":"2023-07-21T17:54:45+00:00","description":"T\u00cdnh ch\u00e2n th\u00e0nh v\u00e0 s\u1ef1 tin c\u1eady \u0111\u1ec3 h\u1ed7 tr\u1ee3 h\u1ecdc vi\u00ean. \u0110\u00f3 l\u00e0 th\u1ebf m\u1ea1nh nh\u1ea5t c\u1ee7a h\u1ec7 th\u1ed1ng gi\u00e1o d\u1ee5c \u1edf Wales. Nh\u1edd quy m\u00f4 nh\u1ecf, ch\u00fang ta c\u00f3 th\u1ec3 h\u00f2a nh\u1eadp v\u1edbi nh\u1eefng h\u1ecdc vi\u00ean \u1edf qu\u1ed1c t\u1ecbch kh\u00e1c nhau nh\u01b0 gia \u0111\u00ecnh nh\u01b0 l\u00e0 ng\u01b0\u1eddi ch\u00e2u \u00c1, \u1ea2 R\u1eadp, v\u00e0 g\u1ea7n \u0111\u00e2y th\u00ec c\u00f3 th\u00eam ng\u01b0\u1eddi M\u1ef9 Latinh.","breadcrumb":{"@id":"https:\/\/walesph.com\/vi\/program\/#breadcrumb"},"inLanguage":"vi-VN","potentialAction":[{"@type":"ReadAction","target":["https:\/\/walesph.com\/vi\/program\/"]}]},{"@type":"ImageObject","inLanguage":"vi-VN","@id":"https:\/\/walesph.com\/vi\/program\/#primaryimage","url":"https:\/\/walesph.com\/wp-content\/uploads\/2023\/07\/program_level.png","contentUrl":"https:\/\/walesph.com\/wp-content\/uploads\/2023\/07\/program_level.png"},{"@type":"BreadcrumbList","@id":"https:\/\/walesph.com\/vi\/program\/#breadcrumb","itemListElement":[{"@type":"ListItem","position":1,"name":"Home","item":"https:\/\/walesph.com\/vi\/"},{"@type":"ListItem","position":2,"name":"KH\u00d3A H\u1eccC"}]},{"@type":"WebSite","@id":"https:\/\/walesph.com\/vi\/#website","url":"https:\/\/walesph.com\/vi\/","name":"WALES Academy - English Study in Baguio, Philippines","description":"Study ESL, IELTS, TOEIC, TOEFL | Best choice to improve your English skill | located in Baguio City, Philippines","publisher":{"@id":"https:\/\/walesph.com\/vi\/#organization"},"potentialAction":[{"@type":"SearchAction","target":{"@type":"EntryPoint","urlTemplate":"https:\/\/walesph.com\/vi\/?s={search_term_string}"},"query-input":{"@type":"PropertyValueSpecification","valueRequired":true,"valueName":"search_term_string"}}],"inLanguage":"vi-VN"},{"@type":"Organization","@id":"https:\/\/walesph.com\/vi\/#organization","name":"WALES (Widest Asian Learners English School Inc.)","url":"https:\/\/walesph.com\/vi\/","logo":{"@type":"ImageObject","inLanguage":"vi-VN","@id":"https:\/\/walesph.com\/vi\/#\/schema\/logo\/image\/","url":"https:\/\/walesph.com\/wp-content\/uploads\/2018\/06\/logo.png","contentUrl":"https:\/\/walesph.com\/wp-content\/uploads\/2018\/06\/logo.png","width":673,"height":670,"caption":"WALES (Widest Asian Learners English School Inc.)"},"image":{"@id":"https:\/\/walesph.com\/vi\/#\/schema\/logo\/image\/"},"sameAs":["https:\/\/www.youtube.com\/channel\/UCIfHXHa0sKYDBZKnGPKqmxg"]}]}},"_links":{"self":[{"href":"https:\/\/walesph.com\/vi\/wp-json\/wp\/v2\/pages\/4274","targetHints":{"allow":["GET"]}}],"collection":[{"href":"https:\/\/walesph.com\/vi\/wp-json\/wp\/v2\/pages"}],"about":[{"href":"https:\/\/walesph.com\/vi\/wp-json\/wp\/v2\/types\/page"}],"author":[{"embeddable":true,"href":"https:\/\/walesph.com\/vi\/wp-json\/wp\/v2\/users\/1"}],"replies":[{"embeddable":true,"href":"https:\/\/walesph.com\/vi\/wp-json\/wp\/v2\/comments?post=4274"}],"version-history":[{"count":2,"href":"https:\/\/walesph.com\/vi\/wp-json\/wp\/v2\/pages\/4274\/revisions"}],"predecessor-version":[{"id":10741,"href":"https:\/\/walesph.com\/vi\/wp-json\/wp\/v2\/pages\/4274\/revisions\/10741"}],"wp:attachment":[{"href":"https:\/\/walesph.com\/vi\/wp-json\/wp\/v2\/media?parent=4274"}],"curies":[{"name":"wp","href":"https:\/\/api.w.org\/{rel}","templated":true}]}}