{"id":4272,"date":"2018-03-09T23:25:54","date_gmt":"2018-03-09T15:25:54","guid":{"rendered":"https:\/\/walesph.com\/?page_id=4272"},"modified":"2019-03-30T17:28:12","modified_gmt":"2019-03-30T09:28:12","slug":"choose","status":"publish","type":"page","link":"https:\/\/walesph.com\/vi\/aboutus\/choose\/","title":{"rendered":"T\u1ea0I SAO L\u00c0 WALES?"},"content":{"rendered":"\r\n<div id=\"pages\" class=\"cf\">\r\n<img loading=\"lazy\" decoding=\"async\" src=\"https:\/\/walesph.com\/wp-content\/uploads\/2019\/03\/img_choose01-2.jpg\" alt=\"WALES Teachers\" width=\"430\" height=\"350\" class=\"size-full wp-image-7780 rset2\" srcset=\"https:\/\/walesph.com\/wp-content\/uploads\/2019\/03\/img_choose01-2.jpg 430w, https:\/\/walesph.com\/wp-content\/uploads\/2019\/03\/img_choose01-2-300x244.jpg 300w\" sizes=\"auto, (max-width: 430px) 85vw, 430px\" \/>\r\n  <h2><span>T<\/span>r\u01b0\u1eddng \u0111a qu\u1ed1c gia v\u1edbi v\u1ecb tr\u00ed t\u1ed1t v\u00e0 ch\u00fa tr\u1ecdng h\u1ec7 th\u1ed1ng gi\u00e1o d\u1ee5c ti\u1ebfng anh<\/h2>\r\n\r\n<h3 class=\"h3t\" id=\"st01\">Tr\u00ecnh \u0111\u1ed9 chuy\u00ean m\u00f4n cho m\u1ed7i b\u1ea1n<\/h3>\r\n  <h4 class=\"h4t\">Nh\u1ecf nh\u01b0ng c\u00f3 kh\u1ea3 n\u0103ng<\/h4>\r\n  <img loading=\"lazy\" decoding=\"async\" src=\"https:\/\/walesph.com\/wp-content\/uploads\/2019\/03\/img_choose02-2.jpg\" alt=\"\" width=\"350\" height=\"463\" class=\"size-full wp-image-7786 rset\" srcset=\"https:\/\/walesph.com\/wp-content\/uploads\/2019\/03\/img_choose02-2.jpg 350w, https:\/\/walesph.com\/wp-content\/uploads\/2019\/03\/img_choose02-2-227x300.jpg 227w\" sizes=\"auto, (max-width: 350px) 85vw, 350px\" \/>\r\n  <p>M\u1ecdi ng\u01b0\u1eddi \u0111\u1ec1u ngh\u0129 r\u1eb1ng \u201cC\u00e0ng l\u1edbn c\u00e0ng t\u1ed1t\u201d nh\u01b0ng \u0111a s\u1ed1 h\u1ecdc vi\u00ean s\u1ebd b\u1ecb b\u1ecf qu\u00ean.<br \/>WALES l\u00e0 tr\u01b0\u1eddng nh\u1ecf c\u00f3 th\u1ec3 \u0111\u00e1p \u1ee9ng m\u1ecdi nhu c\u1ea7u c\u1ee7a b\u1ea1n. Ch\u00fang t\u00f4i c\u00f3 \u0111\u1ee7 l\u01b0\u1ee3ng gi\u1ea3ng vi\u00ean v\u00e0 nh\u00e2n vi\u00ean t\u1eadp trung v\u00e0o t\u1eebng h\u1ecdc vi\u00ean.<\/p>\r\n  \r\n  <h4>Gi\u1ea3ng vi\u00ean chuy\u00ean nghi\u1ec7p<\/h4>\r\n  <p>B\u1ea1n c\u00f3 ngh\u0129 r\u1eb1ng tr\u01b0\u1eddng l\u1edbn l\u00fac n\u00e0o c\u0169ng c\u00f3 nh\u1eefng gi\u1ea3ng vi\u00ean t\u1ed1t?<br \/>Gi\u1ea3ng vi\u00ean \u1edf WALES  ph\u1ea3i tr\u1ea3i qua qu\u00e1 tr\u00ecnh ki\u1ec3m tra r\u1ea5t nghi\u00eam ng\u1eb7t. H\u1ecd c\u0169ng \u0111\u00e3 \u0111\u01b0\u1ee3c t\u00e0o t\u1ea1o r\u1ea5t k\u0129 l\u01b0\u1ee1ng \u0111\u1ec3 d\u1ea1y nh\u1eefng m\u00f4n kh\u00e1c nhau v\u00e0 s\u1eed d\u1ee5ng ph\u01b0\u01a1ng ph\u00e1p gi\u1ea3ng d\u1ea1y kh\u00e1c nhau \u0111\u1ec3 h\u1ecdc vi\u00ean h\u1ecdc t\u1ed1t h\u01a1n.<br \/>\r\nH\u01a1n n\u1eefa, \u0111a s\u1ed1 gi\u1ea3ng vi\u00ean \u0111\u1ec1u \u0111\u01b0\u1ee3c c\u1ea5p ph\u00e9p v\u00e0 th\u1ef1c t\u1eadp gi\u1ea3ng vi\u00ean.<\/p>\r\n\r\n<h3 id=\"st02\">S\u1ef1 h\u00e0i l\u00f2ng c\u1ee7a h\u1ecdc vi\u00ean<\/h3>\r\n  <h4 class=\"h4t\">V\u1eca tr\u00ed tho\u1ea3i m\u00e1i &#038; ti\u1ec7n l\u1ee3i<\/h4>\r\n  <img loading=\"lazy\" decoding=\"async\" src=\"https:\/\/walesph.com\/wp-content\/uploads\/2019\/03\/img_choose03-2.jpg\" alt=\"Around WALES\" width=\"350\" height=\"756\" class=\"size-full wp-image-7792 lset\" srcset=\"https:\/\/walesph.com\/wp-content\/uploads\/2019\/03\/img_choose03-2.jpg 350w, https:\/\/walesph.com\/wp-content\/uploads\/2019\/03\/img_choose03-2-139x300.jpg 139w\" sizes=\"auto, (max-width: 350px) 85vw, 350px\" \/>\r\n <p>V\u1ecb tr\u00ed l\u00e0 m\u1ed9t trong nh\u1eefng y\u1ebfu t\u1ed1 quan tr\u1ecdng khi ch\u1ecdn tr\u01b0\u1eddng h\u1ecdc. Qu\u00e1n cafe, qu\u00e1n \u0103n, qu\u00e1n bar, si\u00eau th\u1ecb, ATMS, v\u00e0 ph\u00f2ng gym \u0111\u1ec1u c\u00e1ch tr\u01b0\u1eddng WALES ch\u1ec9 5 ph\u00fat \u0111i b\u1ed9. Ti\u1ec7n l\u1ee3i cho ai mu\u1ed1n v\u1eeba c\u00f3 th\u1eddi gian h\u1ecdc t\u1eadp v\u00e0 ngh\u1ec9 ng\u01a1i v\u1eeba t\u1eadn h\u01b0\u1edfng.<br \/>\r\nH\u1ec7 th\u1ed1ng linh ho\u1ea1t l\u00e0 m\u1ed9t trong nh\u1eefng y\u1ebfu t\u1ed1 m\u1ea1nh c\u1ee7a WALES n\u00ean r\u1ea5t ph\u00f9 h\u1ee3p v\u1edbi cu\u1ed9c s\u1ed1ng c\u1ee7a b\u1ea1n. V\u00ed d\u1ee5 n\u1ebfu b\u1ea1n ch\u1ecdn kh\u00f3a ESL linh ho\u1ea1t, l\u1edbp k\u1ebft th\u00fac l\u00fac 3h chi\u1ec1u -> H\u1ecdc \u1edf qu\u00e1n cafe \u0111\u1ebfn 5h chi\u1ec1u -> \u0102n t\u1ed1i -> H\u1ecdc v\u1edbi Youtube bu\u1ed5i t\u1ed1i. Nh\u01b0 b\u1ea1n c\u00f3 th\u1ec3 t\u01b0\u1edfng t\u01b0\u1ee3ng, b\u1ea1n v\u1eabn c\u00f3 th\u1ec3 gi\u1eef l\u1ed1i s\u1ed1ng c\u1ee7a m\u00ecnh m\u00e0 kh\u00f4ng b\u1ecb \u00e1p l\u1ef1c.<\/p>\r\n  \r\n  <h4>Tr\u01b0\u1eddng h\u1ecdc v\u00e0 ph\u00f2ng \u1edf s\u1ea1ch s\u1ebd<\/h4>\r\n  <p class=\"cf\">T\u00f2a nh\u00e0 c\u1ee7a tr\u01b0\u1eddng h\u1ecdc m\u1edbi x\u00e2y n\u00ean c\u01a1 s\u1edf v\u1eadt ch\u1ea5t \u0111\u00e3 \u0111\u01b0\u1ee3c c\u1eadp nh\u1eadp. Tr\u01b0\u1eddng h\u1ecdc v\u00e0 ph\u00f2ng \u1edf l\u00fac n\u00e0o c\u0169ng \u0111\u01b0\u1ee3c nh\u00e2n vi\u00ean d\u1ecdn d\u1eb9p s\u1ea1ch s\u1ebd.<br \/>\r\n<a href=\"https:\/\/walesph.com\/room\/\" rel=\"noopener noreferrer\" target=\"_blank\"><i class=\"fas fa-arrow-circle-right fa-fw\"><\/i> H\u00ecnh \u1ea3nh k\u00ed t\u00fac x\u00e1<\/a><br \/><a href=\"https:\/\/walesph.com\/facility\/school\/#meal\" rel=\"noopener noreferrer\" target=\"_blank\"><i class=\"fas fa-arrow-circle-right fa-fw\"><\/i> B\u1eefa \u0103n c\u1ee7a WALES<\/a><\/p>\r\n\r\n<h3 class=\"h3t\" id=\"st03\">Kh\u00f4ng kh\u00ed \u1edf tr\u01b0\u1eddng<\/h3>\r\n  <h4 class=\"h4t\">C\u1ea3i thi\u1ec7n k\u0129 n\u0103ng giao ti\u1ebfp v\u1edbi \u0111a qu\u1ed1c t\u1ecbch v\u00e0 \u0111\u1ee7 l\u1ee9a tu\u1ed5i<\/h4>\r\n  <img decoding=\"async\" src=\"https:\/\/walesph.com\/wp-content\/uploads\/2018\/04\/img_choose04.jpg\" alt=\"\" class=\"rset tsp\" \/>\r\n  <p>M\u1ed9t v\u00e0i h\u1ecdc vi\u00ean h\u1ed1i h\u1eadn s\u1ef1 quy\u1ebft \u0111\u1ecbnh c\u1ee7a m\u00ecnh khi ch\u1ecdn h\u1ecdc \u1edf Philippines b\u1edfi v\u00ec s\u1ef1 gi\u1ed1ng nhau v\u1ec1 s\u1ed1 l\u01b0\u1ee3ng h\u1ecdc vi\u00ean v\u00e0 \u0111\u1ed9 tu\u1ed5i.\r\nWALES c\u00f3 d\u00e2n s\u00f4 c\u1ee7a 6 qu\u1ed1c t\u1ecbch v\u1edbi nh\u1eefng \u0111\u1ed9 tu\u1ed5i kh\u00e1c nhau t\u1eeb 14~70 v\u1edbi kh\u00f4ng kh\u00ed nh\u01b0 \u1edf nh\u00e0. B\u1ea1n kh\u00f4ng c\u1ea7n ph\u1ea3i lo l\u1eafng v\u1ec1 \u0111\u1ed9 tu\u1ed5i, qu\u1ed1c t\u1ecbch v\u00e0 tr\u00ecnh \u0111\u1ed9 c\u1ee7a m\u00ecnh.<br \/>\r\nCh\u00fang t\u00f4i c\u1ed1 g\u1eafng \u0111i\u1ec1u ch\u1ec9nh t\u1ef7 l\u1ec7 cho t\u1eebng qu\u1ed1c t\u1ecbch cho b\u1ea1n c\u00f3 th\u1ec3 n\u00f3i chuy\u1ec7n b\u1eb1ng ti\u1ebfng anh v\u00e0 c\u00f3 th\u1ec3 trao \u0111\u1ed5i v\u1ec1 v\u0103n h\u00f3a. B\u00e2y gi\u1edd WALES n\u1ed5i ti\u1ebfng cho nh\u1eefng ai \u201ckh\u00f4ng nh\u1eefng h\u1ecdc ti\u1ebfng anh m\u00e0 c\u00f2n h\u1ecdc h\u1ecfi th\u00eam v\u1ec1 v\u0103n h\u00f3a c\u1ee7a n\u01b0\u1edbc kh\u00e1c\u201d.<\/p>\r\n\r\n<\/div>\r\n<div id=\"formlink\" class=\"cf\">\r\n  <p class=\"admi\"><a href=\"https:\/\/walesph.com\/admissions\/registration\/\"><i class=\"fas fa-chevron-circle-right fa-fw\"><\/i>N\u1ed8P \u0110\u01a0N NH\u1eacP H\u1eccC \u1ede WALES<\/a><\/p>\r\n  <p class=\"inq\"><span class=\"stx\">Th\u1eafc m\u1eafc v\u00e0 t\u01b0 v\u1ea5n \u0111\u1ebfn WALES<\/span><br \/><a href=\"https:\/\/walesph.com\/community\/contact\/\"><i class=\"far fa-envelope fa-fw\"><\/i>Email y\u00eau c\u1ea7u<\/a> | <a href=\"https:\/\/walesph.com\/community\/contact\/#otcontact\"><i class=\"far fa-comment fa-fw\"><\/i>Tin nh\u1eafn<\/a><\/p>\r\n<\/div>\r\n","protected":false},"excerpt":{"rendered":"<p>Tr\u01b0\u1eddng \u0111a qu\u1ed1c gia v\u1edbi v\u1ecb tr\u00ed t\u1ed1t v\u00e0 ch\u00fa tr\u1ecdng h\u1ec7 th\u1ed1ng gi\u00e1o d\u1ee5c ti\u1ebfng anh Tr\u00ecnh \u0111\u1ed9 chuy\u00ean m\u00f4n cho m\u1ed7i b\u1ea1n Nh\u1ecf nh\u01b0ng c\u00f3 kh\u1ea3 n\u0103ng M\u1ecdi ng\u01b0\u1eddi \u0111\u1ec1u ngh\u0129 r\u1eb1ng \u201cC\u00e0ng l\u1edbn c\u00e0ng t\u1ed1t\u201d nh\u01b0ng \u0111a s\u1ed1 h\u1ecdc vi\u00ean s\u1ebd b\u1ecb b\u1ecf qu\u00ean.WALES l\u00e0 tr\u01b0\u1eddng nh\u1ecf c\u00f3 th\u1ec3 \u0111\u00e1p \u1ee9ng m\u1ecdi nhu c\u1ea7u c\u1ee7a b\u1ea1n. Ch\u00fang t\u00f4i c\u00f3 \u0111\u1ee7 l\u01b0\u1ee3ng gi\u1ea3ng vi\u00ean v\u00e0 nh\u00e2n vi\u00ean t\u1eadp trung v\u00e0o t\u1eebng h\u1ecdc vi\u00ean. Gi\u1ea3ng vi\u00ean chuy\u00ean nghi\u1ec7p B\u1ea1n &hellip; <a href=\"https:\/\/walesph.com\/vi\/aboutus\/choose\/\" class=\"more-link\">Read More<span class=\"screen-reader-text\"> &#8220;T\u1ea0I SAO L\u00c0 WALES?&#8221;<\/span><\/a><\/p>\n","protected":false},"author":1,"featured_media":0,"parent":4266,"menu_order":3,"comment_status":"closed","ping_status":"closed","template":"","meta":{"_mc_calendar":[],"_vp_format_video_url":"","_vp_image_focal_point":[],"footnotes":""},"class_list":["post-4272","page","type-page","status-publish","hentry"],"yoast_head":"<!-- This site is optimized with the Yoast SEO plugin v24.8.1 - https:\/\/yoast.com\/wordpress\/plugins\/seo\/ -->\n<title>T\u1ea0I SAO L\u00c0 WALES? | Tr\u01b0\u1eddng anh ng\u1eef WALES \u1edf Baguio, Philippines<\/title>\n<meta name=\"description\" content=\"Tr\u01b0\u1eddng \u0111a qu\u1ed1c gia v\u1edbi v\u1ecb tr\u00ed t\u1ed1t v\u00e0 ch\u00fa tr\u1ecdng h\u1ec7 th\u1ed1ng gi\u00e1o d\u1ee5c ti\u1ebfng anh. M\u1ecdi ng\u01b0\u1eddi \u0111\u1ec1u ngh\u0129 r\u1eb1ng \u201cC\u00e0ng l\u1edbn c\u00e0ng t\u1ed1t\u201d nh\u01b0ng \u0111a s\u1ed1 h\u1ecdc vi\u00ean s\u1ebd b\u1ecb b\u1ecf qu\u00ean. WALES l\u00e0 tr\u01b0\u1eddng nh\u1ecf c\u00f3 th\u1ec3 \u0111\u00e1p \u1ee9ng m\u1ecdi nhu c\u1ea7u c\u1ee7a b\u1ea1n. Ch\u00fang t\u00f4i c\u00f3 \u0111\u1ee7 l\u01b0\u1ee3ng gi\u1ea3ng vi\u00ean v\u00e0 nh\u00e2n vi\u00ean t\u1eadp trung v\u00e0o t\u1eebng h\u1ecdc vi\u00ean.\" \/>\n<meta name=\"robots\" content=\"index, follow, max-snippet:-1, max-image-preview:large, max-video-preview:-1\" \/>\n<link rel=\"canonical\" href=\"https:\/\/walesph.com\/vi\/choose\/\" \/>\n<meta property=\"og:locale\" content=\"vi_VN\" \/>\n<meta property=\"og:type\" content=\"article\" \/>\n<meta property=\"og:title\" content=\"T\u1ea0I SAO L\u00c0 WALES? | Tr\u01b0\u1eddng anh ng\u1eef WALES \u1edf Baguio, Philippines\" \/>\n<meta property=\"og:description\" content=\"Tr\u01b0\u1eddng \u0111a qu\u1ed1c gia v\u1edbi v\u1ecb tr\u00ed t\u1ed1t v\u00e0 ch\u00fa tr\u1ecdng h\u1ec7 th\u1ed1ng gi\u00e1o d\u1ee5c ti\u1ebfng anh. M\u1ecdi ng\u01b0\u1eddi \u0111\u1ec1u ngh\u0129 r\u1eb1ng \u201cC\u00e0ng l\u1edbn c\u00e0ng t\u1ed1t\u201d nh\u01b0ng \u0111a s\u1ed1 h\u1ecdc vi\u00ean s\u1ebd b\u1ecb b\u1ecf qu\u00ean. WALES l\u00e0 tr\u01b0\u1eddng nh\u1ecf c\u00f3 th\u1ec3 \u0111\u00e1p \u1ee9ng m\u1ecdi nhu c\u1ea7u c\u1ee7a b\u1ea1n. Ch\u00fang t\u00f4i c\u00f3 \u0111\u1ee7 l\u01b0\u1ee3ng gi\u1ea3ng vi\u00ean v\u00e0 nh\u00e2n vi\u00ean t\u1eadp trung v\u00e0o t\u1eebng h\u1ecdc vi\u00ean.\" \/>\n<meta property=\"og:url\" content=\"https:\/\/walesph.com\/vi\/choose\/\" \/>\n<meta property=\"og:site_name\" content=\"WALES Academy - English Study in Baguio, Philippines\" \/>\n<meta property=\"article:modified_time\" content=\"2019-03-30T09:28:12+00:00\" \/>\n<meta property=\"og:image\" content=\"https:\/\/walesph.com\/wp-content\/uploads\/2019\/03\/img_choose01-2.jpg\" \/>\n<meta name=\"twitter:card\" content=\"summary_large_image\" \/>\n<meta name=\"twitter:label1\" content=\"Est. reading time\" \/>\n\t<meta name=\"twitter:data1\" content=\"4 minutes\" \/>\n<script type=\"application\/ld+json\" class=\"yoast-schema-graph\">{\"@context\":\"https:\/\/schema.org\",\"@graph\":[{\"@type\":\"WebPage\",\"@id\":\"https:\/\/walesph.com\/vi\/aboutus\/choose\/\",\"url\":\"https:\/\/walesph.com\/vi\/choose\/\",\"name\":\"T\u1ea0I SAO L\u00c0 WALES? | Tr\u01b0\u1eddng anh ng\u1eef WALES \u1edf Baguio, Philippines\",\"isPartOf\":{\"@id\":\"https:\/\/walesph.com\/vi\/#website\"},\"primaryImageOfPage\":{\"@id\":\"https:\/\/walesph.com\/vi\/choose\/#primaryimage\"},\"image\":{\"@id\":\"https:\/\/walesph.com\/vi\/choose\/#primaryimage\"},\"thumbnailUrl\":\"https:\/\/walesph.com\/wp-content\/uploads\/2019\/03\/img_choose01-2.jpg\",\"datePublished\":\"2018-03-09T15:25:54+00:00\",\"dateModified\":\"2019-03-30T09:28:12+00:00\",\"description\":\"Tr\u01b0\u1eddng \u0111a qu\u1ed1c gia v\u1edbi v\u1ecb tr\u00ed t\u1ed1t v\u00e0 ch\u00fa tr\u1ecdng h\u1ec7 th\u1ed1ng gi\u00e1o d\u1ee5c ti\u1ebfng anh. M\u1ecdi ng\u01b0\u1eddi \u0111\u1ec1u ngh\u0129 r\u1eb1ng \u201cC\u00e0ng l\u1edbn c\u00e0ng t\u1ed1t\u201d nh\u01b0ng \u0111a s\u1ed1 h\u1ecdc vi\u00ean s\u1ebd b\u1ecb b\u1ecf qu\u00ean. WALES l\u00e0 tr\u01b0\u1eddng nh\u1ecf c\u00f3 th\u1ec3 \u0111\u00e1p \u1ee9ng m\u1ecdi nhu c\u1ea7u c\u1ee7a b\u1ea1n. Ch\u00fang t\u00f4i c\u00f3 \u0111\u1ee7 l\u01b0\u1ee3ng gi\u1ea3ng vi\u00ean v\u00e0 nh\u00e2n vi\u00ean t\u1eadp trung v\u00e0o t\u1eebng h\u1ecdc vi\u00ean.\",\"breadcrumb\":{\"@id\":\"https:\/\/walesph.com\/vi\/choose\/#breadcrumb\"},\"inLanguage\":\"vi-VN\",\"potentialAction\":[{\"@type\":\"ReadAction\",\"target\":[\"https:\/\/walesph.com\/vi\/choose\/\"]}]},{\"@type\":\"ImageObject\",\"inLanguage\":\"vi-VN\",\"@id\":\"https:\/\/walesph.com\/vi\/choose\/#primaryimage\",\"url\":\"https:\/\/walesph.com\/wp-content\/uploads\/2019\/03\/img_choose01-2.jpg\",\"contentUrl\":\"https:\/\/walesph.com\/wp-content\/uploads\/2019\/03\/img_choose01-2.jpg\"},{\"@type\":\"BreadcrumbList\",\"@id\":\"https:\/\/walesph.com\/vi\/choose\/#breadcrumb\",\"itemListElement\":[{\"@type\":\"ListItem\",\"position\":1,\"name\":\"Home\",\"item\":\"https:\/\/walesph.com\/vi\/\"},{\"@type\":\"ListItem\",\"position\":2,\"name\":\"T\u1ea0I SAO L\u00c0 WALES?\"}]},{\"@type\":\"WebSite\",\"@id\":\"https:\/\/walesph.com\/vi\/#website\",\"url\":\"https:\/\/walesph.com\/vi\/\",\"name\":\"WALES Academy - English Study in Baguio, Philippines\",\"description\":\"Study ESL, IELTS, TOEIC, TOEFL | Best choice to improve your English skill | located in Baguio City, Philippines\",\"publisher\":{\"@id\":\"https:\/\/walesph.com\/vi\/#organization\"},\"potentialAction\":[{\"@type\":\"SearchAction\",\"target\":{\"@type\":\"EntryPoint\",\"urlTemplate\":\"https:\/\/walesph.com\/vi\/?s={search_term_string}\"},\"query-input\":{\"@type\":\"PropertyValueSpecification\",\"valueRequired\":true,\"valueName\":\"search_term_string\"}}],\"inLanguage\":\"vi-VN\"},{\"@type\":\"Organization\",\"@id\":\"https:\/\/walesph.com\/vi\/#organization\",\"name\":\"WALES (Widest Asian Learners English School Inc.)\",\"url\":\"https:\/\/walesph.com\/vi\/\",\"logo\":{\"@type\":\"ImageObject\",\"inLanguage\":\"vi-VN\",\"@id\":\"https:\/\/walesph.com\/vi\/#\/schema\/logo\/image\/\",\"url\":\"https:\/\/walesph.com\/wp-content\/uploads\/2018\/06\/logo.png\",\"contentUrl\":\"https:\/\/walesph.com\/wp-content\/uploads\/2018\/06\/logo.png\",\"width\":673,\"height\":670,\"caption\":\"WALES (Widest Asian Learners English School Inc.)\"},\"image\":{\"@id\":\"https:\/\/walesph.com\/vi\/#\/schema\/logo\/image\/\"},\"sameAs\":[\"https:\/\/www.youtube.com\/channel\/UCIfHXHa0sKYDBZKnGPKqmxg\"]}]}<\/script>\n<!-- \/ Yoast SEO plugin. -->","yoast_head_json":{"title":"T\u1ea0I SAO L\u00c0 WALES? | Tr\u01b0\u1eddng anh ng\u1eef WALES \u1edf Baguio, Philippines","description":"Tr\u01b0\u1eddng \u0111a qu\u1ed1c gia v\u1edbi v\u1ecb tr\u00ed t\u1ed1t v\u00e0 ch\u00fa tr\u1ecdng h\u1ec7 th\u1ed1ng gi\u00e1o d\u1ee5c ti\u1ebfng anh. M\u1ecdi ng\u01b0\u1eddi \u0111\u1ec1u ngh\u0129 r\u1eb1ng \u201cC\u00e0ng l\u1edbn c\u00e0ng t\u1ed1t\u201d nh\u01b0ng \u0111a s\u1ed1 h\u1ecdc vi\u00ean s\u1ebd b\u1ecb b\u1ecf qu\u00ean. WALES l\u00e0 tr\u01b0\u1eddng nh\u1ecf c\u00f3 th\u1ec3 \u0111\u00e1p \u1ee9ng m\u1ecdi nhu c\u1ea7u c\u1ee7a b\u1ea1n. Ch\u00fang t\u00f4i c\u00f3 \u0111\u1ee7 l\u01b0\u1ee3ng gi\u1ea3ng vi\u00ean v\u00e0 nh\u00e2n vi\u00ean t\u1eadp trung v\u00e0o t\u1eebng h\u1ecdc vi\u00ean.","robots":{"index":"index","follow":"follow","max-snippet":"max-snippet:-1","max-image-preview":"max-image-preview:large","max-video-preview":"max-video-preview:-1"},"canonical":"https:\/\/walesph.com\/vi\/choose\/","og_locale":"vi_VN","og_type":"article","og_title":"T\u1ea0I SAO L\u00c0 WALES? | Tr\u01b0\u1eddng anh ng\u1eef WALES \u1edf Baguio, Philippines","og_description":"Tr\u01b0\u1eddng \u0111a qu\u1ed1c gia v\u1edbi v\u1ecb tr\u00ed t\u1ed1t v\u00e0 ch\u00fa tr\u1ecdng h\u1ec7 th\u1ed1ng gi\u00e1o d\u1ee5c ti\u1ebfng anh. M\u1ecdi ng\u01b0\u1eddi \u0111\u1ec1u ngh\u0129 r\u1eb1ng \u201cC\u00e0ng l\u1edbn c\u00e0ng t\u1ed1t\u201d nh\u01b0ng \u0111a s\u1ed1 h\u1ecdc vi\u00ean s\u1ebd b\u1ecb b\u1ecf qu\u00ean. WALES l\u00e0 tr\u01b0\u1eddng nh\u1ecf c\u00f3 th\u1ec3 \u0111\u00e1p \u1ee9ng m\u1ecdi nhu c\u1ea7u c\u1ee7a b\u1ea1n. Ch\u00fang t\u00f4i c\u00f3 \u0111\u1ee7 l\u01b0\u1ee3ng gi\u1ea3ng vi\u00ean v\u00e0 nh\u00e2n vi\u00ean t\u1eadp trung v\u00e0o t\u1eebng h\u1ecdc vi\u00ean.","og_url":"https:\/\/walesph.com\/vi\/choose\/","og_site_name":"WALES Academy - English Study in Baguio, Philippines","article_modified_time":"2019-03-30T09:28:12+00:00","og_image":[{"url":"https:\/\/walesph.com\/wp-content\/uploads\/2019\/03\/img_choose01-2.jpg","type":"","width":"","height":""}],"twitter_card":"summary_large_image","twitter_misc":{"Est. reading time":"4 minutes"},"schema":{"@context":"https:\/\/schema.org","@graph":[{"@type":"WebPage","@id":"https:\/\/walesph.com\/vi\/aboutus\/choose\/","url":"https:\/\/walesph.com\/vi\/choose\/","name":"T\u1ea0I SAO L\u00c0 WALES? | Tr\u01b0\u1eddng anh ng\u1eef WALES \u1edf Baguio, Philippines","isPartOf":{"@id":"https:\/\/walesph.com\/vi\/#website"},"primaryImageOfPage":{"@id":"https:\/\/walesph.com\/vi\/choose\/#primaryimage"},"image":{"@id":"https:\/\/walesph.com\/vi\/choose\/#primaryimage"},"thumbnailUrl":"https:\/\/walesph.com\/wp-content\/uploads\/2019\/03\/img_choose01-2.jpg","datePublished":"2018-03-09T15:25:54+00:00","dateModified":"2019-03-30T09:28:12+00:00","description":"Tr\u01b0\u1eddng \u0111a qu\u1ed1c gia v\u1edbi v\u1ecb tr\u00ed t\u1ed1t v\u00e0 ch\u00fa tr\u1ecdng h\u1ec7 th\u1ed1ng gi\u00e1o d\u1ee5c ti\u1ebfng anh. M\u1ecdi ng\u01b0\u1eddi \u0111\u1ec1u ngh\u0129 r\u1eb1ng \u201cC\u00e0ng l\u1edbn c\u00e0ng t\u1ed1t\u201d nh\u01b0ng \u0111a s\u1ed1 h\u1ecdc vi\u00ean s\u1ebd b\u1ecb b\u1ecf qu\u00ean. WALES l\u00e0 tr\u01b0\u1eddng nh\u1ecf c\u00f3 th\u1ec3 \u0111\u00e1p \u1ee9ng m\u1ecdi nhu c\u1ea7u c\u1ee7a b\u1ea1n. Ch\u00fang t\u00f4i c\u00f3 \u0111\u1ee7 l\u01b0\u1ee3ng gi\u1ea3ng vi\u00ean v\u00e0 nh\u00e2n vi\u00ean t\u1eadp trung v\u00e0o t\u1eebng h\u1ecdc vi\u00ean.","breadcrumb":{"@id":"https:\/\/walesph.com\/vi\/choose\/#breadcrumb"},"inLanguage":"vi-VN","potentialAction":[{"@type":"ReadAction","target":["https:\/\/walesph.com\/vi\/choose\/"]}]},{"@type":"ImageObject","inLanguage":"vi-VN","@id":"https:\/\/walesph.com\/vi\/choose\/#primaryimage","url":"https:\/\/walesph.com\/wp-content\/uploads\/2019\/03\/img_choose01-2.jpg","contentUrl":"https:\/\/walesph.com\/wp-content\/uploads\/2019\/03\/img_choose01-2.jpg"},{"@type":"BreadcrumbList","@id":"https:\/\/walesph.com\/vi\/choose\/#breadcrumb","itemListElement":[{"@type":"ListItem","position":1,"name":"Home","item":"https:\/\/walesph.com\/vi\/"},{"@type":"ListItem","position":2,"name":"T\u1ea0I SAO L\u00c0 WALES?"}]},{"@type":"WebSite","@id":"https:\/\/walesph.com\/vi\/#website","url":"https:\/\/walesph.com\/vi\/","name":"WALES Academy - English Study in Baguio, Philippines","description":"Study ESL, IELTS, TOEIC, TOEFL | Best choice to improve your English skill | located in Baguio City, Philippines","publisher":{"@id":"https:\/\/walesph.com\/vi\/#organization"},"potentialAction":[{"@type":"SearchAction","target":{"@type":"EntryPoint","urlTemplate":"https:\/\/walesph.com\/vi\/?s={search_term_string}"},"query-input":{"@type":"PropertyValueSpecification","valueRequired":true,"valueName":"search_term_string"}}],"inLanguage":"vi-VN"},{"@type":"Organization","@id":"https:\/\/walesph.com\/vi\/#organization","name":"WALES (Widest Asian Learners English School Inc.)","url":"https:\/\/walesph.com\/vi\/","logo":{"@type":"ImageObject","inLanguage":"vi-VN","@id":"https:\/\/walesph.com\/vi\/#\/schema\/logo\/image\/","url":"https:\/\/walesph.com\/wp-content\/uploads\/2018\/06\/logo.png","contentUrl":"https:\/\/walesph.com\/wp-content\/uploads\/2018\/06\/logo.png","width":673,"height":670,"caption":"WALES (Widest Asian Learners English School Inc.)"},"image":{"@id":"https:\/\/walesph.com\/vi\/#\/schema\/logo\/image\/"},"sameAs":["https:\/\/www.youtube.com\/channel\/UCIfHXHa0sKYDBZKnGPKqmxg"]}]}},"_links":{"self":[{"href":"https:\/\/walesph.com\/vi\/wp-json\/wp\/v2\/pages\/4272","targetHints":{"allow":["GET"]}}],"collection":[{"href":"https:\/\/walesph.com\/vi\/wp-json\/wp\/v2\/pages"}],"about":[{"href":"https:\/\/walesph.com\/vi\/wp-json\/wp\/v2\/types\/page"}],"author":[{"embeddable":true,"href":"https:\/\/walesph.com\/vi\/wp-json\/wp\/v2\/users\/1"}],"replies":[{"embeddable":true,"href":"https:\/\/walesph.com\/vi\/wp-json\/wp\/v2\/comments?post=4272"}],"version-history":[{"count":12,"href":"https:\/\/walesph.com\/vi\/wp-json\/wp\/v2\/pages\/4272\/revisions"}],"predecessor-version":[{"id":7974,"href":"https:\/\/walesph.com\/vi\/wp-json\/wp\/v2\/pages\/4272\/revisions\/7974"}],"up":[{"embeddable":true,"href":"https:\/\/walesph.com\/vi\/wp-json\/wp\/v2\/pages\/4266"}],"wp:attachment":[{"href":"https:\/\/walesph.com\/vi\/wp-json\/wp\/v2\/media?parent=4272"}],"curies":[{"name":"wp","href":"https:\/\/api.w.org\/{rel}","templated":true}]}}