{"id":4270,"date":"2018-03-09T22:52:06","date_gmt":"2018-03-09T14:52:06","guid":{"rendered":"https:\/\/walesph.com\/?page_id=4270"},"modified":"2019-03-30T17:25:07","modified_gmt":"2019-03-30T09:25:07","slug":"gioi-thieu","status":"publish","type":"page","link":"https:\/\/walesph.com\/vi\/aboutus\/gioi-thieu\/","title":{"rendered":"GI\u1edaI THI\u1ec6U"},"content":{"rendered":"\r\n<img decoding=\"async\" src=\"https:\/\/walesph.com\/wp-content\/uploads\/2018\/04\/img_intro_main.jpg\" alt=\"WALES school building\" \/>\r\n<h2 class=\"h2t\">TH\u00d4NG TIN C\u1ee6A TR\u01af\u1edcNG<\/h2>\r\n<dl id=\"infotable\">\r\n \t<dt><i class=\"fas fa-caret-right fa-fw\"><\/i>T\u00ean ch\u00ednh th\u1ee9c<\/dt>\r\n \t<dd>Widest Asian Learners English School Inc.<\/dd>\r\n \t<dt><i class=\"fas fa-caret-right fa-fw\"><\/i>CEO<\/dt>\r\n \t<dd>Jeanne Y. Shim<\/dd>\r\n \t<dt><i class=\"fas fa-caret-right fa-fw\"><\/i>\u0110\u1ecba ch\u1ec9<\/dt>\r\n \t<dd>#4 Bukaneg St. Legarda Rd. Baguio city, the Philippines<\/dd>\r\n \t<dt><i class=\"fas fa-caret-right fa-fw\"><\/i>Quy m\u00f4<\/dt>\r\n \t<dd>80 h\u1ecdc sinh<\/dd>\r\n<\/dl>\r\n<div id=\"gmap\"><iframe loading=\"lazy\" style=\"border: 0;\" src=\"https:\/\/www.google.com\/maps\/embed?pb=!1m18!1m12!1m3!1d3827.306090649595!2d120.58903805085032!3d16.409273688616043!2m3!1f0!2f0!3f0!3m2!1i1024!2i768!4f13.1!3m3!1m2!1s0x3391a16eb52e6641%3A0x72519edf653f1c59!2sWidest+Asian+Learners+English+School+Incorporated!5e0!3m2!1sja!2sjp!4v1521481036704\" width=\"450\" height=\"300\" frameborder=\"0\" allowfullscreen=\"allowfullscreen\"><\/iframe><\/div>\r\n\r\n<h2>L\u1ecaCH S\u1eec<\/h2>\r\n  <dl id=\"history\" class=\"cf\">\r\n    <dt>N\u0103m 2006<\/dt><dd>Th\u00e0nh l\u1eadp tr\u01b0\u1eddng d\u00e0nh cho thi\u1ebfu nhi<\/dd>\r\n    <dt>N\u0103m 2011<\/dt><dd>Kh\u00f3a ESL \u00b7 TOEIC \u00b7 TOEFL \u00b7 IELTS \u0111\u01b0\u1ee3c c\u1ed9ng th\u00eam v\u1edbi ch\u01b0\u01a1ng tr\u00ecnh cho thi\u1ebfu thi<\/dd>\r\n    <dt>N\u0103m 2014<\/dt><dd>k\u00ec l\u1ec5 v\u00e0 kh\u00f3a IDP \u0111\u01b0\u1ee3c gi\u1edbi thi\u1ec7u cho ng\u01b0\u1eddi \u0111i l\u00e0m<\/dd>\r\n    <dt>N\u0103m 2016<\/dt><dd>D\u1eddi \u0111\u1ecba \u0111i\u1ec3m tr\u01b0\u1eddng theo Rigardaroad hi\u1ec7n t\u1ea1i<\/dd>  \r\n  <\/dl>\r\n\r\n<h2>T\u1ea6M NH\u00ccN<\/h2>\r\n<p>T\u1ea7m nh\u00ecn c\u1ee7a WALES \u0111\u01b0\u1ee3c m\u1edf r\u1ed9ng l\u00e0 trung t\u00e2m ng\u00f4n ng\u1eef n\u1ed5i b\u1eadt nh\u1eefng qu\u1ed1c t\u1ecbch kh\u00e1c nhau b\u1edfi cung c\u1ea5p cho h\u1ecd giao ti\u1ebfp c\u1ea7n thi\u1ebft trong ti\u1ebfp x\u00fac to\u00e0n c\u1ea7u.<\/p>\r\n<h2>M\u1ee4C TI\u00caU<\/h2>\r\n<ul>\r\n \t<li>T\u1ea1o ra nh\u1eefng ng\u01b0\u1eddi h\u1ecdc s\u1ebd c\u1ea1nh tranh to\u00e0n c\u1ea7u.<\/li>\r\n \t<li>T\u1ea1o ra nh\u1eefng ng\u01b0\u1eddi h\u1ecdc s\u1ebd \u0111\u01b0\u1ee3c giao ti\u1ebfp, c\u1ea3m x\u00fac v\u00e0 nh\u1eadn th\u1ee9c v\u1ec1 v\u0103n h\u00f3a.<\/li>\r\n \t<li>T\u1ea1o ra nh\u1eefng ng\u01b0\u1eddi h\u1ecdc c\u00f3 k\u1ef9 n\u0103ng giao ti\u1ebfp tuy\u1ec7t v\u1eddi.<\/li>\r\n<\/ul>\r\n<h2>GI\u1ea4Y CH\u1ee8NG NH\u1eacN GI\u1ea4Y PH\u00c9P<\/h2>\r\n<dl id=\"permit\">\r\n \t<dt class=\"tesda\">Gi\u1ea5y ph\u00e9p TESDA NRT s\u1ed1 07-14-03-1512, 07-14-03-1513, 07-14-03-1514<\/dt>\r\n \t<dd><img decoding=\"async\" src=\"https:\/\/walesph.com\/wp-content\/uploads\/2018\/04\/img_tesda02.png\" alt=\"TESDA\u3000Permit\" \/><\/dd>\r\n \t<dt class=\"ssp\">Gi\u1ea5y ph\u00e9p nghi\u00ean c\u1ee9u \u0111\u1eb7c bi\u1ec7t (SPP)\u3000\u3000AAFS\u3000No.MCL-2007-178<\/dt>\r\n \t<dd><img decoding=\"async\" src=\"https:\/\/walesph.com\/wp-content\/uploads\/2018\/04\/img_ssp02.png\" alt=\"Special Study Permit\" \/><\/dd>\r\n<\/dl>\r\n","protected":false},"excerpt":{"rendered":"<p>TH\u00d4NG TIN C\u1ee6A TR\u01af\u1edcNG T\u00ean ch\u00ednh th\u1ee9c Widest Asian Learners English School Inc. CEO Jeanne Y. Shim \u0110\u1ecba ch\u1ec9 #4 Bukaneg St. Legarda Rd. Baguio city, the Philippines Quy m\u00f4 80 h\u1ecdc sinh L\u1ecaCH S\u1eec N\u0103m 2006 Th\u00e0nh l\u1eadp tr\u01b0\u1eddng d\u00e0nh cho thi\u1ebfu nhi N\u0103m 2011 Kh\u00f3a ESL \u00b7 TOEIC \u00b7 TOEFL \u00b7 IELTS \u0111\u01b0\u1ee3c c\u1ed9ng th\u00eam v\u1edbi ch\u01b0\u01a1ng tr\u00ecnh cho thi\u1ebfu thi N\u0103m 2014 k\u00ec l\u1ec5 v\u00e0 kh\u00f3a IDP \u0111\u01b0\u1ee3c gi\u1edbi thi\u1ec7u cho ng\u01b0\u1eddi \u0111i l\u00e0m N\u0103m 2016 D\u1eddi &hellip; <a href=\"https:\/\/walesph.com\/vi\/aboutus\/gioi-thieu\/\" class=\"more-link\">Read More<span class=\"screen-reader-text\"> &#8220;GI\u1edaI THI\u1ec6U&#8221;<\/span><\/a><\/p>\n","protected":false},"author":1,"featured_media":0,"parent":4266,"menu_order":1,"comment_status":"closed","ping_status":"closed","template":"","meta":{"_mc_calendar":[],"_vp_format_video_url":"","_vp_image_focal_point":[],"footnotes":""},"class_list":["post-4270","page","type-page","status-publish","hentry"],"yoast_head":"<!-- This site is optimized with the Yoast SEO plugin v24.8.1 - https:\/\/yoast.com\/wordpress\/plugins\/seo\/ -->\n<title>GI\u1edaI THI\u1ec6U | Tr\u01b0\u1eddng anh ng\u1eef WALES \u1edf Baguio, Philippines<\/title>\n<meta name=\"description\" content=\"TH\u00d4NG TIN C\u1ee6A TR\u01af\u1edcNG \/ T\u00ean ch\u00ednh th\u1ee9c: Widest Asian Learners English School Inc. \/ CEO: Jeanne Y. Shim \/ \u0110\u1ecba ch\u1ec9: #4 Bukaneg St. Legarda Rd. Baguio city, the Philippines \/ Quy m\u00f4: 80 students\" \/>\n<meta name=\"robots\" content=\"index, follow, max-snippet:-1, max-image-preview:large, max-video-preview:-1\" \/>\n<link rel=\"canonical\" href=\"https:\/\/walesph.com\/vi\/aboutus\/introduction\/\" \/>\n<meta property=\"og:locale\" content=\"vi_VN\" \/>\n<meta property=\"og:type\" content=\"article\" \/>\n<meta property=\"og:title\" content=\"GI\u1edaI THI\u1ec6U | Tr\u01b0\u1eddng anh ng\u1eef WALES \u1edf Baguio, Philippines\" \/>\n<meta property=\"og:description\" content=\"TH\u00d4NG TIN C\u1ee6A TR\u01af\u1edcNG \/ T\u00ean ch\u00ednh th\u1ee9c: Widest Asian Learners English School Inc. \/ CEO: Jeanne Y. Shim \/ \u0110\u1ecba ch\u1ec9: #4 Bukaneg St. Legarda Rd. Baguio city, the Philippines \/ Quy m\u00f4: 80 students\" \/>\n<meta property=\"og:url\" content=\"https:\/\/walesph.com\/vi\/aboutus\/introduction\/\" \/>\n<meta property=\"og:site_name\" content=\"WALES Academy - English Study in Baguio, Philippines\" \/>\n<meta property=\"article:modified_time\" content=\"2019-03-30T09:25:07+00:00\" \/>\n<meta property=\"og:image\" content=\"https:\/\/walesph.com\/wp-content\/uploads\/2018\/04\/img_intro_main.jpg\" \/>\n<meta name=\"twitter:card\" content=\"summary_large_image\" \/>\n<meta name=\"twitter:label1\" content=\"Est. reading time\" \/>\n\t<meta name=\"twitter:data1\" content=\"1 minute\" \/>\n<script type=\"application\/ld+json\" class=\"yoast-schema-graph\">{\"@context\":\"https:\/\/schema.org\",\"@graph\":[{\"@type\":\"WebPage\",\"@id\":\"https:\/\/walesph.com\/vi\/aboutus\/gioi-thieu\/\",\"url\":\"https:\/\/walesph.com\/vi\/aboutus\/introduction\/\",\"name\":\"GI\u1edaI THI\u1ec6U | Tr\u01b0\u1eddng anh ng\u1eef WALES \u1edf Baguio, Philippines\",\"isPartOf\":{\"@id\":\"https:\/\/walesph.com\/vi\/#website\"},\"primaryImageOfPage\":{\"@id\":\"https:\/\/walesph.com\/vi\/aboutus\/introduction\/#primaryimage\"},\"image\":{\"@id\":\"https:\/\/walesph.com\/vi\/aboutus\/introduction\/#primaryimage\"},\"thumbnailUrl\":\"https:\/\/walesph.com\/wp-content\/uploads\/2018\/04\/img_intro_main.jpg\",\"datePublished\":\"2018-03-09T14:52:06+00:00\",\"dateModified\":\"2019-03-30T09:25:07+00:00\",\"description\":\"TH\u00d4NG TIN C\u1ee6A TR\u01af\u1edcNG \/ T\u00ean ch\u00ednh th\u1ee9c: Widest Asian Learners English School Inc. \/ CEO: Jeanne Y. Shim \/ \u0110\u1ecba ch\u1ec9: #4 Bukaneg St. Legarda Rd. Baguio city, the Philippines \/ Quy m\u00f4: 80 students\",\"breadcrumb\":{\"@id\":\"https:\/\/walesph.com\/vi\/aboutus\/introduction\/#breadcrumb\"},\"inLanguage\":\"vi-VN\",\"potentialAction\":[{\"@type\":\"ReadAction\",\"target\":[\"https:\/\/walesph.com\/vi\/aboutus\/introduction\/\"]}]},{\"@type\":\"ImageObject\",\"inLanguage\":\"vi-VN\",\"@id\":\"https:\/\/walesph.com\/vi\/aboutus\/introduction\/#primaryimage\",\"url\":\"https:\/\/walesph.com\/wp-content\/uploads\/2018\/04\/img_intro_main.jpg\",\"contentUrl\":\"https:\/\/walesph.com\/wp-content\/uploads\/2018\/04\/img_intro_main.jpg\"},{\"@type\":\"BreadcrumbList\",\"@id\":\"https:\/\/walesph.com\/vi\/aboutus\/introduction\/#breadcrumb\",\"itemListElement\":[{\"@type\":\"ListItem\",\"position\":1,\"name\":\"Home\",\"item\":\"https:\/\/walesph.com\/vi\/\"},{\"@type\":\"ListItem\",\"position\":2,\"name\":\"GI\u1edaI THI\u1ec6U V\u1ec0 WALES\",\"item\":\"https:\/\/walesph.com\/vi\/aboutus\/\"},{\"@type\":\"ListItem\",\"position\":3,\"name\":\"GI\u1edaI THI\u1ec6U\"}]},{\"@type\":\"WebSite\",\"@id\":\"https:\/\/walesph.com\/vi\/#website\",\"url\":\"https:\/\/walesph.com\/vi\/\",\"name\":\"WALES Academy - English Study in Baguio, Philippines\",\"description\":\"Study ESL, IELTS, TOEIC, TOEFL | Best choice to improve your English skill | located in Baguio City, Philippines\",\"publisher\":{\"@id\":\"https:\/\/walesph.com\/vi\/#organization\"},\"potentialAction\":[{\"@type\":\"SearchAction\",\"target\":{\"@type\":\"EntryPoint\",\"urlTemplate\":\"https:\/\/walesph.com\/vi\/?s={search_term_string}\"},\"query-input\":{\"@type\":\"PropertyValueSpecification\",\"valueRequired\":true,\"valueName\":\"search_term_string\"}}],\"inLanguage\":\"vi-VN\"},{\"@type\":\"Organization\",\"@id\":\"https:\/\/walesph.com\/vi\/#organization\",\"name\":\"WALES (Widest Asian Learners English School Inc.)\",\"url\":\"https:\/\/walesph.com\/vi\/\",\"logo\":{\"@type\":\"ImageObject\",\"inLanguage\":\"vi-VN\",\"@id\":\"https:\/\/walesph.com\/vi\/#\/schema\/logo\/image\/\",\"url\":\"https:\/\/walesph.com\/wp-content\/uploads\/2018\/06\/logo.png\",\"contentUrl\":\"https:\/\/walesph.com\/wp-content\/uploads\/2018\/06\/logo.png\",\"width\":673,\"height\":670,\"caption\":\"WALES (Widest Asian Learners English School Inc.)\"},\"image\":{\"@id\":\"https:\/\/walesph.com\/vi\/#\/schema\/logo\/image\/\"},\"sameAs\":[\"https:\/\/www.youtube.com\/channel\/UCIfHXHa0sKYDBZKnGPKqmxg\"]}]}<\/script>\n<!-- \/ Yoast SEO plugin. -->","yoast_head_json":{"title":"GI\u1edaI THI\u1ec6U | Tr\u01b0\u1eddng anh ng\u1eef WALES \u1edf Baguio, Philippines","description":"TH\u00d4NG TIN C\u1ee6A TR\u01af\u1edcNG \/ T\u00ean ch\u00ednh th\u1ee9c: Widest Asian Learners English School Inc. \/ CEO: Jeanne Y. Shim \/ \u0110\u1ecba ch\u1ec9: #4 Bukaneg St. Legarda Rd. Baguio city, the Philippines \/ Quy m\u00f4: 80 students","robots":{"index":"index","follow":"follow","max-snippet":"max-snippet:-1","max-image-preview":"max-image-preview:large","max-video-preview":"max-video-preview:-1"},"canonical":"https:\/\/walesph.com\/vi\/aboutus\/introduction\/","og_locale":"vi_VN","og_type":"article","og_title":"GI\u1edaI THI\u1ec6U | Tr\u01b0\u1eddng anh ng\u1eef WALES \u1edf Baguio, Philippines","og_description":"TH\u00d4NG TIN C\u1ee6A TR\u01af\u1edcNG \/ T\u00ean ch\u00ednh th\u1ee9c: Widest Asian Learners English School Inc. \/ CEO: Jeanne Y. Shim \/ \u0110\u1ecba ch\u1ec9: #4 Bukaneg St. Legarda Rd. Baguio city, the Philippines \/ Quy m\u00f4: 80 students","og_url":"https:\/\/walesph.com\/vi\/aboutus\/introduction\/","og_site_name":"WALES Academy - English Study in Baguio, Philippines","article_modified_time":"2019-03-30T09:25:07+00:00","og_image":[{"url":"https:\/\/walesph.com\/wp-content\/uploads\/2018\/04\/img_intro_main.jpg","type":"","width":"","height":""}],"twitter_card":"summary_large_image","twitter_misc":{"Est. reading time":"1 minute"},"schema":{"@context":"https:\/\/schema.org","@graph":[{"@type":"WebPage","@id":"https:\/\/walesph.com\/vi\/aboutus\/gioi-thieu\/","url":"https:\/\/walesph.com\/vi\/aboutus\/introduction\/","name":"GI\u1edaI THI\u1ec6U | Tr\u01b0\u1eddng anh ng\u1eef WALES \u1edf Baguio, Philippines","isPartOf":{"@id":"https:\/\/walesph.com\/vi\/#website"},"primaryImageOfPage":{"@id":"https:\/\/walesph.com\/vi\/aboutus\/introduction\/#primaryimage"},"image":{"@id":"https:\/\/walesph.com\/vi\/aboutus\/introduction\/#primaryimage"},"thumbnailUrl":"https:\/\/walesph.com\/wp-content\/uploads\/2018\/04\/img_intro_main.jpg","datePublished":"2018-03-09T14:52:06+00:00","dateModified":"2019-03-30T09:25:07+00:00","description":"TH\u00d4NG TIN C\u1ee6A TR\u01af\u1edcNG \/ T\u00ean ch\u00ednh th\u1ee9c: Widest Asian Learners English School Inc. \/ CEO: Jeanne Y. Shim \/ \u0110\u1ecba ch\u1ec9: #4 Bukaneg St. Legarda Rd. Baguio city, the Philippines \/ Quy m\u00f4: 80 students","breadcrumb":{"@id":"https:\/\/walesph.com\/vi\/aboutus\/introduction\/#breadcrumb"},"inLanguage":"vi-VN","potentialAction":[{"@type":"ReadAction","target":["https:\/\/walesph.com\/vi\/aboutus\/introduction\/"]}]},{"@type":"ImageObject","inLanguage":"vi-VN","@id":"https:\/\/walesph.com\/vi\/aboutus\/introduction\/#primaryimage","url":"https:\/\/walesph.com\/wp-content\/uploads\/2018\/04\/img_intro_main.jpg","contentUrl":"https:\/\/walesph.com\/wp-content\/uploads\/2018\/04\/img_intro_main.jpg"},{"@type":"BreadcrumbList","@id":"https:\/\/walesph.com\/vi\/aboutus\/introduction\/#breadcrumb","itemListElement":[{"@type":"ListItem","position":1,"name":"Home","item":"https:\/\/walesph.com\/vi\/"},{"@type":"ListItem","position":2,"name":"GI\u1edaI THI\u1ec6U V\u1ec0 WALES","item":"https:\/\/walesph.com\/vi\/aboutus\/"},{"@type":"ListItem","position":3,"name":"GI\u1edaI THI\u1ec6U"}]},{"@type":"WebSite","@id":"https:\/\/walesph.com\/vi\/#website","url":"https:\/\/walesph.com\/vi\/","name":"WALES Academy - English Study in Baguio, Philippines","description":"Study ESL, IELTS, TOEIC, TOEFL | Best choice to improve your English skill | located in Baguio City, Philippines","publisher":{"@id":"https:\/\/walesph.com\/vi\/#organization"},"potentialAction":[{"@type":"SearchAction","target":{"@type":"EntryPoint","urlTemplate":"https:\/\/walesph.com\/vi\/?s={search_term_string}"},"query-input":{"@type":"PropertyValueSpecification","valueRequired":true,"valueName":"search_term_string"}}],"inLanguage":"vi-VN"},{"@type":"Organization","@id":"https:\/\/walesph.com\/vi\/#organization","name":"WALES (Widest Asian Learners English School Inc.)","url":"https:\/\/walesph.com\/vi\/","logo":{"@type":"ImageObject","inLanguage":"vi-VN","@id":"https:\/\/walesph.com\/vi\/#\/schema\/logo\/image\/","url":"https:\/\/walesph.com\/wp-content\/uploads\/2018\/06\/logo.png","contentUrl":"https:\/\/walesph.com\/wp-content\/uploads\/2018\/06\/logo.png","width":673,"height":670,"caption":"WALES (Widest Asian Learners English School Inc.)"},"image":{"@id":"https:\/\/walesph.com\/vi\/#\/schema\/logo\/image\/"},"sameAs":["https:\/\/www.youtube.com\/channel\/UCIfHXHa0sKYDBZKnGPKqmxg"]}]}},"_links":{"self":[{"href":"https:\/\/walesph.com\/vi\/wp-json\/wp\/v2\/pages\/4270","targetHints":{"allow":["GET"]}}],"collection":[{"href":"https:\/\/walesph.com\/vi\/wp-json\/wp\/v2\/pages"}],"about":[{"href":"https:\/\/walesph.com\/vi\/wp-json\/wp\/v2\/types\/page"}],"author":[{"embeddable":true,"href":"https:\/\/walesph.com\/vi\/wp-json\/wp\/v2\/users\/1"}],"replies":[{"embeddable":true,"href":"https:\/\/walesph.com\/vi\/wp-json\/wp\/v2\/comments?post=4270"}],"version-history":[{"count":5,"href":"https:\/\/walesph.com\/vi\/wp-json\/wp\/v2\/pages\/4270\/revisions"}],"predecessor-version":[{"id":7967,"href":"https:\/\/walesph.com\/vi\/wp-json\/wp\/v2\/pages\/4270\/revisions\/7967"}],"up":[{"embeddable":true,"href":"https:\/\/walesph.com\/vi\/wp-json\/wp\/v2\/pages\/4266"}],"wp:attachment":[{"href":"https:\/\/walesph.com\/vi\/wp-json\/wp\/v2\/media?parent=4270"}],"curies":[{"name":"wp","href":"https:\/\/api.w.org\/{rel}","templated":true}]}}