{"id":4268,"date":"2018-03-09T23:24:14","date_gmt":"2018-03-09T15:24:14","guid":{"rendered":"https:\/\/walesph.com\/?page_id=4268"},"modified":"2019-03-30T17:21:03","modified_gmt":"2019-03-30T09:21:03","slug":"about-baguio","status":"publish","type":"page","link":"https:\/\/walesph.com\/vi\/aboutus\/about-baguio\/","title":{"rendered":"GI\u1edaI THI\u1ec6U V\u1ec0 BAGUIO"},"content":{"rendered":"\r\n<img loading=\"lazy\" decoding=\"async\" src=\"https:\/\/walesph.com\/wp-content\/uploads\/2019\/03\/img_baguio2_main.jpg\" alt=\"Baguio in Philippines\" width=\"800\" height=\"400\" class=\"alignnone size-full wp-image-7768\" srcset=\"https:\/\/walesph.com\/wp-content\/uploads\/2019\/03\/img_baguio2_main.jpg 800w, https:\/\/walesph.com\/wp-content\/uploads\/2019\/03\/img_baguio2_main-300x150.jpg 300w, https:\/\/walesph.com\/wp-content\/uploads\/2019\/03\/img_baguio2_main-768x384.jpg 768w, https:\/\/walesph.com\/wp-content\/uploads\/2019\/03\/img_baguio2_main-600x300.jpg 600w\" sizes=\"auto, (max-width: 800px) 85vw, 800px\" \/>\r\n<h2 class=\"h2t\">M\u1ed9t trong nh\u1eefng th\u00e0nh ph\u1ed1 h\u1ecdc th\u1ee9c c\u1ee7a Philippines<\/h2>\r\n<img decoding=\"async\" src=\"https:\/\/walesph.com\/wp-content\/uploads\/2018\/04\/img_baguio01.jpg\" class=\"rset\" alt=\"The streets of Baguio\">\r\n<p>B\u1ea1n c\u00f3 bi\u1ebft r\u1eb1ng Baguio c\u00f3 s\u1ed1 l\u01b0\u1ee3ng l\u1edbn nh\u1ea5t v\u1ec1 tr\u01b0\u1eddng h\u1ecdc v\u00e0 tr\u01b0\u1eddng \u0111\u1ea1i h\u1ecdc v\u00e0 tr\u01b0\u1eddng anh ng\u1eef ph\u00eda b\u1eafc Manila? V\u00e0 Baguio l\u00e0 th\u00e0nh ph\u1ed1 c\u1ee7a M\u1ef9.<br \/> \r\nV\u00ec v\u1eady, ti\u1ebfng anh \u0111\u01b0\u1ee3c s\u1eed d\u1ee5ng r\u1ed9ng r\u00e3i oqr th\u00e0nh ph\u1ed1 n\u00e0y. Cho n\u00ean n\u1ebfu b\u1ea1n mu\u1ed1n h\u1ecdc v\u00e0 \u0111\u1ec3 c\u1ea3i thi\u1ec7n tr\u00ecnh \u0111\u1ed9 ti\u1ebfng anh c\u1ee7a b\u1ea1n th\u00ec b\u1ea1n n\u00ean ch\u1ecdn Baguio!<\/p>  \r\n \r\n<h2>Kh\u00ed h\u1eadu v\u00e0 th\u1eddi ti\u1ebft<\/h2>\r\n<img decoding=\"async\" src=\"https:\/\/walesph.com\/wp-content\/uploads\/2018\/05\/weather_graph_vi.png\" class=\"rset\" alt=\"Baguio's monthly temperature and precipitation(2017)\">\r\n<p>Nhi\u1ec1u ng\u01b0\u1eddi r\u1eb1ng tr\u1eddi s\u1ebd \u00e2m ho\u1eb7c n\u00f3ng \u1edf Philippines b\u1edfi v\u00ec n\u00f3 l\u00e0 th\u00e0nh ph\u1ed1 nhi\u1ec7t \u0111\u1edbi.<br \/>Th\u1ef1c ra th\u00ec th\u1eddi ti\u1ebft \u1edf Baguio th\u01b0\u1eddng M\u00c1T ho\u1eb7c L\u1ea0NH h\u1ea7u h\u1ebft nh\u1eefng ng\u00e0y trong n\u0103m (12~26 \u0111\u1ed9)<\/p>\r\n<p>Cho n\u00ean n\u1ebfu b\u1ea1n th\u00edch tr\u1eddi l\u1ea1nh h\u01a1n th\u00ec b\u1ea1n n\u00ean \u0111\u1ebfn Baguio! V\u00e0 mang theo \u00e1o kho\u00e1c.<br \/>D\u0129 nhi\u00ean, th\u1eddi ti\u1ebft GI\u1ed0NG NHAU, b\u1ea1n n\u00ean chu\u1ea9n b\u1ecb cho m\u01b0a v\u00e0 b\u00e3o khi m\u00f9a m\u01b0a \u0111\u1ebfn (th\u00e1ng 5 ~ th\u00e1ng 9)<\/p>\r\n  \r\n<h2>V\u1ec1 an to\u00e0n<\/h2>\r\n<img loading=\"lazy\" decoding=\"async\" src=\"https:\/\/walesph.com\/wp-content\/uploads\/2019\/03\/img_baguio03.jpg\" alt=\"at night in Baguio\" width=\"420\" height=\"260\" class=\"size-full wp-image-7774 rset\" srcset=\"https:\/\/walesph.com\/wp-content\/uploads\/2019\/03\/img_baguio03.jpg 420w, https:\/\/walesph.com\/wp-content\/uploads\/2019\/03\/img_baguio03-300x186.jpg 300w\" sizes=\"auto, (max-width: 420px) 85vw, 420px\" \/>\r\n<p>B\u1ea1n c\u00f3 mu\u1ed1n m\u1ed9t n\u01a1i AN TO\u00c0N v\u00e0 TR\u1eacT T\u1ef0 cao \u0111\u1ec3 \u1edf v\u00e0 h\u1ecdc?<br \/>\r\nBaguio l\u00e0 n\u01a1i t\u1ed1t nh\u1ea5t d\u00e0nh cho b\u1ea1n!<\/p>\r\n\r\n<h2>Gi\u00e1 r\u1ebb<\/h2>\r\n<p>B\u1edfi v\u00ec Baguio \u1edf xa trung t\u00e2m n\u00ean d\u1ecbch v\u1ee5 v\u00e0 gi\u00e1 c\u1ea3 r\u1ea5t R\u1eba.<br \/>\r\nN\u1ebfu b\u1ea1n th\u00edch mua s\u1eafm, \u0103n \u1edf ngo\u00e0i, \u0111i l\u00e0m \u0111\u1eb9p, ho\u1eb7c ch\u1ec9 \u0111i ch\u01a1i v\u1edbi b\u1ea1n b\u00e8 nh\u01b0ng GI\u1edaI H\u1ea0N KINH T\u1ebe, th\u00ec Baguio l\u00e0 n\u01a1i t\u1ed1t nh\u1ea5t.<\/p>\r\n<img decoding=\"async\" src=\"https:\/\/walesph.com\/wp-content\/uploads\/2018\/04\/img_baguio02.jpg\" class=\"rsp10\" alt=\"The Night Market\"><img decoding=\"async\" src=\"https:\/\/walesph.com\/wp-content\/uploads\/2018\/04\/img_baguio03.jpg\" alt=\"State of Baguio\">\r\n","protected":false},"excerpt":{"rendered":"<p>M\u1ed9t trong nh\u1eefng th\u00e0nh ph\u1ed1 h\u1ecdc th\u1ee9c c\u1ee7a Philippines B\u1ea1n c\u00f3 bi\u1ebft r\u1eb1ng Baguio c\u00f3 s\u1ed1 l\u01b0\u1ee3ng l\u1edbn nh\u1ea5t v\u1ec1 tr\u01b0\u1eddng h\u1ecdc v\u00e0 tr\u01b0\u1eddng \u0111\u1ea1i h\u1ecdc v\u00e0 tr\u01b0\u1eddng anh ng\u1eef ph\u00eda b\u1eafc Manila? V\u00e0 Baguio l\u00e0 th\u00e0nh ph\u1ed1 c\u1ee7a M\u1ef9. V\u00ec v\u1eady, ti\u1ebfng anh \u0111\u01b0\u1ee3c s\u1eed d\u1ee5ng r\u1ed9ng r\u00e3i oqr th\u00e0nh ph\u1ed1 n\u00e0y. Cho n\u00ean n\u1ebfu b\u1ea1n mu\u1ed1n h\u1ecdc v\u00e0 \u0111\u1ec3 c\u1ea3i thi\u1ec7n tr\u00ecnh \u0111\u1ed9 ti\u1ebfng anh c\u1ee7a b\u1ea1n th\u00ec b\u1ea1n n\u00ean ch\u1ecdn Baguio! Kh\u00ed h\u1eadu v\u00e0 th\u1eddi ti\u1ebft Nhi\u1ec1u &hellip; <a href=\"https:\/\/walesph.com\/vi\/aboutus\/about-baguio\/\" class=\"more-link\">Read More<span class=\"screen-reader-text\"> &#8220;GI\u1edaI THI\u1ec6U V\u1ec0 BAGUIO&#8221;<\/span><\/a><\/p>\n","protected":false},"author":1,"featured_media":0,"parent":4266,"menu_order":0,"comment_status":"closed","ping_status":"closed","template":"","meta":{"_mc_calendar":[],"_vp_format_video_url":"","_vp_image_focal_point":[],"footnotes":""},"class_list":["post-4268","page","type-page","status-publish","hentry"],"yoast_head":"<!-- This site is optimized with the Yoast SEO plugin v24.8.1 - https:\/\/yoast.com\/wordpress\/plugins\/seo\/ -->\n<title>GI\u1edaI THI\u1ec6U V\u1ec0 BAGUIO | Tr\u01b0\u1eddng anh ng\u1eef WALES \u1edf Baguio, Philippines<\/title>\n<meta name=\"description\" content=\"B\u1ea1n c\u00f3 bi\u1ebft r\u1eb1ng Baguio c\u00f3 s\u1ed1 l\u01b0\u1ee3ng l\u1edbn nh\u1ea5t v\u1ec1 tr\u01b0\u1eddng h\u1ecdc v\u00e0 tr\u01b0\u1eddng \u0111\u1ea1i h\u1ecdc v\u00e0 tr\u01b0\u1eddng anh ng\u1eef ph\u00eda b\u1eafc Manila? V\u00e0 Baguio l\u00e0 th\u00e0nh ph\u1ed1 c\u1ee7a M\u1ef9. V\u00ec v\u1eady, ti\u1ebfng anh \u0111\u01b0\u1ee3c s\u1eed d\u1ee5ng r\u1ed9ng r\u00e3i oqr th\u00e0nh ph\u1ed1 n\u00e0y. Cho n\u00ean n\u1ebfu b\u1ea1n mu\u1ed1n h\u1ecdc v\u00e0 \u0111\u1ec3 c\u1ea3i thi\u1ec7n tr\u00ecnh \u0111\u1ed9 ti\u1ebfng anh c\u1ee7a b\u1ea1n th\u00ec b\u1ea1n n\u00ean ch\u1ecdn Baguio!\" \/>\n<meta name=\"robots\" content=\"index, follow, max-snippet:-1, max-image-preview:large, max-video-preview:-1\" \/>\n<link rel=\"canonical\" href=\"https:\/\/walesph.com\/vi\/aboutus\/about-baguio\/\" \/>\n<meta property=\"og:locale\" content=\"vi_VN\" \/>\n<meta property=\"og:type\" content=\"article\" \/>\n<meta property=\"og:title\" content=\"GI\u1edaI THI\u1ec6U V\u1ec0 BAGUIO | Tr\u01b0\u1eddng anh ng\u1eef WALES \u1edf Baguio, Philippines\" \/>\n<meta property=\"og:description\" content=\"B\u1ea1n c\u00f3 bi\u1ebft r\u1eb1ng Baguio c\u00f3 s\u1ed1 l\u01b0\u1ee3ng l\u1edbn nh\u1ea5t v\u1ec1 tr\u01b0\u1eddng h\u1ecdc v\u00e0 tr\u01b0\u1eddng \u0111\u1ea1i h\u1ecdc v\u00e0 tr\u01b0\u1eddng anh ng\u1eef ph\u00eda b\u1eafc Manila? V\u00e0 Baguio l\u00e0 th\u00e0nh ph\u1ed1 c\u1ee7a M\u1ef9. V\u00ec v\u1eady, ti\u1ebfng anh \u0111\u01b0\u1ee3c s\u1eed d\u1ee5ng r\u1ed9ng r\u00e3i oqr th\u00e0nh ph\u1ed1 n\u00e0y. Cho n\u00ean n\u1ebfu b\u1ea1n mu\u1ed1n h\u1ecdc v\u00e0 \u0111\u1ec3 c\u1ea3i thi\u1ec7n tr\u00ecnh \u0111\u1ed9 ti\u1ebfng anh c\u1ee7a b\u1ea1n th\u00ec b\u1ea1n n\u00ean ch\u1ecdn Baguio!\" \/>\n<meta property=\"og:url\" content=\"https:\/\/walesph.com\/vi\/aboutus\/about-baguio\/\" \/>\n<meta property=\"og:site_name\" content=\"WALES Academy - English Study in Baguio, Philippines\" \/>\n<meta property=\"article:modified_time\" content=\"2019-03-30T09:21:03+00:00\" \/>\n<meta property=\"og:image\" content=\"https:\/\/walesph.com\/wp-content\/uploads\/2019\/03\/img_baguio2_main.jpg\" \/>\n<meta name=\"twitter:card\" content=\"summary_large_image\" \/>\n<meta name=\"twitter:label1\" content=\"Est. reading time\" \/>\n\t<meta name=\"twitter:data1\" content=\"2 minutes\" \/>\n<script type=\"application\/ld+json\" class=\"yoast-schema-graph\">{\"@context\":\"https:\/\/schema.org\",\"@graph\":[{\"@type\":\"WebPage\",\"@id\":\"https:\/\/walesph.com\/vi\/aboutus\/about-baguio\/\",\"url\":\"https:\/\/walesph.com\/vi\/aboutus\/about-baguio\/\",\"name\":\"GI\u1edaI THI\u1ec6U V\u1ec0 BAGUIO | Tr\u01b0\u1eddng anh ng\u1eef WALES \u1edf Baguio, Philippines\",\"isPartOf\":{\"@id\":\"https:\/\/walesph.com\/vi\/#website\"},\"primaryImageOfPage\":{\"@id\":\"https:\/\/walesph.com\/vi\/aboutus\/about-baguio\/#primaryimage\"},\"image\":{\"@id\":\"https:\/\/walesph.com\/vi\/aboutus\/about-baguio\/#primaryimage\"},\"thumbnailUrl\":\"https:\/\/walesph.com\/wp-content\/uploads\/2019\/03\/img_baguio2_main.jpg\",\"datePublished\":\"2018-03-09T15:24:14+00:00\",\"dateModified\":\"2019-03-30T09:21:03+00:00\",\"description\":\"B\u1ea1n c\u00f3 bi\u1ebft r\u1eb1ng Baguio c\u00f3 s\u1ed1 l\u01b0\u1ee3ng l\u1edbn nh\u1ea5t v\u1ec1 tr\u01b0\u1eddng h\u1ecdc v\u00e0 tr\u01b0\u1eddng \u0111\u1ea1i h\u1ecdc v\u00e0 tr\u01b0\u1eddng anh ng\u1eef ph\u00eda b\u1eafc Manila? V\u00e0 Baguio l\u00e0 th\u00e0nh ph\u1ed1 c\u1ee7a M\u1ef9. V\u00ec v\u1eady, ti\u1ebfng anh \u0111\u01b0\u1ee3c s\u1eed d\u1ee5ng r\u1ed9ng r\u00e3i oqr th\u00e0nh ph\u1ed1 n\u00e0y. Cho n\u00ean n\u1ebfu b\u1ea1n mu\u1ed1n h\u1ecdc v\u00e0 \u0111\u1ec3 c\u1ea3i thi\u1ec7n tr\u00ecnh \u0111\u1ed9 ti\u1ebfng anh c\u1ee7a b\u1ea1n th\u00ec b\u1ea1n n\u00ean ch\u1ecdn Baguio!\",\"breadcrumb\":{\"@id\":\"https:\/\/walesph.com\/vi\/aboutus\/about-baguio\/#breadcrumb\"},\"inLanguage\":\"vi-VN\",\"potentialAction\":[{\"@type\":\"ReadAction\",\"target\":[\"https:\/\/walesph.com\/vi\/aboutus\/about-baguio\/\"]}]},{\"@type\":\"ImageObject\",\"inLanguage\":\"vi-VN\",\"@id\":\"https:\/\/walesph.com\/vi\/aboutus\/about-baguio\/#primaryimage\",\"url\":\"https:\/\/walesph.com\/wp-content\/uploads\/2019\/03\/img_baguio2_main.jpg\",\"contentUrl\":\"https:\/\/walesph.com\/wp-content\/uploads\/2019\/03\/img_baguio2_main.jpg\"},{\"@type\":\"BreadcrumbList\",\"@id\":\"https:\/\/walesph.com\/vi\/aboutus\/about-baguio\/#breadcrumb\",\"itemListElement\":[{\"@type\":\"ListItem\",\"position\":1,\"name\":\"Home\",\"item\":\"https:\/\/walesph.com\/vi\/\"},{\"@type\":\"ListItem\",\"position\":2,\"name\":\"GI\u1edaI THI\u1ec6U V\u1ec0 WALES\",\"item\":\"https:\/\/walesph.com\/vi\/aboutus\/\"},{\"@type\":\"ListItem\",\"position\":3,\"name\":\"GI\u1edaI THI\u1ec6U V\u1ec0 BAGUIO\"}]},{\"@type\":\"WebSite\",\"@id\":\"https:\/\/walesph.com\/vi\/#website\",\"url\":\"https:\/\/walesph.com\/vi\/\",\"name\":\"WALES Academy - English Study in Baguio, Philippines\",\"description\":\"Study ESL, IELTS, TOEIC, TOEFL | Best choice to improve your English skill | located in Baguio City, Philippines\",\"publisher\":{\"@id\":\"https:\/\/walesph.com\/vi\/#organization\"},\"potentialAction\":[{\"@type\":\"SearchAction\",\"target\":{\"@type\":\"EntryPoint\",\"urlTemplate\":\"https:\/\/walesph.com\/vi\/?s={search_term_string}\"},\"query-input\":{\"@type\":\"PropertyValueSpecification\",\"valueRequired\":true,\"valueName\":\"search_term_string\"}}],\"inLanguage\":\"vi-VN\"},{\"@type\":\"Organization\",\"@id\":\"https:\/\/walesph.com\/vi\/#organization\",\"name\":\"WALES (Widest Asian Learners English School Inc.)\",\"url\":\"https:\/\/walesph.com\/vi\/\",\"logo\":{\"@type\":\"ImageObject\",\"inLanguage\":\"vi-VN\",\"@id\":\"https:\/\/walesph.com\/vi\/#\/schema\/logo\/image\/\",\"url\":\"https:\/\/walesph.com\/wp-content\/uploads\/2018\/06\/logo.png\",\"contentUrl\":\"https:\/\/walesph.com\/wp-content\/uploads\/2018\/06\/logo.png\",\"width\":673,\"height\":670,\"caption\":\"WALES (Widest Asian Learners English School Inc.)\"},\"image\":{\"@id\":\"https:\/\/walesph.com\/vi\/#\/schema\/logo\/image\/\"},\"sameAs\":[\"https:\/\/www.youtube.com\/channel\/UCIfHXHa0sKYDBZKnGPKqmxg\"]}]}<\/script>\n<!-- \/ Yoast SEO plugin. -->","yoast_head_json":{"title":"GI\u1edaI THI\u1ec6U V\u1ec0 BAGUIO | Tr\u01b0\u1eddng anh ng\u1eef WALES \u1edf Baguio, Philippines","description":"B\u1ea1n c\u00f3 bi\u1ebft r\u1eb1ng Baguio c\u00f3 s\u1ed1 l\u01b0\u1ee3ng l\u1edbn nh\u1ea5t v\u1ec1 tr\u01b0\u1eddng h\u1ecdc v\u00e0 tr\u01b0\u1eddng \u0111\u1ea1i h\u1ecdc v\u00e0 tr\u01b0\u1eddng anh ng\u1eef ph\u00eda b\u1eafc Manila? V\u00e0 Baguio l\u00e0 th\u00e0nh ph\u1ed1 c\u1ee7a M\u1ef9. V\u00ec v\u1eady, ti\u1ebfng anh \u0111\u01b0\u1ee3c s\u1eed d\u1ee5ng r\u1ed9ng r\u00e3i oqr th\u00e0nh ph\u1ed1 n\u00e0y. Cho n\u00ean n\u1ebfu b\u1ea1n mu\u1ed1n h\u1ecdc v\u00e0 \u0111\u1ec3 c\u1ea3i thi\u1ec7n tr\u00ecnh \u0111\u1ed9 ti\u1ebfng anh c\u1ee7a b\u1ea1n th\u00ec b\u1ea1n n\u00ean ch\u1ecdn Baguio!","robots":{"index":"index","follow":"follow","max-snippet":"max-snippet:-1","max-image-preview":"max-image-preview:large","max-video-preview":"max-video-preview:-1"},"canonical":"https:\/\/walesph.com\/vi\/aboutus\/about-baguio\/","og_locale":"vi_VN","og_type":"article","og_title":"GI\u1edaI THI\u1ec6U V\u1ec0 BAGUIO | Tr\u01b0\u1eddng anh ng\u1eef WALES \u1edf Baguio, Philippines","og_description":"B\u1ea1n c\u00f3 bi\u1ebft r\u1eb1ng Baguio c\u00f3 s\u1ed1 l\u01b0\u1ee3ng l\u1edbn nh\u1ea5t v\u1ec1 tr\u01b0\u1eddng h\u1ecdc v\u00e0 tr\u01b0\u1eddng \u0111\u1ea1i h\u1ecdc v\u00e0 tr\u01b0\u1eddng anh ng\u1eef ph\u00eda b\u1eafc Manila? V\u00e0 Baguio l\u00e0 th\u00e0nh ph\u1ed1 c\u1ee7a M\u1ef9. V\u00ec v\u1eady, ti\u1ebfng anh \u0111\u01b0\u1ee3c s\u1eed d\u1ee5ng r\u1ed9ng r\u00e3i oqr th\u00e0nh ph\u1ed1 n\u00e0y. Cho n\u00ean n\u1ebfu b\u1ea1n mu\u1ed1n h\u1ecdc v\u00e0 \u0111\u1ec3 c\u1ea3i thi\u1ec7n tr\u00ecnh \u0111\u1ed9 ti\u1ebfng anh c\u1ee7a b\u1ea1n th\u00ec b\u1ea1n n\u00ean ch\u1ecdn Baguio!","og_url":"https:\/\/walesph.com\/vi\/aboutus\/about-baguio\/","og_site_name":"WALES Academy - English Study in Baguio, Philippines","article_modified_time":"2019-03-30T09:21:03+00:00","og_image":[{"url":"https:\/\/walesph.com\/wp-content\/uploads\/2019\/03\/img_baguio2_main.jpg","type":"","width":"","height":""}],"twitter_card":"summary_large_image","twitter_misc":{"Est. reading time":"2 minutes"},"schema":{"@context":"https:\/\/schema.org","@graph":[{"@type":"WebPage","@id":"https:\/\/walesph.com\/vi\/aboutus\/about-baguio\/","url":"https:\/\/walesph.com\/vi\/aboutus\/about-baguio\/","name":"GI\u1edaI THI\u1ec6U V\u1ec0 BAGUIO | Tr\u01b0\u1eddng anh ng\u1eef WALES \u1edf Baguio, Philippines","isPartOf":{"@id":"https:\/\/walesph.com\/vi\/#website"},"primaryImageOfPage":{"@id":"https:\/\/walesph.com\/vi\/aboutus\/about-baguio\/#primaryimage"},"image":{"@id":"https:\/\/walesph.com\/vi\/aboutus\/about-baguio\/#primaryimage"},"thumbnailUrl":"https:\/\/walesph.com\/wp-content\/uploads\/2019\/03\/img_baguio2_main.jpg","datePublished":"2018-03-09T15:24:14+00:00","dateModified":"2019-03-30T09:21:03+00:00","description":"B\u1ea1n c\u00f3 bi\u1ebft r\u1eb1ng Baguio c\u00f3 s\u1ed1 l\u01b0\u1ee3ng l\u1edbn nh\u1ea5t v\u1ec1 tr\u01b0\u1eddng h\u1ecdc v\u00e0 tr\u01b0\u1eddng \u0111\u1ea1i h\u1ecdc v\u00e0 tr\u01b0\u1eddng anh ng\u1eef ph\u00eda b\u1eafc Manila? V\u00e0 Baguio l\u00e0 th\u00e0nh ph\u1ed1 c\u1ee7a M\u1ef9. V\u00ec v\u1eady, ti\u1ebfng anh \u0111\u01b0\u1ee3c s\u1eed d\u1ee5ng r\u1ed9ng r\u00e3i oqr th\u00e0nh ph\u1ed1 n\u00e0y. Cho n\u00ean n\u1ebfu b\u1ea1n mu\u1ed1n h\u1ecdc v\u00e0 \u0111\u1ec3 c\u1ea3i thi\u1ec7n tr\u00ecnh \u0111\u1ed9 ti\u1ebfng anh c\u1ee7a b\u1ea1n th\u00ec b\u1ea1n n\u00ean ch\u1ecdn Baguio!","breadcrumb":{"@id":"https:\/\/walesph.com\/vi\/aboutus\/about-baguio\/#breadcrumb"},"inLanguage":"vi-VN","potentialAction":[{"@type":"ReadAction","target":["https:\/\/walesph.com\/vi\/aboutus\/about-baguio\/"]}]},{"@type":"ImageObject","inLanguage":"vi-VN","@id":"https:\/\/walesph.com\/vi\/aboutus\/about-baguio\/#primaryimage","url":"https:\/\/walesph.com\/wp-content\/uploads\/2019\/03\/img_baguio2_main.jpg","contentUrl":"https:\/\/walesph.com\/wp-content\/uploads\/2019\/03\/img_baguio2_main.jpg"},{"@type":"BreadcrumbList","@id":"https:\/\/walesph.com\/vi\/aboutus\/about-baguio\/#breadcrumb","itemListElement":[{"@type":"ListItem","position":1,"name":"Home","item":"https:\/\/walesph.com\/vi\/"},{"@type":"ListItem","position":2,"name":"GI\u1edaI THI\u1ec6U V\u1ec0 WALES","item":"https:\/\/walesph.com\/vi\/aboutus\/"},{"@type":"ListItem","position":3,"name":"GI\u1edaI THI\u1ec6U V\u1ec0 BAGUIO"}]},{"@type":"WebSite","@id":"https:\/\/walesph.com\/vi\/#website","url":"https:\/\/walesph.com\/vi\/","name":"WALES Academy - English Study in Baguio, Philippines","description":"Study ESL, IELTS, TOEIC, TOEFL | Best choice to improve your English skill | located in Baguio City, Philippines","publisher":{"@id":"https:\/\/walesph.com\/vi\/#organization"},"potentialAction":[{"@type":"SearchAction","target":{"@type":"EntryPoint","urlTemplate":"https:\/\/walesph.com\/vi\/?s={search_term_string}"},"query-input":{"@type":"PropertyValueSpecification","valueRequired":true,"valueName":"search_term_string"}}],"inLanguage":"vi-VN"},{"@type":"Organization","@id":"https:\/\/walesph.com\/vi\/#organization","name":"WALES (Widest Asian Learners English School Inc.)","url":"https:\/\/walesph.com\/vi\/","logo":{"@type":"ImageObject","inLanguage":"vi-VN","@id":"https:\/\/walesph.com\/vi\/#\/schema\/logo\/image\/","url":"https:\/\/walesph.com\/wp-content\/uploads\/2018\/06\/logo.png","contentUrl":"https:\/\/walesph.com\/wp-content\/uploads\/2018\/06\/logo.png","width":673,"height":670,"caption":"WALES (Widest Asian Learners English School Inc.)"},"image":{"@id":"https:\/\/walesph.com\/vi\/#\/schema\/logo\/image\/"},"sameAs":["https:\/\/www.youtube.com\/channel\/UCIfHXHa0sKYDBZKnGPKqmxg"]}]}},"_links":{"self":[{"href":"https:\/\/walesph.com\/vi\/wp-json\/wp\/v2\/pages\/4268","targetHints":{"allow":["GET"]}}],"collection":[{"href":"https:\/\/walesph.com\/vi\/wp-json\/wp\/v2\/pages"}],"about":[{"href":"https:\/\/walesph.com\/vi\/wp-json\/wp\/v2\/types\/page"}],"author":[{"embeddable":true,"href":"https:\/\/walesph.com\/vi\/wp-json\/wp\/v2\/users\/1"}],"replies":[{"embeddable":true,"href":"https:\/\/walesph.com\/vi\/wp-json\/wp\/v2\/comments?post=4268"}],"version-history":[{"count":10,"href":"https:\/\/walesph.com\/vi\/wp-json\/wp\/v2\/pages\/4268\/revisions"}],"predecessor-version":[{"id":7959,"href":"https:\/\/walesph.com\/vi\/wp-json\/wp\/v2\/pages\/4268\/revisions\/7959"}],"up":[{"embeddable":true,"href":"https:\/\/walesph.com\/vi\/wp-json\/wp\/v2\/pages\/4266"}],"wp:attachment":[{"href":"https:\/\/walesph.com\/vi\/wp-json\/wp\/v2\/media?parent=4268"}],"curies":[{"name":"wp","href":"https:\/\/api.w.org\/{rel}","templated":true}]}}