{"id":4266,"date":"2018-03-11T21:38:47","date_gmt":"2018-03-11T13:38:47","guid":{"rendered":"https:\/\/walesph.com\/?page_id=4266"},"modified":"2019-03-30T17:18:58","modified_gmt":"2019-03-30T09:18:58","slug":"aboutus","status":"publish","type":"page","link":"https:\/\/walesph.com\/vi\/aboutus\/","title":{"rendered":"GI\u1edaI THI\u1ec6U V\u1ec0 WALES"},"content":{"rendered":"\r\n<div id=\"pages\">\r\n<h2 class=\"cside\">Widest Asian Learners<br \/>English School<br \/>(WALES, Inc.)<\/h2>\r\n<p class=\"fst\">Tr\u01b0\u1eddng \u0111\u01b0\u1ee3c x\u00e2y t\u1eeb 4\/12\/2006. M\u1ee5c ti\u00eau c\u1ee7a tr\u01b0\u1eddng l\u00e0 cung c\u1ea5p ti\u1ebfng anh ch\u1ea5t l\u01b0\u1ee3ng cao cho h\u1ecdc vi\u00ean \u0111a qu\u1ed1c t\u1ecbch v\u00e0 t\u1ea1o ra nh\u1eefng h\u1ecdc vi\u00ean c\u00f3 kh\u1ea3 n\u0103ng c\u1ea1nh tranh qu\u1ed1c t\u1ebf v\u1edbi k\u0129 n\u0103ng giao ti\u1ebfp tuy\u1ec7t v\u1eddi. Ch\u00fang t\u00f4i \u0111\u1eb7t tr\u1ecdng t\u00e2m \u0111\u1eb7c bi\u1ec7t v\u00e0o k\u0129 n\u0103ng n\u00f3i, \u0111i\u1ec1u n\u00e0y \u0111\u00f3ng g\u00f3p cho s\u1ef1 h\u1ecdc t\u1eadp v\u00e0 c\u00f4ng vi\u1ec7c c\u1ee7a b\u1ea1n trong t\u01b0\u01a1ng lai.<br \/>Ch\u00fang t\u00f4i c\u00f3 gi\u1ea3ng vi\u00ean c\u00f3 kinh nghi\u1ec7m ng\u01b0\u1eddi c\u00f3 th\u1ec3 h\u1ed7 tr\u1ee3 c\u1ea3i thi\u1ec7n ti\u1ebfng anh c\u1ee7a b\u1ea1n. H\u1ecdc vi\u00ean \u1edf \u0111\u00e2y \u0111\u1ebfn t\u1eeb nh\u1eefng khu v\u1ef1c kh\u00e1c nhau nh\u01b0 l\u00e0 \u0110\u00f4ng Nam \u00c1, \u0110\u00f4ng \u00c1, Trung \u0110\u00f4ng, v\u00e0 g\u1ea7n \u0111\u00e2y l\u00e0 M\u1ef9 Latin.  V\u00ec th\u1ebf, b\u1ea1n c\u00f3 th\u1ec3 c\u00f3 nhi\u1ec1u b\u1ea1n t\u1eeb nh\u1eefng qu\u1ed1c t\u1ecbch kh\u00e1c nhau v\u00e0 h\u1ecdc h\u1ecfi v\u1ec1 v\u0103n h\u00f3a c\u1ee7a h\u1ecd.<\/p>\r\n<p>WALES n\u1eb1m \u1edf Baguio, th\u00e0nh ph\u1ed1 mi\u1ec1n n\u00fai ph\u00eda b\u1eafc Manila. C\u00f3 r\u1ea5t nhi\u1ec1u \u0111\u1ecba \u0111i\u1ec3m du l\u1ecbch h\u1ea5p d\u1eabn nh\u1eefng ng\u01b0\u1eddi y\u00eau thi\u00ean nhi\u00ean, ng\u01b0\u1eddi  leo n\u00fai g\u1ea7n tr\u01b0\u1eddng h\u1ecdc. Baguio c\u00f3 kh\u00ed h\u1eadu m\u00e1t m\u1ebb n\u00ean n\u00f3 l\u00e0 n\u01a1i \u1ea5m c\u00fang \u0111\u1ec3 \u1edf v\u00e0 h\u1ecdc t\u1eadp.<\/p>\r\n<p>Du h\u1ecdc n\u01b0\u1edbc ngo\u00e0i l\u00e0 m\u1ed9t kho\u1ea3ng \u0111\u1ea7u t\u01b0 l\u1edbn cho b\u1ea3n th\u00e2n b\u1ea1n v\u00e0 kinh nghi\u1ec7m c\u1ee7a b\u1ea1n t\u00f9y thu\u1ed9c theo \u0111\u1ecba \u0111i\u1ec3m b\u1ea1n ch\u1ecdn.<br \/>\r\nCh\u1ecdn Baguio! Ch\u1ecdn WALES!<br \/><\/p>\r\n<p><a href=\"https:\/\/walesph.com\/aboutus\/baguio\/\"><i class=\"fas fa-arrow-circle-right fa-fw\"><\/i>Gi\u1edbi thi\u1ec7u v\u1ec1 Baguio<\/a><br \/><a href=\"https:\/\/walesph.com\/aboutus\/school-profile\/\"><i class=\"fas fa-arrow-circle-right fa-fw\"><\/i>Gi\u1edbi thi\u1ec7u v\u1ec1 WALES<\/a><\/p>\r\n\r\n<\/div>\r\n","protected":false},"excerpt":{"rendered":"<p>Widest Asian LearnersEnglish School(WALES, Inc.) Tr\u01b0\u1eddng \u0111\u01b0\u1ee3c x\u00e2y t\u1eeb 4\/12\/2006. M\u1ee5c ti\u00eau c\u1ee7a tr\u01b0\u1eddng l\u00e0 cung c\u1ea5p ti\u1ebfng anh ch\u1ea5t l\u01b0\u1ee3ng cao cho h\u1ecdc vi\u00ean \u0111a qu\u1ed1c t\u1ecbch v\u00e0 t\u1ea1o ra nh\u1eefng h\u1ecdc vi\u00ean c\u00f3 kh\u1ea3 n\u0103ng c\u1ea1nh tranh qu\u1ed1c t\u1ebf v\u1edbi k\u0129 n\u0103ng giao ti\u1ebfp tuy\u1ec7t v\u1eddi. Ch\u00fang t\u00f4i \u0111\u1eb7t tr\u1ecdng t\u00e2m \u0111\u1eb7c bi\u1ec7t v\u00e0o k\u0129 n\u0103ng n\u00f3i, \u0111i\u1ec1u n\u00e0y \u0111\u00f3ng g\u00f3p cho s\u1ef1 h\u1ecdc t\u1eadp v\u00e0 c\u00f4ng vi\u1ec7c c\u1ee7a b\u1ea1n trong t\u01b0\u01a1ng lai.Ch\u00fang t\u00f4i c\u00f3 gi\u1ea3ng vi\u00ean c\u00f3 &hellip; <a href=\"https:\/\/walesph.com\/vi\/aboutus\/\" class=\"more-link\">Read More<span class=\"screen-reader-text\"> &#8220;GI\u1edaI THI\u1ec6U V\u1ec0 WALES&#8221;<\/span><\/a><\/p>\n","protected":false},"author":1,"featured_media":0,"parent":0,"menu_order":1,"comment_status":"closed","ping_status":"closed","template":"","meta":{"_mc_calendar":[],"_vp_format_video_url":"","_vp_image_focal_point":[],"footnotes":""},"class_list":["post-4266","page","type-page","status-publish","hentry"],"yoast_head":"<!-- This site is optimized with the Yoast SEO plugin v24.8.1 - https:\/\/yoast.com\/wordpress\/plugins\/seo\/ -->\n<title>GI\u1edaI THI\u1ec6U V\u1ec0 WALES | Tr\u01b0\u1eddng anh ng\u1eef WALES \u1edf Baguio, Philippines<\/title>\n<meta name=\"description\" content=\"Tr\u01b0\u1eddng \u0111\u01b0\u1ee3c x\u00e2y t\u1eeb 4\/12\/2006. M\u1ee5c ti\u00eau c\u1ee7a tr\u01b0\u1eddng l\u00e0 cung c\u1ea5p ti\u1ebfng anh ch\u1ea5t l\u01b0\u1ee3ng cao cho h\u1ecdc vi\u00ean \u0111a qu\u1ed1c t\u1ecbch v\u00e0 t\u1ea1o ra nh\u1eefng h\u1ecdc vi\u00ean c\u00f3 kh\u1ea3 n\u0103ng c\u1ea1nh tranh qu\u1ed1c t\u1ebf v\u1edbi k\u0129 n\u0103ng giao ti\u1ebfp tuy\u1ec7t v\u1eddi. Ch\u00fang t\u00f4i \u0111\u1eb7t tr\u1ecdng t\u00e2m \u0111\u1eb7c bi\u1ec7t v\u00e0o k\u0129 n\u0103ng n\u00f3i, \u0111i\u1ec1u n\u00e0y \u0111\u00f3ng g\u00f3p cho s\u1ef1 h\u1ecdc t\u1eadp v\u00e0 c\u00f4ng vi\u1ec7c c\u1ee7a b\u1ea1n trong t\u01b0\u01a1ng lai.\" \/>\n<meta name=\"robots\" content=\"index, follow, max-snippet:-1, max-image-preview:large, max-video-preview:-1\" \/>\n<link rel=\"canonical\" href=\"https:\/\/walesph.com\/vi\/aboutus\/\" \/>\n<meta property=\"og:locale\" content=\"vi_VN\" \/>\n<meta property=\"og:type\" content=\"article\" \/>\n<meta property=\"og:title\" content=\"GI\u1edaI THI\u1ec6U V\u1ec0 WALES | Tr\u01b0\u1eddng anh ng\u1eef WALES \u1edf Baguio, Philippines\" \/>\n<meta property=\"og:description\" content=\"Tr\u01b0\u1eddng \u0111\u01b0\u1ee3c x\u00e2y t\u1eeb 4\/12\/2006. M\u1ee5c ti\u00eau c\u1ee7a tr\u01b0\u1eddng l\u00e0 cung c\u1ea5p ti\u1ebfng anh ch\u1ea5t l\u01b0\u1ee3ng cao cho h\u1ecdc vi\u00ean \u0111a qu\u1ed1c t\u1ecbch v\u00e0 t\u1ea1o ra nh\u1eefng h\u1ecdc vi\u00ean c\u00f3 kh\u1ea3 n\u0103ng c\u1ea1nh tranh qu\u1ed1c t\u1ebf v\u1edbi k\u0129 n\u0103ng giao ti\u1ebfp tuy\u1ec7t v\u1eddi. Ch\u00fang t\u00f4i \u0111\u1eb7t tr\u1ecdng t\u00e2m \u0111\u1eb7c bi\u1ec7t v\u00e0o k\u0129 n\u0103ng n\u00f3i, \u0111i\u1ec1u n\u00e0y \u0111\u00f3ng g\u00f3p cho s\u1ef1 h\u1ecdc t\u1eadp v\u00e0 c\u00f4ng vi\u1ec7c c\u1ee7a b\u1ea1n trong t\u01b0\u01a1ng lai.\" \/>\n<meta property=\"og:url\" content=\"https:\/\/walesph.com\/vi\/aboutus\/\" \/>\n<meta property=\"og:site_name\" content=\"WALES Academy - English Study in Baguio, Philippines\" \/>\n<meta property=\"article:modified_time\" content=\"2019-03-30T09:18:58+00:00\" \/>\n<meta name=\"twitter:card\" content=\"summary_large_image\" \/>\n<meta name=\"twitter:label1\" content=\"Est. reading time\" \/>\n\t<meta name=\"twitter:data1\" content=\"2 minutes\" \/>\n<script type=\"application\/ld+json\" class=\"yoast-schema-graph\">{\"@context\":\"https:\/\/schema.org\",\"@graph\":[{\"@type\":\"WebPage\",\"@id\":\"https:\/\/walesph.com\/vi\/aboutus\/\",\"url\":\"https:\/\/walesph.com\/vi\/aboutus\/\",\"name\":\"GI\u1edaI THI\u1ec6U V\u1ec0 WALES | Tr\u01b0\u1eddng anh ng\u1eef WALES \u1edf Baguio, Philippines\",\"isPartOf\":{\"@id\":\"https:\/\/walesph.com\/vi\/#website\"},\"datePublished\":\"2018-03-11T13:38:47+00:00\",\"dateModified\":\"2019-03-30T09:18:58+00:00\",\"description\":\"Tr\u01b0\u1eddng \u0111\u01b0\u1ee3c x\u00e2y t\u1eeb 4\/12\/2006. M\u1ee5c ti\u00eau c\u1ee7a tr\u01b0\u1eddng l\u00e0 cung c\u1ea5p ti\u1ebfng anh ch\u1ea5t l\u01b0\u1ee3ng cao cho h\u1ecdc vi\u00ean \u0111a qu\u1ed1c t\u1ecbch v\u00e0 t\u1ea1o ra nh\u1eefng h\u1ecdc vi\u00ean c\u00f3 kh\u1ea3 n\u0103ng c\u1ea1nh tranh qu\u1ed1c t\u1ebf v\u1edbi k\u0129 n\u0103ng giao ti\u1ebfp tuy\u1ec7t v\u1eddi. Ch\u00fang t\u00f4i \u0111\u1eb7t tr\u1ecdng t\u00e2m \u0111\u1eb7c bi\u1ec7t v\u00e0o k\u0129 n\u0103ng n\u00f3i, \u0111i\u1ec1u n\u00e0y \u0111\u00f3ng g\u00f3p cho s\u1ef1 h\u1ecdc t\u1eadp v\u00e0 c\u00f4ng vi\u1ec7c c\u1ee7a b\u1ea1n trong t\u01b0\u01a1ng lai.\",\"breadcrumb\":{\"@id\":\"https:\/\/walesph.com\/vi\/aboutus\/#breadcrumb\"},\"inLanguage\":\"vi-VN\",\"potentialAction\":[{\"@type\":\"ReadAction\",\"target\":[\"https:\/\/walesph.com\/vi\/aboutus\/\"]}]},{\"@type\":\"BreadcrumbList\",\"@id\":\"https:\/\/walesph.com\/vi\/aboutus\/#breadcrumb\",\"itemListElement\":[{\"@type\":\"ListItem\",\"position\":1,\"name\":\"Home\",\"item\":\"https:\/\/walesph.com\/vi\/\"},{\"@type\":\"ListItem\",\"position\":2,\"name\":\"GI\u1edaI THI\u1ec6U V\u1ec0 WALES\"}]},{\"@type\":\"WebSite\",\"@id\":\"https:\/\/walesph.com\/vi\/#website\",\"url\":\"https:\/\/walesph.com\/vi\/\",\"name\":\"WALES Academy - English Study in Baguio, Philippines\",\"description\":\"Study ESL, IELTS, TOEIC, TOEFL | Best choice to improve your English skill | located in Baguio City, Philippines\",\"publisher\":{\"@id\":\"https:\/\/walesph.com\/vi\/#organization\"},\"potentialAction\":[{\"@type\":\"SearchAction\",\"target\":{\"@type\":\"EntryPoint\",\"urlTemplate\":\"https:\/\/walesph.com\/vi\/?s={search_term_string}\"},\"query-input\":{\"@type\":\"PropertyValueSpecification\",\"valueRequired\":true,\"valueName\":\"search_term_string\"}}],\"inLanguage\":\"vi-VN\"},{\"@type\":\"Organization\",\"@id\":\"https:\/\/walesph.com\/vi\/#organization\",\"name\":\"WALES (Widest Asian Learners English School Inc.)\",\"url\":\"https:\/\/walesph.com\/vi\/\",\"logo\":{\"@type\":\"ImageObject\",\"inLanguage\":\"vi-VN\",\"@id\":\"https:\/\/walesph.com\/vi\/#\/schema\/logo\/image\/\",\"url\":\"https:\/\/walesph.com\/wp-content\/uploads\/2018\/06\/logo.png\",\"contentUrl\":\"https:\/\/walesph.com\/wp-content\/uploads\/2018\/06\/logo.png\",\"width\":673,\"height\":670,\"caption\":\"WALES (Widest Asian Learners English School Inc.)\"},\"image\":{\"@id\":\"https:\/\/walesph.com\/vi\/#\/schema\/logo\/image\/\"},\"sameAs\":[\"https:\/\/www.youtube.com\/channel\/UCIfHXHa0sKYDBZKnGPKqmxg\"]}]}<\/script>\n<!-- \/ Yoast SEO plugin. -->","yoast_head_json":{"title":"GI\u1edaI THI\u1ec6U V\u1ec0 WALES | Tr\u01b0\u1eddng anh ng\u1eef WALES \u1edf Baguio, Philippines","description":"Tr\u01b0\u1eddng \u0111\u01b0\u1ee3c x\u00e2y t\u1eeb 4\/12\/2006. M\u1ee5c ti\u00eau c\u1ee7a tr\u01b0\u1eddng l\u00e0 cung c\u1ea5p ti\u1ebfng anh ch\u1ea5t l\u01b0\u1ee3ng cao cho h\u1ecdc vi\u00ean \u0111a qu\u1ed1c t\u1ecbch v\u00e0 t\u1ea1o ra nh\u1eefng h\u1ecdc vi\u00ean c\u00f3 kh\u1ea3 n\u0103ng c\u1ea1nh tranh qu\u1ed1c t\u1ebf v\u1edbi k\u0129 n\u0103ng giao ti\u1ebfp tuy\u1ec7t v\u1eddi. Ch\u00fang t\u00f4i \u0111\u1eb7t tr\u1ecdng t\u00e2m \u0111\u1eb7c bi\u1ec7t v\u00e0o k\u0129 n\u0103ng n\u00f3i, \u0111i\u1ec1u n\u00e0y \u0111\u00f3ng g\u00f3p cho s\u1ef1 h\u1ecdc t\u1eadp v\u00e0 c\u00f4ng vi\u1ec7c c\u1ee7a b\u1ea1n trong t\u01b0\u01a1ng lai.","robots":{"index":"index","follow":"follow","max-snippet":"max-snippet:-1","max-image-preview":"max-image-preview:large","max-video-preview":"max-video-preview:-1"},"canonical":"https:\/\/walesph.com\/vi\/aboutus\/","og_locale":"vi_VN","og_type":"article","og_title":"GI\u1edaI THI\u1ec6U V\u1ec0 WALES | Tr\u01b0\u1eddng anh ng\u1eef WALES \u1edf Baguio, Philippines","og_description":"Tr\u01b0\u1eddng \u0111\u01b0\u1ee3c x\u00e2y t\u1eeb 4\/12\/2006. M\u1ee5c ti\u00eau c\u1ee7a tr\u01b0\u1eddng l\u00e0 cung c\u1ea5p ti\u1ebfng anh ch\u1ea5t l\u01b0\u1ee3ng cao cho h\u1ecdc vi\u00ean \u0111a qu\u1ed1c t\u1ecbch v\u00e0 t\u1ea1o ra nh\u1eefng h\u1ecdc vi\u00ean c\u00f3 kh\u1ea3 n\u0103ng c\u1ea1nh tranh qu\u1ed1c t\u1ebf v\u1edbi k\u0129 n\u0103ng giao ti\u1ebfp tuy\u1ec7t v\u1eddi. Ch\u00fang t\u00f4i \u0111\u1eb7t tr\u1ecdng t\u00e2m \u0111\u1eb7c bi\u1ec7t v\u00e0o k\u0129 n\u0103ng n\u00f3i, \u0111i\u1ec1u n\u00e0y \u0111\u00f3ng g\u00f3p cho s\u1ef1 h\u1ecdc t\u1eadp v\u00e0 c\u00f4ng vi\u1ec7c c\u1ee7a b\u1ea1n trong t\u01b0\u01a1ng lai.","og_url":"https:\/\/walesph.com\/vi\/aboutus\/","og_site_name":"WALES Academy - English Study in Baguio, Philippines","article_modified_time":"2019-03-30T09:18:58+00:00","twitter_card":"summary_large_image","twitter_misc":{"Est. reading time":"2 minutes"},"schema":{"@context":"https:\/\/schema.org","@graph":[{"@type":"WebPage","@id":"https:\/\/walesph.com\/vi\/aboutus\/","url":"https:\/\/walesph.com\/vi\/aboutus\/","name":"GI\u1edaI THI\u1ec6U V\u1ec0 WALES | Tr\u01b0\u1eddng anh ng\u1eef WALES \u1edf Baguio, Philippines","isPartOf":{"@id":"https:\/\/walesph.com\/vi\/#website"},"datePublished":"2018-03-11T13:38:47+00:00","dateModified":"2019-03-30T09:18:58+00:00","description":"Tr\u01b0\u1eddng \u0111\u01b0\u1ee3c x\u00e2y t\u1eeb 4\/12\/2006. M\u1ee5c ti\u00eau c\u1ee7a tr\u01b0\u1eddng l\u00e0 cung c\u1ea5p ti\u1ebfng anh ch\u1ea5t l\u01b0\u1ee3ng cao cho h\u1ecdc vi\u00ean \u0111a qu\u1ed1c t\u1ecbch v\u00e0 t\u1ea1o ra nh\u1eefng h\u1ecdc vi\u00ean c\u00f3 kh\u1ea3 n\u0103ng c\u1ea1nh tranh qu\u1ed1c t\u1ebf v\u1edbi k\u0129 n\u0103ng giao ti\u1ebfp tuy\u1ec7t v\u1eddi. Ch\u00fang t\u00f4i \u0111\u1eb7t tr\u1ecdng t\u00e2m \u0111\u1eb7c bi\u1ec7t v\u00e0o k\u0129 n\u0103ng n\u00f3i, \u0111i\u1ec1u n\u00e0y \u0111\u00f3ng g\u00f3p cho s\u1ef1 h\u1ecdc t\u1eadp v\u00e0 c\u00f4ng vi\u1ec7c c\u1ee7a b\u1ea1n trong t\u01b0\u01a1ng lai.","breadcrumb":{"@id":"https:\/\/walesph.com\/vi\/aboutus\/#breadcrumb"},"inLanguage":"vi-VN","potentialAction":[{"@type":"ReadAction","target":["https:\/\/walesph.com\/vi\/aboutus\/"]}]},{"@type":"BreadcrumbList","@id":"https:\/\/walesph.com\/vi\/aboutus\/#breadcrumb","itemListElement":[{"@type":"ListItem","position":1,"name":"Home","item":"https:\/\/walesph.com\/vi\/"},{"@type":"ListItem","position":2,"name":"GI\u1edaI THI\u1ec6U V\u1ec0 WALES"}]},{"@type":"WebSite","@id":"https:\/\/walesph.com\/vi\/#website","url":"https:\/\/walesph.com\/vi\/","name":"WALES Academy - English Study in Baguio, Philippines","description":"Study ESL, IELTS, TOEIC, TOEFL | Best choice to improve your English skill | located in Baguio City, Philippines","publisher":{"@id":"https:\/\/walesph.com\/vi\/#organization"},"potentialAction":[{"@type":"SearchAction","target":{"@type":"EntryPoint","urlTemplate":"https:\/\/walesph.com\/vi\/?s={search_term_string}"},"query-input":{"@type":"PropertyValueSpecification","valueRequired":true,"valueName":"search_term_string"}}],"inLanguage":"vi-VN"},{"@type":"Organization","@id":"https:\/\/walesph.com\/vi\/#organization","name":"WALES (Widest Asian Learners English School Inc.)","url":"https:\/\/walesph.com\/vi\/","logo":{"@type":"ImageObject","inLanguage":"vi-VN","@id":"https:\/\/walesph.com\/vi\/#\/schema\/logo\/image\/","url":"https:\/\/walesph.com\/wp-content\/uploads\/2018\/06\/logo.png","contentUrl":"https:\/\/walesph.com\/wp-content\/uploads\/2018\/06\/logo.png","width":673,"height":670,"caption":"WALES (Widest Asian Learners English School Inc.)"},"image":{"@id":"https:\/\/walesph.com\/vi\/#\/schema\/logo\/image\/"},"sameAs":["https:\/\/www.youtube.com\/channel\/UCIfHXHa0sKYDBZKnGPKqmxg"]}]}},"_links":{"self":[{"href":"https:\/\/walesph.com\/vi\/wp-json\/wp\/v2\/pages\/4266","targetHints":{"allow":["GET"]}}],"collection":[{"href":"https:\/\/walesph.com\/vi\/wp-json\/wp\/v2\/pages"}],"about":[{"href":"https:\/\/walesph.com\/vi\/wp-json\/wp\/v2\/types\/page"}],"author":[{"embeddable":true,"href":"https:\/\/walesph.com\/vi\/wp-json\/wp\/v2\/users\/1"}],"replies":[{"embeddable":true,"href":"https:\/\/walesph.com\/vi\/wp-json\/wp\/v2\/comments?post=4266"}],"version-history":[{"count":7,"href":"https:\/\/walesph.com\/vi\/wp-json\/wp\/v2\/pages\/4266\/revisions"}],"predecessor-version":[{"id":7953,"href":"https:\/\/walesph.com\/vi\/wp-json\/wp\/v2\/pages\/4266\/revisions\/7953"}],"wp:attachment":[{"href":"https:\/\/walesph.com\/vi\/wp-json\/wp\/v2\/media?parent=4266"}],"curies":[{"name":"wp","href":"https:\/\/api.w.org\/{rel}","templated":true}]}}